{"id":1082,"date":"2020-08-02T22:01:41","date_gmt":"2020-08-03T01:01:41","guid":{"rendered":"https:\/\/issp-slu.infd.edu.ar\/sitio\/?page_id=1082"},"modified":"2024-02-22T13:25:31","modified_gmt":"2024-02-22T16:25:31","slug":"cursos-issp-2020","status":"publish","type":"page","link":"https:\/\/issp-slu.infd.edu.ar\/sitio\/cursos-issp-2020\/","title":{"rendered":"Cohorte 2020"},"content":{"rendered":"<h4 style=\"text-align: left;\"><span style=\"color: #354393;\"><strong>Curso<\/strong> Avanzado<strong> en <\/strong><strong>Lucha contra el Narcotr\u00e1fico y Lavado de Activos<\/strong><\/span><\/h4>\n<p style=\"text-align: left;\"><span style=\"color: #4aacc4;\"><a style=\"color: #4aacc4;\" href=\"https:\/\/drive.google.com\/file\/d\/1h-_UXk_AktvqhvlYayRrUSrIhFPwkF9e\/view?usp=sharing\">Resoluci\u00f3n N\u00ba 148-PES-2020<\/a><\/span><\/p>\n<div style=\"text-align: left;\"><strong>Destinatarios:<\/strong>\u00a0<span style=\"font-weight: 400;\">Egresados <\/span><span style=\"font-weight: 400;\">del <\/span><span style=\"font-weight: 400;\">Instituto <\/span><span style=\"font-weight: 400;\">Superior de <\/span><span style=\"font-weight: 400;\">Seguridad <\/span><span style=\"font-weight: 400;\">P\u00fablica <\/span><span style=\"font-weight: 400;\">\u00ab<\/span><span style=\"font-weight: 400;\">Coronel <\/span><span style=\"font-weight: 400;\">Juan <\/span><span style=\"font-weight: 400;\">Pascual <\/span><span style=\"font-weight: 400;\">Pringles<\/span><span style=\"font-weight: 400;\">\u00ab<\/span><span style=\"font-weight: 400;\">, <\/span><span style=\"font-weight: 400;\">con <\/span><span style=\"font-weight: 400;\">el t\u00edtulo <\/span><span style=\"font-weight: 400;\">de <\/span><span style=\"font-weight: 400;\">T\u00e9cnico <\/span><span style=\"font-weight: 400;\">Superior <\/span><span style=\"font-weight: 400;\">en <\/span><span style=\"font-weight: 400;\">Seguridad <\/span><span style=\"font-weight: 400;\">P\u00fablica <\/span><span style=\"font-weight: 400;\">o <\/span><span style=\"font-weight: 400;\">T\u00e9cnico <\/span><span style=\"font-weight: 400;\">Superior <\/span><span style=\"font-weight: 400;\">en <\/span><span style=\"font-weight: 400;\">Seguridad <\/span><span style=\"font-weight: 400;\">P\u00fablica orientado <\/span><span style=\"font-weight: 400;\">a la <\/span><span style=\"font-weight: 400;\">Formaci\u00f3n <\/span><span style=\"font-weight: 400;\">de <\/span><span style=\"font-weight: 400;\">Agentes <\/span><span style=\"font-weight: 400;\">Penitenciarios <\/span><span style=\"font-weight: 400;\">y <\/span><span style=\"font-weight: 400;\">que <\/span><span style=\"font-weight: 400;\">hasta <\/span><span style=\"font-weight: 400;\">el <\/span><span style=\"font-weight: 400;\">inicio <\/span><span style=\"font-weight: 400;\">del <\/span><span style=\"font-weight: 400;\">curso no <\/span><span style=\"font-weight: 400;\">hayan <\/span><span style=\"font-weight: 400;\">ingresado <\/span><span style=\"font-weight: 400;\">a <\/span><span style=\"font-weight: 400;\">las <\/span><span style=\"font-weight: 400;\">fuerzas <\/span><span style=\"font-weight: 400;\">de <\/span><span style=\"font-weight: 400;\">seguridad <\/span><span style=\"font-weight: 400;\">de <\/span><span style=\"font-weight: 400;\">la <\/span><span style=\"font-weight: 400;\">Provincia <\/span><span style=\"font-weight: 400;\">de <\/span><span style=\"font-weight: 400;\">San <\/span><span style=\"font-weight: 400;\">Luis.\u00a0<\/span><\/div>\n<div style=\"text-align: left;\"><strong>Modalidad:<\/strong>\u00a0Semipresencial.\u00a0<strong>Carga horaria total:<\/strong>\u00a096 hs. reloj.\u00a0\u00a0<strong>Fecha de inicio:<\/strong>\u00a029 de octubre de 2020.\u00a0 \u00a0<strong>Cupo:<\/strong> 120 personas.<\/div>\n<hr \/>\n<h4 style=\"text-align: left;\"><span style=\"color: #354393;\">Curso <em>Actualizaci\u00f3n en DDHH en la Formaci\u00f3n Policial y Penitenciaria<\/em>\u00a0<\/span><\/h4>\n<p style=\"text-align: left;\"><span style=\"color: #4aacc4;\"><a style=\"color: #4aacc4;\" href=\"https:\/\/drive.google.com\/file\/d\/16TNe-mf9X4aSqcTlqzdoPMR8ZExZic5Z\/view?usp=sharing\">Resoluci\u00f3n N\u00ba 115-PES-2020<\/a><\/span><\/p>\n<div style=\"text-align: left;\"><strong>Destinatarios:<\/strong>\u00a0Egresados y egresadas del I.S.S.P. de la Provincia de San Luis con el t\u00edtulo de \u00abT\u00e9cnico Superior en Seguridad P\u00fablica\u00bb.\u00a0 \u00a0<strong>Modalidad:<\/strong>\u00a0Semipresencial.\u00a0 \u00a0<strong>Carga horaria total:<\/strong>\u00a060 hs. reloj.\u00a0 \u00a0<strong>Fecha de inicio:<\/strong>\u00a014 de septiembre de 2020.\u00a0 \u00a0<span style=\"color: #000000;\"><strong>Cupo:\u00a0<\/strong>200 personas.\u00a0 \u00a0<\/span><\/div>\n<div><hr \/>\n<h4 style=\"text-align: left;\"><span style=\"color: #354393;\"><strong>Curso <em>Violencia de G\u00e9neros y Disidencias Sexuales<\/em><\/strong><\/span><\/h4>\n<p style=\"text-align: left;\"><span style=\"color: #4aacc4;\"><a style=\"color: #4aacc4;\" href=\"https:\/\/drive.google.com\/file\/d\/1iRk3ekoTxHDHjyWEy3qeTm68RkO1tv8W\/view?usp=sharing\">Resoluci\u00f3n N\u00ba 116-PES-2020<\/a><\/span><\/p>\n<div style=\"text-align: left;\"><strong>Destinatarios:<\/strong>\u00a0Egresados y egresadas del I.S.S.P. de la Provincia de San Luis con el t\u00edtulo de \u00abAgente de Polic\u00eda\u00bb.\u00a0 \u00a0<strong>Modalidad:<\/strong>\u00a0Semipresencial.\u00a0\u00a0<strong>Carga horaria total:<\/strong>\u00a060 hs. reloj.\u00a0 \u00a0<strong>Fecha de inicio:<\/strong>\u00a014 de septiembre de 2020.\u00a0 \u00a0<span style=\"color: #000000;\"><strong>Cupo:\u00a0<\/strong>200 personas.\u00a0 \u00a0<\/span><\/div>\n<\/div>\n<hr \/>\n<h4 style=\"text-align: left;\"><span style=\"color: #354393;\"><strong>Curso B\u00e1sico de Bomberos<\/strong><\/span><\/h4>\n<p style=\"text-align: left;\"><span style=\"color: #4aacc4;\"><a style=\"color: #4aacc4;\" href=\"https:\/\/drive.google.com\/file\/d\/1K2wFkxWBOZZS5xOAg7HkCZ9izg0JHKKO\/view?usp=sharing\">Resoluci\u00f3n N\u00ba 102-PES-2020<\/a><\/span><\/p>\n<div style=\"text-align: left;\"><strong>Destinatarios:<\/strong> Egresados del I.S.S.P. de la Provincia de San Luis con el t\u00edtulo de \u00abAgente de Polic\u00eda\u00bb \u2013 Brigadistas del Programa San Luis Solidario y Bomberos Voluntarios de la Provincia de San Luis.\u00a0 <strong>Modalidad:<\/strong>\u00a0Semipresencial.\u00a0<strong>Carga horaria total:<\/strong>\u00a0960 hs. reloj.\u00a0<strong>Fecha de inicio:<\/strong>\u00a018 de agosto de 2020.<\/div>\n<div><hr \/><\/div>\n<div>\n<h4 style=\"text-align: left;\"><span style=\"color: #354393;\"><strong>Curso de Fiscalizaci\u00f3n Ambiental desde el Rol Policial\u00a0<\/strong><\/span><\/h4>\n<p style=\"text-align: left;\"><span style=\"color: #4aacc4;\"><a style=\"color: #4aacc4;\" href=\"https:\/\/drive.google.com\/file\/d\/179jheonr0BQTYWWckTvLWUDtH6k-qsu7\/view?usp=sharing\">Resoluci\u00f3n N\u00ba 103-PES-2020<\/a><\/span><\/p>\n<div><strong>Destinatarios:<\/strong>\u00a0Egresados del I.S.S.P. de la Provincia de San Luis con el t\u00edtulo de \u00abAgente de Polic\u00eda\u00bb.\u00a0<strong>Modalidad:<\/strong>\u00a0Semipresencial.\u00a0<strong>Carga horaria total:<\/strong>\u00a0230 hs. reloj.\u00a0<strong>Fecha de inicio:<\/strong>\u00a018 de agosto de 2020.<\/div>\n<div>\n<p style=\"padding-left: 60px;\">\u00a0<\/p>\n<\/div>\n<\/div>\n\n\n<p><\/p>\n","protected":false},"excerpt":{"rendered":"<p>Curso Avanzado en Lucha contra el Narcotr\u00e1fico y Lavado de Activos Resoluci\u00f3n N\u00ba 148-PES-2020 Destinatarios:\u00a0Egresados del Instituto Superior de Seguridad P\u00fablica \u00abCoronel Juan Pascual Pringles\u00ab, con el t\u00edtulo de T\u00e9cnico Superior en Seguridad P\u00fablica o T\u00e9cnico Superior en Seguridad P\u00fablica orientado a la Formaci\u00f3n de Agentes Penitenciarios y que hasta el inicio del curso no &#8230; <a title=\"Cohorte 2020\" class=\"read-more\" href=\"https:\/\/issp-slu.infd.edu.ar\/sitio\/cursos-issp-2020\/\" aria-label=\"More on Cohorte 2020\">[+]<\/a><\/p>\n","protected":false},"author":14,"featured_media":0,"parent":0,"menu_order":0,"comment_status":"closed","ping_status":"closed","template":"","meta":[],"acf":[],"_links":{"self":[{"href":"https:\/\/issp-slu.infd.edu.ar\/sitio\/wp-json\/wp\/v2\/pages\/1082"}],"collection":[{"href":"https:\/\/issp-slu.infd.edu.ar\/sitio\/wp-json\/wp\/v2\/pages"}],"about":[{"href":"https:\/\/issp-slu.infd.edu.ar\/sitio\/wp-json\/wp\/v2\/types\/page"}],"author":[{"embeddable":true,"href":"https:\/\/issp-slu.infd.edu.ar\/sitio\/wp-json\/wp\/v2\/users\/14"}],"replies":[{"embeddable":true,"href":"https:\/\/issp-slu.infd.edu.ar\/sitio\/wp-json\/wp\/v2\/comments?post=1082"}],"version-history":[{"count":35,"href":"https:\/\/issp-slu.infd.edu.ar\/sitio\/wp-json\/wp\/v2\/pages\/1082\/revisions"}],"predecessor-version":[{"id":6516,"href":"https:\/\/issp-slu.infd.edu.ar\/sitio\/wp-json\/wp\/v2\/pages\/1082\/revisions\/6516"}],"wp:attachment":[{"href":"https:\/\/issp-slu.infd.edu.ar\/sitio\/wp-json\/wp\/v2\/media?parent=1082"}],"curies":[{"name":"wp","href":"https:\/\/api.w.org\/{rel}","templated":true}]}}