{"id":1559,"date":"2021-05-16T23:09:46","date_gmt":"2021-05-17T02:09:46","guid":{"rendered":"https:\/\/issp-slu.infd.edu.ar\/sitio\/?page_id=1559"},"modified":"2024-02-20T11:32:34","modified_gmt":"2024-02-20T14:32:34","slug":"curso-agente-de-policia","status":"publish","type":"page","link":"https:\/\/issp-slu.infd.edu.ar\/sitio\/curso-agente-de-policia\/","title":{"rendered":"Curso \u00abAgente de Polic\u00eda\u00bb."},"content":{"rendered":"<p><img decoding=\"async\" loading=\"lazy\" class=\"size-medium wp-image-6277 aligncenter\" src=\"https:\/\/issp-slu.infd.edu.ar\/sitio\/wp-content\/uploads\/2024\/02\/AgentedePolicia-1000x182.png\" alt=\"\" width=\"1000\" height=\"182\" srcset=\"https:\/\/issp-slu.infd.edu.ar\/sitio\/wp-content\/uploads\/2024\/02\/AgentedePolicia-1000x182.png 1000w, https:\/\/issp-slu.infd.edu.ar\/sitio\/wp-content\/uploads\/2024\/02\/AgentedePolicia-768x140.png 768w, https:\/\/issp-slu.infd.edu.ar\/sitio\/wp-content\/uploads\/2024\/02\/AgentedePolicia.png 1100w\" sizes=\"(max-width: 1000px) 100vw, 1000px\" \/><\/p>\n<p style=\"padding-left: 80px;\"><span style=\"color: #354393;\"><strong>T\u00edtulo:<\/strong> <\/span>Agente de Polic\u00eda<br \/><span style=\"color: #354393;\"><strong>Duraci\u00f3n:<\/strong> <\/span>1 A\u00f1o &#8211;<strong> Carga horaria total:<\/strong> 1.688 hs. reloj<strong><span style=\"color: #354393;\"><br \/>Validez: <\/span><\/strong><a href=\"https:\/\/drive.google.com\/file\/d\/1VVI_XLmEZCPaUXoaq_WI-1f-9MnVeRBE\/view?usp=share_link\">RESOLUCI\u00d3N N\u00ba 174-ME-2018<\/a><\/p>\n<hr \/>\n<p>Por Resoluci\u00f3n N\u00ba 174-ME-2018 se aprueba el Plan de Estudios jurisdiccional al Curso <strong>Agente de Polic\u00eda<\/strong> a partir de la cohorte 2018 para la Formaci\u00f3n Profesional Inicial, de nivel de certificaci\u00f3n III a dictarse en el Instituto Superior de Seguridad P\u00fablica Coronel Juan Pascual Pringles.<\/p>\n<h4><span style=\"color: #354393;\"><strong>Objetivo de la Carrera: <\/strong><\/span><\/h4>\n<ul>\n<li style=\"list-style-type: none;\">\n<ul>\n<li style=\"list-style-type: none;\">\n<ul>\n<li>Formar Agentes Policiales con capacidades para conocer, comprender e interpretar, la realidad sociocultural de su entorno para una adecuada y responsable intervenci\u00f3n policial.<\/li>\n<li>Fomentar el desarrollo de actitudes fundamentales de disciplina, respeto y sujeci\u00f3n a las disposiciones legales, dentro de un encuadre \u00e9tico.<\/li>\n<li>Conocer y aplicar los fundamentos jur\u00eddicos que garanticen los Derechos Humanos y los que norman y regulan el uso de herramientas de coerci\u00f3n.<\/li>\n<\/ul>\n<\/li>\n<\/ul>\n<\/li>\n<\/ul>\n<h4><span style=\"color: #354393;\">Perfil Profesional<\/span><\/h4>\n<p>El Agente de Polic\u00eda, desarrollar\u00e1 aptitudes para:<img decoding=\"async\" loading=\"lazy\" class=\"alignleft wp-image-6250\" src=\"https:\/\/issp-slu.infd.edu.ar\/sitio\/wp-content\/uploads\/2024\/02\/PerfilProfesional.png\" alt=\"\" width=\"212\" height=\"212\" srcset=\"https:\/\/issp-slu.infd.edu.ar\/sitio\/wp-content\/uploads\/2024\/02\/PerfilProfesional.png 512w, https:\/\/issp-slu.infd.edu.ar\/sitio\/wp-content\/uploads\/2024\/02\/PerfilProfesional-500x500.png 500w\" sizes=\"(max-width: 212px) 100vw, 212px\" \/><\/p>\n<ul>\n<li>Ejercer los servicios de protecci\u00f3n p\u00fablica, promoci\u00f3n y prevenci\u00f3n en seguridad p\u00fablica y defensa de la paz social, auxiliando a la justicia en contextos de proximidad y orientada por valores \u00e9ticos de solidaridad comunitaria.<\/li>\n<li>Preservar los derechos fundamentales, desarrollando las acciones en el marco de la normativa vigente, los procedimientos y protocolos de actuaci\u00f3n policial.<\/li>\n<\/ul>\n<h4><span style=\"color: #534393;\">Plan de Estudio<\/span><\/h4>\n<p style=\"text-align: left;\"><div  class=\"lgc-column lgc-grid-parent lgc-grid-30 lgc-tablet-grid-30 lgc-mobile-grid-100 lgc-equal-heights \"><div  style=\"margin-right:30px;margin-left:30px;\" class=\"inside-grid-column\">\n<p style=\"text-align: center;\"><b>M\u00f3dulos<\/b><strong>\u00a0Comunes<\/strong><\/p>\n<p style=\"text-align: center;\">M\u00f3dulo I<br \/>M\u00f3dulo II<br \/>M\u00f3dulo III<br \/>M\u00f3dulo IV<br \/>M\u00f3dulo V<\/p>\n<p style=\"text-align: left;\"><\/p><\/div><\/div>\n<p style=\"text-align: left;\"><div  class=\"lgc-column lgc-grid-parent lgc-grid-45 lgc-tablet-grid-45 lgc-mobile-grid-100 lgc-equal-heights \"><div  style=\"margin-right:30px;margin-left:30px;\" class=\"inside-grid-column\">\n<p style=\"text-align: left;\"><strong>Nombre del Espacio<\/strong><\/p>\n<p style=\"text-align: left;\">Educaci\u00f3n F\u00edsica Policial\u00a0<br \/>Defensa Policial<span style=\"color: #4aacc4;\">\u00a0<\/span><br \/>Doctrina e Identidad Profesional<br \/>Marco Legal de Actuaci\u00f3n Profesional<br \/>Pr\u00e1cticas Profesionalizantes<\/p>\n<p style=\"text-align: left;\"><\/p><\/div><\/div>\n<p style=\"text-align: left;\"><div  class=\"lgc-column lgc-grid-parent lgc-grid-18 lgc-tablet-grid-18 lgc-mobile-grid-100 lgc-equal-heights \"><div  style=\"margin-right:30px;margin-left:30px;\" class=\"inside-grid-column\">\n<p style=\"text-align: left;\"><strong>Horas<\/strong><\/p>\n<p style=\"text-align: left;\"><span style=\"color: #4aacc4;\">(64 horas reloj)<\/span><br \/><span style=\"color: #4aacc4;\">(64 horas reloj)<\/span><br \/><span style=\"color: #4aacc4;\">(92 horas reloj)<\/span><br \/><span style=\"color: #4aacc4;\">(150 horas reloj)<\/span><br \/><span style=\"color: #4aacc4;\">(64 horas reloj)<\/span><\/p>\n<p style=\"text-align: left;\"><\/p><\/div><\/div>\n<p>\u00a0<\/p>\n<p style=\"text-align: left;\"><div  class=\"lgc-column lgc-grid-parent lgc-grid-30 lgc-tablet-grid-30 lgc-mobile-grid-100 lgc-equal-heights \"><div  style=\"margin-right:30px;margin-left:30px;\" class=\"inside-grid-column\">\n<p style=\"text-align: center;\"><strong>M\u00f3dulos PRIMER TRAMO<\/strong><\/p>\n<p style=\"text-align: center;\">M\u00f3dulo IV<br \/>M\u00f3dulo VII<br \/>M\u00f3dulo VIII<br \/>M\u00f3dulo IX<br \/>M\u00f3dulo X<br \/>M\u00f3dulo XI<\/p>\n<p style=\"text-align: left;\"><\/p><\/div><\/div>\n<p style=\"text-align: left;\"><div  class=\"lgc-column lgc-grid-parent lgc-grid-45 lgc-tablet-grid-45 lgc-mobile-grid-100 lgc-equal-heights \"><div  style=\"margin-right:30px;margin-left:30px;\" class=\"inside-grid-column\">\n<p style=\"text-align: left;\"><strong>Nombre del Espacio<\/strong><\/p>\n<p style=\"text-align: left;\">Inform\u00e1tica Aplicada a la Seguridad P\u00fablica<br \/>Problemas Sociales Contempor\u00e1neos<br \/>Polic\u00eda de Proximidad<br \/>Expresi\u00f3n Oral y Escrita<br \/>Prevenci\u00f3n Integral del Delito<br \/>Actuaci\u00f3n Policial frente a Emergencias y Siniestros<\/p>\n<p style=\"text-align: left;\"><\/p><\/div><\/div>\n<p style=\"text-align: left;\"><div  class=\"lgc-column lgc-grid-parent lgc-grid-18 lgc-tablet-grid-18 lgc-mobile-grid-100 lgc-equal-heights \"><div  style=\"margin-right:30px;margin-left:30px;\" class=\"inside-grid-column\">\n<p style=\"text-align: left;\"><strong>Horas<\/strong><\/p>\n<p style=\"text-align: left;\"><span style=\"color: #4aacc4;\">(20 horas reloj)<\/span><br \/><span style=\"color: #4aacc4;\">(20 horas reloj)<\/span><br \/><span style=\"color: #4aacc4;\">(64 horas reloj)<\/span><br \/><span style=\"color: #4aacc4;\">(20 horas reloj)<\/span><br \/><span style=\"color: #4aacc4;\">(90 horas reloj)<\/span><br \/><span style=\"color: #4aacc4;\">(48 horas reloj)<\/span><\/p>\n<p style=\"text-align: left;\"><\/p><\/div><\/div>\n<p style=\"text-align: left;\"><div  class=\"lgc-column lgc-grid-parent lgc-grid-30 lgc-tablet-grid-30 lgc-mobile-grid-100 lgc-equal-heights \"><div  style=\"margin-right:30px;margin-left:30px;\" class=\"inside-grid-column\">\n<p style=\"text-align: center;\"><strong>M\u00f3dulos SEGUNDO TRAMO<\/strong><\/p>\n<p style=\"text-align: center;\">M\u00f3dulo XII<br \/>M\u00f3dulo XIII<br \/>M\u00f3dulo IV<br \/>M\u00f3dulo V<br \/>M\u00f3dulo VI<br \/>M\u00f3dulo VII<\/p>\n<p style=\"text-align: left;\"><\/p><\/div><\/div>\n<p style=\"text-align: left;\"><div  class=\"lgc-column lgc-grid-parent lgc-grid-45 lgc-tablet-grid-45 lgc-mobile-grid-100 lgc-equal-heights \"><div  style=\"margin-right:30px;margin-left:30px;\" class=\"inside-grid-column\">\n<p style=\"text-align: left;\"><strong>Nombre del Espacio<\/strong><\/p>\n<p style=\"text-align: left;\">Conducci\u00f3n Vehicular Policial<br \/>Manejo de Armas de Fuego, Tiro y Equipamiento<br \/>Abordaje y Resoluci\u00f3n Alternativa de Conflictos<br \/>Seminario &#8211; Violencia de G\u00e9nero y Trata de Personas<br \/>An\u00e1lisis del Delito<br \/>T\u00e9cnicas de Investigaci\u00f3n Criminal<\/p>\n<p style=\"text-align: left;\"><\/p><\/div><\/div>\n<p style=\"text-align: left;\"><div  class=\"lgc-column lgc-grid-parent lgc-grid-18 lgc-tablet-grid-18 lgc-mobile-grid-100 lgc-equal-heights \"><div  style=\"margin-right:30px;margin-left:30px;\" class=\"inside-grid-column\">\n<p style=\"text-align: left;\"><strong>Horas<\/strong><\/p>\n<p style=\"text-align: left;\"><span style=\"color: #4aacc4;\">(64 horas reloj)<\/span><br \/><span style=\"color: #4aacc4;\">(72 horas reloj)<\/span><br \/><span style=\"color: #4aacc4;\">(64 horas reloj)<\/span><br \/><span style=\"color: #4aacc4;\">(20 horas reloj)<\/span><br \/><span style=\"color: #4aacc4;\">(40 horas reloj)<\/span><br \/><span style=\"color: #4aacc4;\">(40 horas reloj)<\/span><\/p>\n<p style=\"text-align: left;\"><\/p><\/div><\/div>\n","protected":false},"excerpt":{"rendered":"<p>T\u00edtulo: Agente de Polic\u00edaDuraci\u00f3n: 1 A\u00f1o &#8211; Carga horaria total: 1.688 hs. relojValidez: RESOLUCI\u00d3N N\u00ba 174-ME-2018 Por Resoluci\u00f3n N\u00ba 174-ME-2018 se aprueba el Plan de Estudios jurisdiccional al Curso Agente de Polic\u00eda a partir de la cohorte 2018 para la Formaci\u00f3n Profesional Inicial, de nivel de certificaci\u00f3n III a dictarse en el Instituto Superior de &#8230; <a title=\"Curso \u00abAgente de Polic\u00eda\u00bb.\" class=\"read-more\" href=\"https:\/\/issp-slu.infd.edu.ar\/sitio\/curso-agente-de-policia\/\" aria-label=\"More on Curso \u00abAgente de Polic\u00eda\u00bb.\">[+]<\/a><\/p>\n","protected":false},"author":14,"featured_media":0,"parent":0,"menu_order":0,"comment_status":"closed","ping_status":"closed","template":"","meta":[],"acf":[],"_links":{"self":[{"href":"https:\/\/issp-slu.infd.edu.ar\/sitio\/wp-json\/wp\/v2\/pages\/1559"}],"collection":[{"href":"https:\/\/issp-slu.infd.edu.ar\/sitio\/wp-json\/wp\/v2\/pages"}],"about":[{"href":"https:\/\/issp-slu.infd.edu.ar\/sitio\/wp-json\/wp\/v2\/types\/page"}],"author":[{"embeddable":true,"href":"https:\/\/issp-slu.infd.edu.ar\/sitio\/wp-json\/wp\/v2\/users\/14"}],"replies":[{"embeddable":true,"href":"https:\/\/issp-slu.infd.edu.ar\/sitio\/wp-json\/wp\/v2\/comments?post=1559"}],"version-history":[{"count":172,"href":"https:\/\/issp-slu.infd.edu.ar\/sitio\/wp-json\/wp\/v2\/pages\/1559\/revisions"}],"predecessor-version":[{"id":6380,"href":"https:\/\/issp-slu.infd.edu.ar\/sitio\/wp-json\/wp\/v2\/pages\/1559\/revisions\/6380"}],"wp:attachment":[{"href":"https:\/\/issp-slu.infd.edu.ar\/sitio\/wp-json\/wp\/v2\/media?parent=1559"}],"curies":[{"name":"wp","href":"https:\/\/api.w.org\/{rel}","templated":true}]}}