{"id":1658,"date":"2021-07-16T13:17:35","date_gmt":"2021-07-16T16:17:35","guid":{"rendered":"https:\/\/issp-slu.infd.edu.ar\/sitio\/?page_id=1658"},"modified":"2024-02-29T12:49:17","modified_gmt":"2024-02-29T15:49:17","slug":"constancias-y-certificados-para-estudiantes","status":"publish","type":"page","link":"https:\/\/issp-slu.infd.edu.ar\/sitio\/constancias-y-certificados-para-estudiantes\/","title":{"rendered":"Constancias y certificados."},"content":{"rendered":"<p style=\"text-align: center;\"><img decoding=\"async\" loading=\"lazy\" class=\"size-full wp-image-6538 aligncenter\" src=\"https:\/\/issp-slu.infd.edu.ar\/sitio\/wp-content\/uploads\/2024\/02\/BannerConstanciaCertificado.png\" alt=\"\" width=\"1360\" height=\"200\" \/><\/p>\n<p style=\"text-align: center;\">Espacio para solicitar constancias y\/o certificados de alumnos\/as del ISSP &#8211; Ciclo 2024.\u00a0 Seleccionar la opci\u00f3n correspondiente completando el Formulario para dicha solicitud.<\/p>\n<p><span style=\"color: #354393;\"><em><strong>\u00bfC\u00f3mo solicito una Constancia de Alumno Regular?<\/strong><\/em><\/span><\/p>\n<p style=\"padding-left: 60px;\">Completa el siguiente <strong><em><a href=\"https:\/\/docs.google.com\/forms\/d\/e\/1FAIpQLSc0EmLNLoTy8RHhJr14MzDw8wpqRD8Em-4oGlyTLdKo_xR2yQ\/viewform\" target=\"_blank\" rel=\"noopener\">Formulario,<\/a><\/em><\/strong> luego recibir\u00e1 en formato papel la \u00ab<strong>Constancia de Alumno Regular<\/strong>\u00bb por Mesa de Entrada o Preceptor\u00eda del ISSP (turno ma\u00f1ana y\/o tarde).<\/p>\n<p><span style=\"color: #354393;\"><em><strong>\u00bfC\u00f3mo solicito una Constancia de Examen?<\/strong><\/em><\/span><\/p>\n<p style=\"padding-left: 60px;\">Podes solicitar una constancia de examen completando el siguiente Formulario, luego recibir\u00e1 en su correo la \u00abConstancia de Examen\u00bb.<\/p>\n<p><span style=\"color: #354393;\"><em><strong>\u00bfC\u00f3mo solicito una Ficha Acad\u00e9mica?<\/strong><\/em><\/span><\/p>\n<p style=\"padding-left: 60px;\">\u00danico medio para solicitar constancia de Historia \u00f3 Ficha Acad\u00e9mica completando el siguiente <a href=\"https:\/\/docs.google.com\/forms\/d\/e\/1FAIpQLSf1IeT9_eAEw62swUqQGyVT01VULs3gzjRufpDZF8DKb06DVw\/viewform\" target=\"_blank\" rel=\"noopener\"><em><strong>Formulario<\/strong><\/em><\/a>.\u00a0 La solicitud<strong><em> se recepcionar\u00e1\u00a0<\/em><\/strong> por medio del Formulario y posteriormente <strong><em>ser\u00e1 entregado<\/em><\/strong>\u00a0por Direcci\u00f3n Acad\u00e9mica.<\/p>\n<p><span style=\"color: #354393;\"><em><strong>\u00bfC\u00f3mo solicito mi T\u00edtulo?<\/strong><\/em><\/span><\/p>\n<p style=\"padding-left: 60px;\">Para comenzar el tr\u00e1mite del t\u00edtulo, primero verifica tener todas las materias aprobadas y registradas en tu Ficha Acad\u00e9mica y posteriormente completar el Formulario correspondiente.<\/p>\n","protected":false},"excerpt":{"rendered":"<p>Espacio para solicitar constancias y\/o certificados de alumnos\/as del ISSP &#8211; Ciclo 2024.\u00a0 Seleccionar la opci\u00f3n correspondiente completando el Formulario para dicha solicitud. \u00bfC\u00f3mo solicito una Constancia de Alumno Regular? Completa el siguiente Formulario, luego recibir\u00e1 en formato papel la \u00abConstancia de Alumno Regular\u00bb por Mesa de Entrada o Preceptor\u00eda del ISSP (turno ma\u00f1ana y\/o &#8230; <a title=\"Constancias y certificados.\" class=\"read-more\" href=\"https:\/\/issp-slu.infd.edu.ar\/sitio\/constancias-y-certificados-para-estudiantes\/\" aria-label=\"More on Constancias y certificados.\">[+]<\/a><\/p>\n","protected":false},"author":14,"featured_media":0,"parent":0,"menu_order":0,"comment_status":"closed","ping_status":"closed","template":"","meta":[],"acf":[],"_links":{"self":[{"href":"https:\/\/issp-slu.infd.edu.ar\/sitio\/wp-json\/wp\/v2\/pages\/1658"}],"collection":[{"href":"https:\/\/issp-slu.infd.edu.ar\/sitio\/wp-json\/wp\/v2\/pages"}],"about":[{"href":"https:\/\/issp-slu.infd.edu.ar\/sitio\/wp-json\/wp\/v2\/types\/page"}],"author":[{"embeddable":true,"href":"https:\/\/issp-slu.infd.edu.ar\/sitio\/wp-json\/wp\/v2\/users\/14"}],"replies":[{"embeddable":true,"href":"https:\/\/issp-slu.infd.edu.ar\/sitio\/wp-json\/wp\/v2\/comments?post=1658"}],"version-history":[{"count":18,"href":"https:\/\/issp-slu.infd.edu.ar\/sitio\/wp-json\/wp\/v2\/pages\/1658\/revisions"}],"predecessor-version":[{"id":6579,"href":"https:\/\/issp-slu.infd.edu.ar\/sitio\/wp-json\/wp\/v2\/pages\/1658\/revisions\/6579"}],"wp:attachment":[{"href":"https:\/\/issp-slu.infd.edu.ar\/sitio\/wp-json\/wp\/v2\/media?parent=1658"}],"curies":[{"name":"wp","href":"https:\/\/api.w.org\/{rel}","templated":true}]}}