{"id":1732,"date":"2021-08-13T20:08:07","date_gmt":"2021-08-13T23:08:07","guid":{"rendered":"https:\/\/issp-slu.infd.edu.ar\/sitio\/?page_id=1732"},"modified":"2022-11-20T14:43:02","modified_gmt":"2022-11-20T17:43:02","slug":"novedades-del-2do-cuatrimestre","status":"publish","type":"page","link":"https:\/\/issp-slu.infd.edu.ar\/sitio\/novedades-del-2do-cuatrimestre\/","title":{"rendered":"2do. Cuatrimestre &#8211; Cadetes 3er. A\u00f1o."},"content":{"rendered":"\n<p class=\"has-text-align-center\">Se encuentra a disposici\u00f3n el <strong>Calendario Acad\u00e9mico para el Ciclo Lectivo 2022<\/strong>.  Pueden descargarlo, desde este Link (<strong><a href=\"https:\/\/drive.google.com\/file\/d\/1CkMOr54odbtGW6mBHuF1pyyLyUZISMi0\/view?usp=sharing\">Descarga<\/a><\/strong>)<\/p>\n\n\n\n<div class=\"wp-block-cover has-background-dim\"><img decoding=\"async\" loading=\"lazy\" width=\"1280\" height=\"960\" class=\"wp-block-cover__image-background wp-image-2798\" alt=\"\" src=\"https:\/\/issp-slu.infd.edu.ar\/sitio\/wp-content\/uploads\/2022\/03\/WhatsApp-Image-2021-11-16-at-17.51.28.jpeg\" data-object-fit=\"cover\" srcset=\"https:\/\/issp-slu.infd.edu.ar\/sitio\/wp-content\/uploads\/2022\/03\/WhatsApp-Image-2021-11-16-at-17.51.28.jpeg 1280w, https:\/\/issp-slu.infd.edu.ar\/sitio\/wp-content\/uploads\/2022\/03\/WhatsApp-Image-2021-11-16-at-17.51.28-1000x750.jpeg 1000w, https:\/\/issp-slu.infd.edu.ar\/sitio\/wp-content\/uploads\/2022\/03\/WhatsApp-Image-2021-11-16-at-17.51.28-768x576.jpeg 768w\" sizes=\"(max-width: 1280px) 100vw, 1280px\" \/><div class=\"wp-block-cover__inner-container\">\n<p class=\"has-text-align-center has-large-font-size\"><strong>3er. A\u00f1o &#8211; Ciclo 2022<\/strong><\/p>\n<\/div><\/div>\n\n\n\n<div class=\"wp-block-buttons is-content-justification-center is-layout-flex\">\n<div class=\"wp-block-button has-custom-width wp-block-button__width-50 is-style-outline\"><a class=\"wp-block-button__link has-black-color has-luminous-vivid-amber-background-color has-text-color has-background\" href=\"https:\/\/drive.google.com\/file\/d\/1klsYaNMb1eRXzLG0WmGQESHwShfXielD\/view?usp=sharing\" style=\"border-radius:27px\">Cronograma de horarios &#8211; 2do. Cuatrimestre<\/a><\/div>\n<\/div>\n\n\n\n<p><strong><em>San Luis, 08-08-2022: <\/em><\/strong>Se encuentra a disposici\u00f3n de los cursantes, el Cronograma de Horarios de los Espacios Curriculares &#8211; Anuales y del 2do. Cuatrimestre 2022 (3er. A\u00f1o &#8211; T\u00e9cnicos Superiores en Seguridad P\u00fablica).<\/p>\n","protected":false},"excerpt":{"rendered":"<p>Se encuentra a disposici\u00f3n el Calendario Acad\u00e9mico para el Ciclo Lectivo 2022. Pueden descargarlo, desde este Link (Descarga) San Luis, 08-08-2022: Se encuentra a disposici\u00f3n de los cursantes, el Cronograma de Horarios de los Espacios Curriculares &#8211; Anuales y del 2do. Cuatrimestre 2022 (3er. A\u00f1o &#8211; T\u00e9cnicos Superiores en Seguridad P\u00fablica).<\/p>\n","protected":false},"author":14,"featured_media":0,"parent":0,"menu_order":0,"comment_status":"closed","ping_status":"closed","template":"","meta":[],"acf":[],"_links":{"self":[{"href":"https:\/\/issp-slu.infd.edu.ar\/sitio\/wp-json\/wp\/v2\/pages\/1732"}],"collection":[{"href":"https:\/\/issp-slu.infd.edu.ar\/sitio\/wp-json\/wp\/v2\/pages"}],"about":[{"href":"https:\/\/issp-slu.infd.edu.ar\/sitio\/wp-json\/wp\/v2\/types\/page"}],"author":[{"embeddable":true,"href":"https:\/\/issp-slu.infd.edu.ar\/sitio\/wp-json\/wp\/v2\/users\/14"}],"replies":[{"embeddable":true,"href":"https:\/\/issp-slu.infd.edu.ar\/sitio\/wp-json\/wp\/v2\/comments?post=1732"}],"version-history":[{"count":24,"href":"https:\/\/issp-slu.infd.edu.ar\/sitio\/wp-json\/wp\/v2\/pages\/1732\/revisions"}],"predecessor-version":[{"id":4045,"href":"https:\/\/issp-slu.infd.edu.ar\/sitio\/wp-json\/wp\/v2\/pages\/1732\/revisions\/4045"}],"wp:attachment":[{"href":"https:\/\/issp-slu.infd.edu.ar\/sitio\/wp-json\/wp\/v2\/media?parent=1732"}],"curies":[{"name":"wp","href":"https:\/\/api.w.org\/{rel}","templated":true}]}}