{"id":1984,"date":"2021-12-10T09:29:28","date_gmt":"2021-12-10T12:29:28","guid":{"rendered":"https:\/\/issp-slu.infd.edu.ar\/sitio\/?page_id=1984"},"modified":"2024-02-21T13:38:12","modified_gmt":"2024-02-21T16:38:12","slug":"curso-sub-ayudante-penitenciario","status":"publish","type":"page","link":"https:\/\/issp-slu.infd.edu.ar\/sitio\/curso-sub-ayudante-penitenciario\/","title":{"rendered":"Curso \u00abSubayudante Penitenciario\/a\u00bb."},"content":{"rendered":"<p><strong><span style=\"color: #000080;\"><img decoding=\"async\" loading=\"lazy\" class=\"alignnone size-medium wp-image-6278\" src=\"https:\/\/issp-slu.infd.edu.ar\/sitio\/wp-content\/uploads\/2024\/02\/penitenciario-1000x182.png\" alt=\"\" width=\"1000\" height=\"182\" srcset=\"https:\/\/issp-slu.infd.edu.ar\/sitio\/wp-content\/uploads\/2024\/02\/penitenciario-1000x182.png 1000w, https:\/\/issp-slu.infd.edu.ar\/sitio\/wp-content\/uploads\/2024\/02\/penitenciario-768x140.png 768w, https:\/\/issp-slu.infd.edu.ar\/sitio\/wp-content\/uploads\/2024\/02\/penitenciario.png 1100w\" sizes=\"(max-width: 1000px) 100vw, 1000px\" \/><br \/><\/span><\/strong><\/p>\n<p style=\"padding-left: 80px;\"><span style=\"color: #354393;\"><strong>T\u00edtulo:<\/strong> <\/span>Subayudante Penitenciario\/a<br \/><span style=\"color: #354393;\"><strong>Duraci\u00f3n:<\/strong> <\/span>1 A\u00f1o &#8211;<strong> Carga horaria total: <\/strong>800 hs. reloj<strong><span style=\"color: #354393;\"><br \/>Validez: <\/span><\/strong><span style=\"color: #0000ff;\"><a style=\"color: #0000ff;\" href=\"https:\/\/drive.google.com\/file\/d\/1HH0DoNPDbxW4Qi5Xcpa1Ko-ZkNr1tkPG\/view?usp=sharing\">RESOLUCI\u00d3N N\u00ba 343-ME-2022<\/a><\/span><\/p>\n<hr \/>\n<p>Por\u00a0<strong><a href=\"https:\/\/drive.google.com\/file\/d\/1HH0DoNPDbxW4Qi5Xcpa1Ko-ZkNr1tkPG\/view?usp=share_link\">Decreto N\u00ba 343-ME-2022<\/a><\/strong>, se aprueba el trayecto de Formaci\u00f3n Profesional Inicial de la Modalidad de Educaci\u00f3n T\u00e9cnico Profesional, de \u201c<strong>Subayudante Penitenciario\/a<\/strong>\u201d que, como Anexo, forma parte integrante de la presente Resoluci\u00f3n, a implementarse a partir del ciclo lectivo 2022, y por una cohorte, en el Instituto Superior en Seguridad P\u00fablica \u201cCoronel Juan Pascual Pringles\u201d de la provincia de San Luis.-<\/p>\n<p><span style=\"color: #354393;\"><strong>Objetivos Generales<\/strong><\/span><\/p>\n<p style=\"padding-left: 40px;\">\u2022\u00a0Fomentar el desarrollo de actitudes fundamentales de disciplina, respeto y sujeci\u00f3n a las disposiciones legales, en el marco de los DDHH Pactos Internacionales y Convenciones como fundamento de un accionar de cuidado y<br \/>respeto de la norma.<br \/>\u2022 Formar Subayudantes Penitenciarios\/as con capacidad para conocer, comprender e interpretar, la realidad sociocultural de su entorno para una adecuada y responsable intervenci\u00f3n.<br \/>\u2022 Configurar espacios de formaci\u00f3n que atiendan a las actuales necesidades de Intervenci\u00f3n y seguridad en contextos de privaci\u00f3n de libertad.<\/p>\n<h4><span style=\"color: #354393;\">Perfil Profesional<\/span><\/h4>\n<p>El <strong>Subayudante Penitenciario\/a,\u00a0<\/strong>desarrollar\u00e1 aptitudes para:<\/p>\n<p><img decoding=\"async\" loading=\"lazy\" class=\"wp-image-6250 alignleft\" src=\"https:\/\/issp-slu.infd.edu.ar\/sitio\/wp-content\/uploads\/2024\/02\/PerfilProfesional.png\" alt=\"\" width=\"212\" height=\"212\" srcset=\"https:\/\/issp-slu.infd.edu.ar\/sitio\/wp-content\/uploads\/2024\/02\/PerfilProfesional.png 512w, https:\/\/issp-slu.infd.edu.ar\/sitio\/wp-content\/uploads\/2024\/02\/PerfilProfesional-500x500.png 500w\" sizes=\"(max-width: 212px) 100vw, 212px\" \/><\/p>\n<ul>\n<li>Implementar procedimientos del servicio de seguridad en situaciones de transgresi\u00f3n de la seguridad interna y externa de acuerdo con el contexto de intervenci\u00f3n y a los protocolos de actuaci\u00f3n penitenciaria.<\/li>\n<li>Desempe\u00f1ar en forma organizada las tareas y actividades de su trabajo de acuerdo a su especificidad, desde una concepci\u00f3n integral de la Seguridad Penitenciaria.<\/li>\n<li>Implementar acciones de mantenimiento de equipos comprometidos en su trabajo y el cuidado integral personal, de terceros y de bienes dentro del \u00e1mbito del Servicio Penitenciario Provincial, como as\u00ed tambi\u00e9n manejo vehicular.<\/li>\n<li>Ejecutar acciones de prevenci\u00f3n y promoci\u00f3n en seguridad Penitenciaria, generar informaci\u00f3n y modos de intervenci\u00f3n que favorezcan y promuevan el desarrollo del tratamiento penitenciario y el respeto de los derechos Humanos de acuerdo con el contexto de actuaci\u00f3n.<\/li>\n<\/ul>\n<h4><span style=\"color: #534393;\">Plan de Estudio<\/span><\/h4>\n<p style=\"text-align: left;\"><div  class=\"lgc-column lgc-grid-parent lgc-grid-20 lgc-tablet-grid-20 lgc-mobile-grid-100 lgc-equal-heights \"><div  style=\"margin-right:30px;margin-left:30px;\" class=\"inside-grid-column\">\n<p style=\"text-align: left;\"><b>M\u00f3dulo<\/b><\/p>\n<p style=\"text-align: left;\">M\u00f3dulo I<br \/>M\u00f3dulo II<br \/>M\u00f3dulo III<br \/>M\u00f3dulo IV<br \/>M\u00f3dulo V <br \/>M\u00f3dulo VI<br \/>M\u00f3dulo VII <br \/>M\u00f3dulo VIII<br \/>M\u00f3dulo IX <br \/>M\u00f3dulo X <br \/>M\u00f3dulo XI <br \/>M\u00f3dulo XII <br \/>M\u00f3dulo XIII <br \/>M\u00f3dulo XIV <br \/>M\u00f3dulo XV <br \/>M\u00f3dulo XVI <br \/>M\u00f3dulo XVII <br \/>M\u00f3dulo XVIII<\/p>\n<p style=\"text-align: left;\"><\/p><\/div><\/div>\n<p style=\"text-align: left;\"><div  class=\"lgc-column lgc-grid-parent lgc-grid-55 lgc-tablet-grid-55 lgc-mobile-grid-100 lgc-equal-heights \"><div  style=\"margin-right:30px;margin-left:30px;\" class=\"inside-grid-column\">\n<p style=\"text-align: left;\"><strong>Nombre del Espacio<\/strong><\/p>\n<p style=\"text-align: left;\">Seminario: Problem\u00e1tica Social Contempor\u00e1nea<br \/>Seminario -Taller: Perspectiva de G\u00e9nero, Diversidad e Inclusi\u00f3n<br \/>Subjetividad de Identidades en Encierro<br \/>Educaci\u00f3n F\u00edsica<br \/>Seminario -Taller: DDHH, Derechos econ\u00f3micos, sociales y culturales<br \/>Elementos de Derecho Penal<br \/>Elementos de Derecho Procesal Penal<br \/>Taller: Inform\u00e1tica Aplicada<br \/>Legislaci\u00f3n Penitenciaria<br \/>Redacci\u00f3n y Procedimiento Administrativo<br \/><span style=\"font-size: 13px;\">Seminario: Actuaci\u00f3n Penitenciaria frente a Emergencias y alteraciones cr\u00edticas al orden<\/span><br \/>Tiro Penitenciario<br \/>Defensa Personal<br \/>Taller: T\u00e9cnicas Operativas de Seguridad Penitenciaria<br \/>Seminario Taller: Deontolog\u00eda Penitenciaria<br \/>Taller: Procedimientos Penitenciarios<br \/>Taller: Prevenci\u00f3n de Violencia en el \u00c1mbito Penitenciario<br \/>Taller: Tratamiento y procedimientos Penitenciarios<\/p>\n<p style=\"text-align: left;\"><\/p><\/div><\/div>\n<p style=\"text-align: left;\"><div  class=\"lgc-column lgc-grid-parent lgc-grid-18 lgc-tablet-grid-18 lgc-mobile-grid-100 lgc-equal-heights \"><div  style=\"margin-right:30px;margin-left:30px;\" class=\"inside-grid-column\">\n<p style=\"text-align: left;\"><strong>Horas<\/strong><\/p>\n<p style=\"text-align: left;\"><span style=\"color: #4aacc4;\">(40 horas reloj)<\/span><br \/><span style=\"color: #4aacc4;\">(40 horas reloj)<\/span><br \/><span style=\"color: #4aacc4;\">(40 horas reloj)<\/span><br \/><span style=\"color: #4aacc4;\">(40 horas reloj)<\/span><br \/><span style=\"color: #4aacc4;\">(40 horas reloj)<\/span><br \/><span style=\"color: #4aacc4;\">(40 horas reloj)<\/span><br \/><span style=\"color: #4aacc4;\">(40 horas reloj)<\/span><br \/><span style=\"color: #4aacc4;\">(20 horas reloj)<\/span><br \/><span style=\"color: #4aacc4;\">(50 horas reloj)<\/span><br \/><span style=\"color: #4aacc4;\">(30 horas reloj)<\/span><br \/><span style=\"color: #4aacc4;\">(50 horas reloj)<\/span><br \/><span style=\"color: #4aacc4;\">(40 horas reloj)<\/span><br \/><span style=\"color: #4aacc4;\">(50 horas reloj)<\/span><br \/><span style=\"color: #4aacc4;\">(60 horas reloj)<\/span><br \/><span style=\"color: #4aacc4;\">(30 horas reloj)<\/span><br \/><span style=\"color: #4aacc4;\">(40 horas reloj)<\/span><br \/><span style=\"color: #4aacc4;\">(50 horas reloj)<\/span><br \/><span style=\"color: #4aacc4;\">(100 horas reloj)<\/span><\/p>\n<p style=\"text-align: left;\"><\/p><\/div><\/div>\n<p>&nbsp;<\/p>\n","protected":false},"excerpt":{"rendered":"<p>T\u00edtulo: Subayudante Penitenciario\/aDuraci\u00f3n: 1 A\u00f1o &#8211; Carga horaria total: 800 hs. relojValidez: RESOLUCI\u00d3N N\u00ba 343-ME-2022 Por\u00a0Decreto N\u00ba 343-ME-2022, se aprueba el trayecto de Formaci\u00f3n Profesional Inicial de la Modalidad de Educaci\u00f3n T\u00e9cnico Profesional, de \u201cSubayudante Penitenciario\/a\u201d que, como Anexo, forma parte integrante de la presente Resoluci\u00f3n, a implementarse a partir del ciclo lectivo 2022, y &#8230; <a title=\"Curso \u00abSubayudante Penitenciario\/a\u00bb.\" class=\"read-more\" href=\"https:\/\/issp-slu.infd.edu.ar\/sitio\/curso-sub-ayudante-penitenciario\/\" aria-label=\"More on Curso \u00abSubayudante Penitenciario\/a\u00bb.\">[+]<\/a><\/p>\n","protected":false},"author":14,"featured_media":0,"parent":0,"menu_order":0,"comment_status":"closed","ping_status":"closed","template":"","meta":[],"acf":[],"_links":{"self":[{"href":"https:\/\/issp-slu.infd.edu.ar\/sitio\/wp-json\/wp\/v2\/pages\/1984"}],"collection":[{"href":"https:\/\/issp-slu.infd.edu.ar\/sitio\/wp-json\/wp\/v2\/pages"}],"about":[{"href":"https:\/\/issp-slu.infd.edu.ar\/sitio\/wp-json\/wp\/v2\/types\/page"}],"author":[{"embeddable":true,"href":"https:\/\/issp-slu.infd.edu.ar\/sitio\/wp-json\/wp\/v2\/users\/14"}],"replies":[{"embeddable":true,"href":"https:\/\/issp-slu.infd.edu.ar\/sitio\/wp-json\/wp\/v2\/comments?post=1984"}],"version-history":[{"count":108,"href":"https:\/\/issp-slu.infd.edu.ar\/sitio\/wp-json\/wp\/v2\/pages\/1984\/revisions"}],"predecessor-version":[{"id":6431,"href":"https:\/\/issp-slu.infd.edu.ar\/sitio\/wp-json\/wp\/v2\/pages\/1984\/revisions\/6431"}],"wp:attachment":[{"href":"https:\/\/issp-slu.infd.edu.ar\/sitio\/wp-json\/wp\/v2\/media?parent=1984"}],"curies":[{"name":"wp","href":"https:\/\/api.w.org\/{rel}","templated":true}]}}