{"id":2038,"date":"2021-12-10T14:21:16","date_gmt":"2021-12-10T17:21:16","guid":{"rendered":"https:\/\/issp-slu.infd.edu.ar\/sitio\/?page_id=2038"},"modified":"2023-12-07T13:21:26","modified_gmt":"2023-12-07T16:21:26","slug":"requisitos","status":"publish","type":"page","link":"https:\/\/issp-slu.infd.edu.ar\/sitio\/requisitos\/","title":{"rendered":"Condiciones de ingreso."},"content":{"rendered":"<p><img decoding=\"async\" loading=\"lazy\" class=\"wp-image-2048 alignleft\" src=\"https:\/\/issp-slu.infd.edu.ar\/sitio\/wp-content\/uploads\/2021\/12\/WhatsApp-Image-2021-11-22-at-18.14.11-1000x750.jpeg\" alt=\"\" width=\"239\" height=\"179\" \/><\/p>\n<p><span style=\"color: #ff0000;\"><strong>Requisitos<\/strong><\/span> a tener en cuenta para su <span style=\"color: #ff0000;\"><strong>Pre-Inscripci\u00f3n 2023<\/strong><\/span> desde el <span style=\"color: #ff0000;\"><strong>22 al 28 de mayo<\/strong><\/span> al <strong>Curso <\/strong>de<strong> <span style=\"color: #0000ff;\">Agentes de Polic\u00eda<\/span><\/strong>\u00a0&#8211; <strong>Ciclo 2024<\/strong>.<\/p>\n<p><strong><em>Duraci\u00f3n:<\/em><\/strong>1 A\u00f1o.<\/p>\n<p><strong><em>Establecimiento:<\/em> <\/strong>Instituto Superior de Seguridad P\u00fablica \u00abCnel. Juan Pascual Pringles\u00bb.<\/p>\n<p style=\"text-align: center;\"><span style=\"color: #000000;\"><strong><img decoding=\"async\" loading=\"lazy\" class=\"alignnone  wp-image-5102\" src=\"https:\/\/issp-slu.infd.edu.ar\/sitio\/wp-content\/uploads\/2023\/05\/descarga.png\" alt=\"\" width=\"42\" height=\"42\" \/>\u00a0 <a href=\"https:\/\/drive.google.com\/file\/d\/1bUvkkT0jMLV0m6cfw82crV9TFchZ8T5q\/view?usp=sharing\">Resoluci\u00f3n N\u00ba 31-MS-2023<\/a> (Condiciones de Ingreso)<\/strong><\/span><\/p>\n<hr \/>\n<h5><img decoding=\"async\" loading=\"lazy\" class=\" wp-image-5626 alignleft\" src=\"https:\/\/issp-slu.infd.edu.ar\/sitio\/wp-content\/uploads\/2023\/08\/Importante.jpg\" alt=\"\" width=\"126\" height=\"125\" \/><\/h5>\n<p><strong>San Luis, 07-diciembre-2023:<\/strong>\u00a0Se encuentra a disposici\u00f3n el\u00a0<span style=\"color: #0000ff;\">Orden de M\u00e9rito<\/span>\u00a0\u2013 Aspirantes 2023 \u2013 Oferta Educativa \u00ab<span style=\"color: #0000ff;\"><strong>Agente de Polic\u00eda<\/strong><\/span>\u00bb para el\u00a0<strong>Ciclo lectivo 2024<\/strong>.-<\/p>\n<p><em><a href=\"https:\/\/drive.google.com\/file\/d\/15d41QKzbH_iAL4Zszsf3rLxVZ33XsoGM\/view?usp=sharing\">Archivo para descargar<\/a><\/em><\/p>\n<h5 style=\"text-align: center;\"><img decoding=\"async\" loading=\"lazy\" class=\"alignnone size-medium wp-image-5952\" src=\"https:\/\/issp-slu.infd.edu.ar\/sitio\/wp-content\/uploads\/2023\/11\/Banner-Periodo-de-adpatacion-y-Orden-de-Merito-1000x1000.jpg\" alt=\"\" width=\"1000\" height=\"1000\" srcset=\"https:\/\/issp-slu.infd.edu.ar\/sitio\/wp-content\/uploads\/2023\/11\/Banner-Periodo-de-adpatacion-y-Orden-de-Merito.jpg 1000w, https:\/\/issp-slu.infd.edu.ar\/sitio\/wp-content\/uploads\/2023\/11\/Banner-Periodo-de-adpatacion-y-Orden-de-Merito-500x500.jpg 500w, https:\/\/issp-slu.infd.edu.ar\/sitio\/wp-content\/uploads\/2023\/11\/Banner-Periodo-de-adpatacion-y-Orden-de-Merito-768x768.jpg 768w\" sizes=\"(max-width: 1000px) 100vw, 1000px\" \/><\/h5>\n<h5 style=\"text-align: center;\"><img decoding=\"async\" loading=\"lazy\" class=\"alignnone size-medium wp-image-5719\" src=\"https:\/\/issp-slu.infd.edu.ar\/sitio\/wp-content\/uploads\/2023\/09\/Banner-Examen-Medico-Agenter-de-Policia-y-Tec.-Policial-1000x248.jpg\" alt=\"\" width=\"1000\" height=\"248\" srcset=\"https:\/\/issp-slu.infd.edu.ar\/sitio\/wp-content\/uploads\/2023\/09\/Banner-Examen-Medico-Agenter-de-Policia-y-Tec.-Policial-1000x248.jpg 1000w, https:\/\/issp-slu.infd.edu.ar\/sitio\/wp-content\/uploads\/2023\/09\/Banner-Examen-Medico-Agenter-de-Policia-y-Tec.-Policial-768x191.jpg 768w, https:\/\/issp-slu.infd.edu.ar\/sitio\/wp-content\/uploads\/2023\/09\/Banner-Examen-Medico-Agenter-de-Policia-y-Tec.-Policial.jpg 1353w\" sizes=\"(max-width: 1000px) 100vw, 1000px\" \/><\/h5>\n<h5 style=\"text-align: center;\"><img decoding=\"async\" loading=\"lazy\" class=\"alignnone size-medium wp-image-5381\" src=\"https:\/\/issp-slu.infd.edu.ar\/sitio\/wp-content\/uploads\/2023\/06\/BANNER-Listado-de-Psicologos-1000x500.jpg\" alt=\"\" width=\"1000\" height=\"500\" srcset=\"https:\/\/issp-slu.infd.edu.ar\/sitio\/wp-content\/uploads\/2023\/06\/BANNER-Listado-de-Psicologos-1000x500.jpg 1000w, https:\/\/issp-slu.infd.edu.ar\/sitio\/wp-content\/uploads\/2023\/06\/BANNER-Listado-de-Psicologos-1900x950.jpg 1900w, https:\/\/issp-slu.infd.edu.ar\/sitio\/wp-content\/uploads\/2023\/06\/BANNER-Listado-de-Psicologos-768x384.jpg 768w, https:\/\/issp-slu.infd.edu.ar\/sitio\/wp-content\/uploads\/2023\/06\/BANNER-Listado-de-Psicologos-1536x768.jpg 1536w, https:\/\/issp-slu.infd.edu.ar\/sitio\/wp-content\/uploads\/2023\/06\/BANNER-Listado-de-Psicologos-2048x1024.jpg 2048w\" sizes=\"(max-width: 1000px) 100vw, 1000px\" \/><\/h5>\n<h5 style=\"text-align: center;\"><strong><a href=\"https:\/\/drive.google.com\/file\/d\/1m93o9Y65o_9WohJXEXurTKFKruvJWiWh\/view?usp=sharing\">Listado de Profesionales con tel\u00e9fonos<\/a>\u00a0<\/strong> \u00a0 \u00a0 \u00a0 \u00a0 \u00a0 \u00a0 \u00a0 \u00a0 \u00a0 \u00a0 \u00a0 \u00a0 \u00a0 \u00a0 \u00a0 \u00a0 ***\u00a0 \u00a0 \u00a0 \u00a0 \u00a0 \u00a0 \u00a0 \u00a0 \u00a0 \u00a0 \u00a0 \u00a0 \u00a0 \u00a0 \u00a0 \u00a0<a href=\"https:\/\/drive.google.com\/file\/d\/1Om6eQfvvY7l5jJhA1ztlM6V2rEThWW7a\/view?usp=sharing\"><strong> Listado de Profesionales con correos<\/strong><\/a><\/h5>\n<hr \/>\n<p style=\"text-align: center;\"><img decoding=\"async\" loading=\"lazy\" class=\"alignnone  wp-image-5320\" src=\"https:\/\/issp-slu.infd.edu.ar\/sitio\/wp-content\/uploads\/2023\/05\/Mensaje-2-Presentacion-de-documentacion-1000x500.jpg\" alt=\"\" width=\"798\" height=\"399\" srcset=\"https:\/\/issp-slu.infd.edu.ar\/sitio\/wp-content\/uploads\/2023\/05\/Mensaje-2-Presentacion-de-documentacion-1000x500.jpg 1000w, https:\/\/issp-slu.infd.edu.ar\/sitio\/wp-content\/uploads\/2023\/05\/Mensaje-2-Presentacion-de-documentacion-1900x950.jpg 1900w, https:\/\/issp-slu.infd.edu.ar\/sitio\/wp-content\/uploads\/2023\/05\/Mensaje-2-Presentacion-de-documentacion-768x384.jpg 768w, https:\/\/issp-slu.infd.edu.ar\/sitio\/wp-content\/uploads\/2023\/05\/Mensaje-2-Presentacion-de-documentacion-1536x768.jpg 1536w, https:\/\/issp-slu.infd.edu.ar\/sitio\/wp-content\/uploads\/2023\/05\/Mensaje-2-Presentacion-de-documentacion-2048x1024.jpg 2048w\" sizes=\"(max-width: 798px) 100vw, 798px\" \/><\/p>\n<hr \/>\n<h2 style=\"text-align: left;\"><strong><span style=\"color: #0000ff;\">Condiciones de Ingreso:<em><span style=\"color: #ff0000;\"><img decoding=\"async\" loading=\"lazy\" class=\"wp-image-5069 alignright\" src=\"https:\/\/issp-slu.infd.edu.ar\/sitio\/wp-content\/uploads\/2023\/05\/Logo-del-ISSP-1.jpg\" alt=\"\" width=\"145\" height=\"145\" srcset=\"https:\/\/issp-slu.infd.edu.ar\/sitio\/wp-content\/uploads\/2023\/05\/Logo-del-ISSP-1.jpg 600w, https:\/\/issp-slu.infd.edu.ar\/sitio\/wp-content\/uploads\/2023\/05\/Logo-del-ISSP-1-500x500.jpg 500w\" sizes=\"(max-width: 145px) 100vw, 145px\" \/><\/span><\/em><\/span><\/strong><\/h2>\n<p style=\"padding-left: 80px;\"><strong><img decoding=\"async\" loading=\"lazy\" class=\"alignnone  wp-image-5084\" src=\"https:\/\/issp-slu.infd.edu.ar\/sitio\/wp-content\/uploads\/2023\/05\/libro-1.png\" alt=\"\" width=\"48\" height=\"27\" \/> Cupo: <span style=\"color: #ff0000;\">100<\/span><em><span style=\"color: #ff0000;\">\u00a0(80% masculino &#8211; 20% femenino).<\/span><\/em><\/strong><\/p>\n<p style=\"padding-left: 80px;\"><strong><img decoding=\"async\" loading=\"lazy\" class=\"alignnone  wp-image-5084\" src=\"https:\/\/issp-slu.infd.edu.ar\/sitio\/wp-content\/uploads\/2023\/05\/libro-1.png\" alt=\"\" width=\"48\" height=\"27\" \/> Edad: <\/strong>18 a 24 a\u00f1os.<\/p>\n<p style=\"padding-left: 80px;\"><strong><img decoding=\"async\" loading=\"lazy\" class=\"alignnone  wp-image-5084\" src=\"https:\/\/issp-slu.infd.edu.ar\/sitio\/wp-content\/uploads\/2023\/05\/libro-1.png\" alt=\"\" width=\"48\" height=\"27\" \/> Nacido o con una residencia comprobable de 5 a\u00f1os en San Luis.<\/strong><\/p>\n<p style=\"padding-left: 80px;\"><strong><img decoding=\"async\" loading=\"lazy\" class=\"alignnone  wp-image-5084\" src=\"https:\/\/issp-slu.infd.edu.ar\/sitio\/wp-content\/uploads\/2023\/05\/libro-1.png\" alt=\"\" width=\"48\" height=\"27\" \/> Altura:<\/strong> femenino (1,60 m.) &#8211; masculino (1,65 m.)<\/p>\n<p style=\"padding-left: 80px;\"><strong><img decoding=\"async\" loading=\"lazy\" class=\"alignnone  wp-image-5084\" src=\"https:\/\/issp-slu.infd.edu.ar\/sitio\/wp-content\/uploads\/2023\/05\/libro-1.png\" alt=\"\" width=\"48\" height=\"27\" \/> I.M.C.:<\/strong> con una tolerancia de hasta un \u00edndice de 29.<\/p>\n<p style=\"padding-left: 80px;\"><strong><img decoding=\"async\" loading=\"lazy\" class=\"alignnone  wp-image-5084\" src=\"https:\/\/issp-slu.infd.edu.ar\/sitio\/wp-content\/uploads\/2023\/05\/libro-1.png\" alt=\"\" width=\"48\" height=\"27\" \/><\/strong> <strong>Secundario completo o estar cursando el \u00faltimo a\u00f1o.<\/strong><\/p>\n<p style=\"text-align: left;\"><strong>Art. 1\u00b0:<\/strong> DISPONER el llamado a Inscripciones, para e! Ciclo Lectivo 2024, del <strong>CURSO: \u201cAGENTE DE POLICIA\u201d<\/strong>.\u00a0 Ver <a href=\"https:\/\/drive.google.com\/file\/d\/11vunuIAj7bNcx-Qdn2QccYWJbYw-EKM9\/view?usp=sharing\"><span style=\"color: #0000ff;\"><strong>Resoluci\u00f3n N\u00ba 25-ISSP-2023<\/strong><\/span><\/a>. <img decoding=\"async\" loading=\"lazy\" class=\"alignnone  wp-image-5102\" src=\"https:\/\/issp-slu.infd.edu.ar\/sitio\/wp-content\/uploads\/2023\/05\/descarga.png\" alt=\"\" width=\"35\" height=\"35\" \/><\/p>\n","protected":false},"excerpt":{"rendered":"<p>Requisitos a tener en cuenta para su Pre-Inscripci\u00f3n 2023 desde el 22 al 28 de mayo al Curso de Agentes de Polic\u00eda\u00a0&#8211; Ciclo 2024. Duraci\u00f3n:1 A\u00f1o. Establecimiento: Instituto Superior de Seguridad P\u00fablica \u00abCnel. Juan Pascual Pringles\u00bb. \u00a0 Resoluci\u00f3n N\u00ba 31-MS-2023 (Condiciones de Ingreso) San Luis, 07-diciembre-2023:\u00a0Se encuentra a disposici\u00f3n el\u00a0Orden de M\u00e9rito\u00a0\u2013 Aspirantes 2023 \u2013 &#8230; <a title=\"Condiciones de ingreso.\" class=\"read-more\" href=\"https:\/\/issp-slu.infd.edu.ar\/sitio\/requisitos\/\" aria-label=\"More on Condiciones de ingreso.\">[+]<\/a><\/p>\n","protected":false},"author":14,"featured_media":0,"parent":0,"menu_order":0,"comment_status":"closed","ping_status":"closed","template":"","meta":[],"acf":[],"_links":{"self":[{"href":"https:\/\/issp-slu.infd.edu.ar\/sitio\/wp-json\/wp\/v2\/pages\/2038"}],"collection":[{"href":"https:\/\/issp-slu.infd.edu.ar\/sitio\/wp-json\/wp\/v2\/pages"}],"about":[{"href":"https:\/\/issp-slu.infd.edu.ar\/sitio\/wp-json\/wp\/v2\/types\/page"}],"author":[{"embeddable":true,"href":"https:\/\/issp-slu.infd.edu.ar\/sitio\/wp-json\/wp\/v2\/users\/14"}],"replies":[{"embeddable":true,"href":"https:\/\/issp-slu.infd.edu.ar\/sitio\/wp-json\/wp\/v2\/comments?post=2038"}],"version-history":[{"count":131,"href":"https:\/\/issp-slu.infd.edu.ar\/sitio\/wp-json\/wp\/v2\/pages\/2038\/revisions"}],"predecessor-version":[{"id":5978,"href":"https:\/\/issp-slu.infd.edu.ar\/sitio\/wp-json\/wp\/v2\/pages\/2038\/revisions\/5978"}],"wp:attachment":[{"href":"https:\/\/issp-slu.infd.edu.ar\/sitio\/wp-json\/wp\/v2\/media?parent=2038"}],"curies":[{"name":"wp","href":"https:\/\/api.w.org\/{rel}","templated":true}]}}