{"id":2079,"date":"2021-12-10T16:35:57","date_gmt":"2021-12-10T19:35:57","guid":{"rendered":"https:\/\/issp-slu.infd.edu.ar\/sitio\/?page_id=2079"},"modified":"2023-12-07T16:03:33","modified_gmt":"2023-12-07T19:03:33","slug":"requisitos-inscripcion-2","status":"publish","type":"page","link":"https:\/\/issp-slu.infd.edu.ar\/sitio\/requisitos-inscripcion-2\/","title":{"rendered":"Condiciones de ingreso."},"content":{"rendered":"<p><span style=\"color: #ff0000;\"><strong><img decoding=\"async\" loading=\"lazy\" class=\"wp-image-2075 alignleft\" src=\"https:\/\/issp-slu.infd.edu.ar\/sitio\/wp-content\/uploads\/2021\/12\/WhatsApp-Image-2021-11-22-at-18.16.45-1000x701.jpeg\" alt=\"\" width=\"247\" height=\"173\" srcset=\"https:\/\/issp-slu.infd.edu.ar\/sitio\/wp-content\/uploads\/2021\/12\/WhatsApp-Image-2021-11-22-at-18.16.45-1000x701.jpeg 1000w, https:\/\/issp-slu.infd.edu.ar\/sitio\/wp-content\/uploads\/2021\/12\/WhatsApp-Image-2021-11-22-at-18.16.45-768x538.jpeg 768w, https:\/\/issp-slu.infd.edu.ar\/sitio\/wp-content\/uploads\/2021\/12\/WhatsApp-Image-2021-11-22-at-18.16.45.jpeg 1264w\" sizes=\"(max-width: 247px) 100vw, 247px\" \/><\/strong><\/span><\/p>\n<p><span style=\"color: #ff0000;\"><strong>Requisitos<\/strong><\/span> a tener en cuenta para su <span style=\"color: #ff0000;\"><strong>Pre-Inscripci\u00f3n 2023<\/strong><\/span> desde el <span style=\"color: #ff0000;\"><strong>22 al 28 de mayo<\/strong><\/span> a la <strong>Carrera <span style=\"color: #0000ff;\">T\u00e9cnico Superior en Seguridad P\u00fablica<\/span><\/strong>\u00a0&#8211; <strong>Ciclo 2024<\/strong>.<\/p>\n<p><strong><em>Duraci\u00f3n:<\/em> <\/strong>3 A\u00f1os.<\/p>\n<p><strong><em>Establecimiento:<\/em> <\/strong>Instituto Superior de Seguridad P\u00fablica \u00abCnel. Juan Pascual Pringles\u00bb.<\/p>\n<p style=\"text-align: center;\"><span style=\"color: #000000;\"><strong><a style=\"color: #000000;\" href=\"https:\/\/drive.google.com\/file\/d\/1IDze2EjQini0UtTqWQ6fECsB6g93bXDO\/view?usp=sharing\"><img decoding=\"async\" loading=\"lazy\" class=\"alignnone  wp-image-5102\" src=\"https:\/\/issp-slu.infd.edu.ar\/sitio\/wp-content\/uploads\/2023\/05\/descarga.png\" alt=\"\" width=\"42\" height=\"42\" \/><\/a><a href=\"https:\/\/drive.google.com\/file\/d\/1bUvkkT0jMLV0m6cfw82crV9TFchZ8T5q\/view?usp=sharing\"> Resoluci\u00f3n N\u00ba 31-MS-2023<\/a> (Condiciones de Ingreso)<\/strong><\/span><\/p>\n<hr \/>\n<h5><img decoding=\"async\" loading=\"lazy\" class=\"wp-image-5626 alignleft\" src=\"https:\/\/issp-slu.infd.edu.ar\/sitio\/wp-content\/uploads\/2023\/08\/Importante.jpg\" alt=\"\" width=\"94\" height=\"93\" \/><\/h5>\n<p><strong>San Luis, 07-diciembre-2023:<\/strong>\u00a0Se encuentra a disposici\u00f3n el\u00a0<span style=\"color: #0000ff;\">Orden de M\u00e9rito<\/span>\u00a0\u2013 Aspirantes 2023 \u2013 Oferta Educativa \u00ab<span style=\"color: #0000ff;\"><strong>T\u00e9cnico Superior en Seguridad P\u00fablica<\/strong><\/span>\u00bb para el\u00a0<strong>Ciclo lectivo 2024<\/strong>.-<\/p>\n<p><a href=\"https:\/\/drive.google.com\/file\/d\/1dYbbN0W6nl1hJaYcdQX298-Y3uhjd2wK\/view?usp=sharing\"><em>Archivo para descargar<\/em><\/a><\/p>\n<h5 style=\"text-align: center;\"><img decoding=\"async\" loading=\"lazy\" class=\"alignnone size-medium wp-image-5952\" src=\"https:\/\/issp-slu.infd.edu.ar\/sitio\/wp-content\/uploads\/2023\/11\/Banner-Periodo-de-adpatacion-y-Orden-de-Merito-1000x1000.jpg\" alt=\"\" width=\"1000\" height=\"1000\" srcset=\"https:\/\/issp-slu.infd.edu.ar\/sitio\/wp-content\/uploads\/2023\/11\/Banner-Periodo-de-adpatacion-y-Orden-de-Merito.jpg 1000w, https:\/\/issp-slu.infd.edu.ar\/sitio\/wp-content\/uploads\/2023\/11\/Banner-Periodo-de-adpatacion-y-Orden-de-Merito-500x500.jpg 500w, https:\/\/issp-slu.infd.edu.ar\/sitio\/wp-content\/uploads\/2023\/11\/Banner-Periodo-de-adpatacion-y-Orden-de-Merito-768x768.jpg 768w\" sizes=\"(max-width: 1000px) 100vw, 1000px\" \/><\/h5>\n<h5 style=\"text-align: center;\"><img decoding=\"async\" loading=\"lazy\" class=\"alignnone size-medium wp-image-5719\" src=\"https:\/\/issp-slu.infd.edu.ar\/sitio\/wp-content\/uploads\/2023\/09\/Banner-Examen-Medico-Agenter-de-Policia-y-Tec.-Policial-1000x248.jpg\" alt=\"\" width=\"1000\" height=\"248\" srcset=\"https:\/\/issp-slu.infd.edu.ar\/sitio\/wp-content\/uploads\/2023\/09\/Banner-Examen-Medico-Agenter-de-Policia-y-Tec.-Policial-1000x248.jpg 1000w, https:\/\/issp-slu.infd.edu.ar\/sitio\/wp-content\/uploads\/2023\/09\/Banner-Examen-Medico-Agenter-de-Policia-y-Tec.-Policial-768x191.jpg 768w, https:\/\/issp-slu.infd.edu.ar\/sitio\/wp-content\/uploads\/2023\/09\/Banner-Examen-Medico-Agenter-de-Policia-y-Tec.-Policial.jpg 1353w\" sizes=\"(max-width: 1000px) 100vw, 1000px\" \/><\/h5>\n<h5 style=\"text-align: center;\"><img decoding=\"async\" loading=\"lazy\" class=\"alignnone size-medium wp-image-5381\" src=\"https:\/\/issp-slu.infd.edu.ar\/sitio\/wp-content\/uploads\/2023\/06\/BANNER-Listado-de-Psicologos-1000x500.jpg\" alt=\"\" width=\"1000\" height=\"500\" srcset=\"https:\/\/issp-slu.infd.edu.ar\/sitio\/wp-content\/uploads\/2023\/06\/BANNER-Listado-de-Psicologos-1000x500.jpg 1000w, https:\/\/issp-slu.infd.edu.ar\/sitio\/wp-content\/uploads\/2023\/06\/BANNER-Listado-de-Psicologos-1900x950.jpg 1900w, https:\/\/issp-slu.infd.edu.ar\/sitio\/wp-content\/uploads\/2023\/06\/BANNER-Listado-de-Psicologos-768x384.jpg 768w, https:\/\/issp-slu.infd.edu.ar\/sitio\/wp-content\/uploads\/2023\/06\/BANNER-Listado-de-Psicologos-1536x768.jpg 1536w, https:\/\/issp-slu.infd.edu.ar\/sitio\/wp-content\/uploads\/2023\/06\/BANNER-Listado-de-Psicologos-2048x1024.jpg 2048w\" sizes=\"(max-width: 1000px) 100vw, 1000px\" \/><\/h5>\n<h5 style=\"text-align: center;\"><strong><a href=\"https:\/\/drive.google.com\/file\/d\/1m93o9Y65o_9WohJXEXurTKFKruvJWiWh\/view?usp=sharing\">Listado de Profesionales con tel\u00e9fonos<\/a>\u00a0<\/strong> \u00a0 \u00a0 \u00a0 \u00a0 \u00a0 \u00a0 \u00a0 \u00a0 \u00a0 \u00a0 \u00a0 \u00a0 \u00a0 \u00a0 \u00a0 \u00a0 ***\u00a0 \u00a0 \u00a0 \u00a0 \u00a0 \u00a0 \u00a0 \u00a0 \u00a0 \u00a0 \u00a0 \u00a0 \u00a0 \u00a0 \u00a0 \u00a0<a href=\"https:\/\/drive.google.com\/file\/d\/1Om6eQfvvY7l5jJhA1ztlM6V2rEThWW7a\/view?usp=sharing\"><strong> Listado de Profesionales con correos<\/strong><\/a><\/h5>\n<hr \/>\n<p style=\"text-align: center;\"><img decoding=\"async\" loading=\"lazy\" class=\"alignnone  wp-image-5320\" src=\"https:\/\/issp-slu.infd.edu.ar\/sitio\/wp-content\/uploads\/2023\/05\/Mensaje-2-Presentacion-de-documentacion-1000x500.jpg\" alt=\"\" width=\"709\" height=\"355\" srcset=\"https:\/\/issp-slu.infd.edu.ar\/sitio\/wp-content\/uploads\/2023\/05\/Mensaje-2-Presentacion-de-documentacion-1000x500.jpg 1000w, https:\/\/issp-slu.infd.edu.ar\/sitio\/wp-content\/uploads\/2023\/05\/Mensaje-2-Presentacion-de-documentacion-1900x950.jpg 1900w, https:\/\/issp-slu.infd.edu.ar\/sitio\/wp-content\/uploads\/2023\/05\/Mensaje-2-Presentacion-de-documentacion-768x384.jpg 768w, https:\/\/issp-slu.infd.edu.ar\/sitio\/wp-content\/uploads\/2023\/05\/Mensaje-2-Presentacion-de-documentacion-1536x768.jpg 1536w, https:\/\/issp-slu.infd.edu.ar\/sitio\/wp-content\/uploads\/2023\/05\/Mensaje-2-Presentacion-de-documentacion-2048x1024.jpg 2048w\" sizes=\"(max-width: 709px) 100vw, 709px\" \/><\/p>\n<hr \/>\n<h2 style=\"text-align: left;\"><strong><span style=\"color: #0000ff;\">Condiciones de Ingreso:<em><span style=\"color: #ff0000;\"><img decoding=\"async\" loading=\"lazy\" class=\"wp-image-5069 alignright\" src=\"https:\/\/issp-slu.infd.edu.ar\/sitio\/wp-content\/uploads\/2023\/05\/Logo-del-ISSP-1.jpg\" alt=\"\" width=\"145\" height=\"145\" srcset=\"https:\/\/issp-slu.infd.edu.ar\/sitio\/wp-content\/uploads\/2023\/05\/Logo-del-ISSP-1.jpg 600w, https:\/\/issp-slu.infd.edu.ar\/sitio\/wp-content\/uploads\/2023\/05\/Logo-del-ISSP-1-500x500.jpg 500w\" sizes=\"(max-width: 145px) 100vw, 145px\" \/><\/span><\/em><\/span><\/strong><\/h2>\n<p style=\"padding-left: 80px;\"><strong><img decoding=\"async\" loading=\"lazy\" class=\"alignnone  wp-image-5084\" src=\"https:\/\/issp-slu.infd.edu.ar\/sitio\/wp-content\/uploads\/2023\/05\/libro-1.png\" alt=\"\" width=\"48\" height=\"27\" \/> Cupo: <span style=\"color: #ff0000;\">6<em>0<\/em><\/span><em><span style=\"color: #ff0000;\"> (80% masculino &#8211; 20% femenino).<\/span><\/em><\/strong><\/p>\n<p style=\"padding-left: 80px;\"><strong><img decoding=\"async\" loading=\"lazy\" class=\"alignnone  wp-image-5084\" src=\"https:\/\/issp-slu.infd.edu.ar\/sitio\/wp-content\/uploads\/2023\/05\/libro-1.png\" alt=\"\" width=\"48\" height=\"27\" \/> Edad: <\/strong>18 a 24 a\u00f1os.<\/p>\n<p style=\"padding-left: 80px;\"><strong><img decoding=\"async\" loading=\"lazy\" class=\"alignnone  wp-image-5084\" src=\"https:\/\/issp-slu.infd.edu.ar\/sitio\/wp-content\/uploads\/2023\/05\/libro-1.png\" alt=\"\" width=\"48\" height=\"27\" \/> Nacido o con una residencia comprobable de 5 a\u00f1os en San Luis.<\/strong><\/p>\n<p style=\"padding-left: 80px;\"><strong><img decoding=\"async\" loading=\"lazy\" class=\"alignnone  wp-image-5084\" src=\"https:\/\/issp-slu.infd.edu.ar\/sitio\/wp-content\/uploads\/2023\/05\/libro-1.png\" alt=\"\" width=\"48\" height=\"27\" \/> Altura:<\/strong> femenino (1,60 m.) &#8211; masculino (1,65 m.)<\/p>\n<p style=\"padding-left: 80px;\"><strong><img decoding=\"async\" loading=\"lazy\" class=\"alignnone  wp-image-5084\" src=\"https:\/\/issp-slu.infd.edu.ar\/sitio\/wp-content\/uploads\/2023\/05\/libro-1.png\" alt=\"\" width=\"48\" height=\"27\" \/> I.M.C.:<\/strong> con una tolerancia de hasta un \u00edndice de 29.<\/p>\n<p style=\"padding-left: 80px;\"><strong><img decoding=\"async\" loading=\"lazy\" class=\"alignnone  wp-image-5084\" src=\"https:\/\/issp-slu.infd.edu.ar\/sitio\/wp-content\/uploads\/2023\/05\/libro-1.png\" alt=\"\" width=\"48\" height=\"27\" \/><\/strong> <strong>Secundario completo o estar cursando el \u00faltimo a\u00f1o.<\/strong><\/p>\n<p style=\"text-align: left;\"><strong>Art. 1\u00b0:<\/strong> DISPONER el llamado a Inscripciones, para el Ciclo Lectivo 2024, de la <strong>TECNICATURA SUPERIOR EN SEGURIDAD PUBLICA<\/strong>. Ver <a href=\"https:\/\/drive.google.com\/file\/d\/1O0S89maDuPSiY6nnL67jkJNHOYvWRG3r\/view?usp=sharing\"><strong><span style=\"color: #0000ff;\">Resoluci\u00f3n N\u00ba 22-ISSP-2023<\/span><\/strong><\/a> <img decoding=\"async\" loading=\"lazy\" class=\"alignnone  wp-image-5102\" src=\"https:\/\/issp-slu.infd.edu.ar\/sitio\/wp-content\/uploads\/2023\/05\/descarga.png\" alt=\"\" width=\"42\" height=\"42\" \/><\/p>\n","protected":false},"excerpt":{"rendered":"<p>Requisitos a tener en cuenta para su Pre-Inscripci\u00f3n 2023 desde el 22 al 28 de mayo a la Carrera T\u00e9cnico Superior en Seguridad P\u00fablica\u00a0&#8211; Ciclo 2024. Duraci\u00f3n: 3 A\u00f1os. Establecimiento: Instituto Superior de Seguridad P\u00fablica \u00abCnel. Juan Pascual Pringles\u00bb. Resoluci\u00f3n N\u00ba 31-MS-2023 (Condiciones de Ingreso) San Luis, 07-diciembre-2023:\u00a0Se encuentra a disposici\u00f3n el\u00a0Orden de M\u00e9rito\u00a0\u2013 Aspirantes &#8230; <a title=\"Condiciones de ingreso.\" class=\"read-more\" href=\"https:\/\/issp-slu.infd.edu.ar\/sitio\/requisitos-inscripcion-2\/\" aria-label=\"More on Condiciones de ingreso.\">[+]<\/a><\/p>\n","protected":false},"author":14,"featured_media":0,"parent":0,"menu_order":0,"comment_status":"closed","ping_status":"closed","template":"","meta":[],"acf":[],"_links":{"self":[{"href":"https:\/\/issp-slu.infd.edu.ar\/sitio\/wp-json\/wp\/v2\/pages\/2079"}],"collection":[{"href":"https:\/\/issp-slu.infd.edu.ar\/sitio\/wp-json\/wp\/v2\/pages"}],"about":[{"href":"https:\/\/issp-slu.infd.edu.ar\/sitio\/wp-json\/wp\/v2\/types\/page"}],"author":[{"embeddable":true,"href":"https:\/\/issp-slu.infd.edu.ar\/sitio\/wp-json\/wp\/v2\/users\/14"}],"replies":[{"embeddable":true,"href":"https:\/\/issp-slu.infd.edu.ar\/sitio\/wp-json\/wp\/v2\/comments?post=2079"}],"version-history":[{"count":124,"href":"https:\/\/issp-slu.infd.edu.ar\/sitio\/wp-json\/wp\/v2\/pages\/2079\/revisions"}],"predecessor-version":[{"id":5984,"href":"https:\/\/issp-slu.infd.edu.ar\/sitio\/wp-json\/wp\/v2\/pages\/2079\/revisions\/5984"}],"wp:attachment":[{"href":"https:\/\/issp-slu.infd.edu.ar\/sitio\/wp-json\/wp\/v2\/media?parent=2079"}],"curies":[{"name":"wp","href":"https:\/\/api.w.org\/{rel}","templated":true}]}}