{"id":2427,"date":"2022-01-26T16:27:12","date_gmt":"2022-01-26T19:27:12","guid":{"rendered":"https:\/\/issp-slu.infd.edu.ar\/sitio\/?page_id=2427"},"modified":"2023-07-16T11:21:51","modified_gmt":"2023-07-16T14:21:51","slug":"material-de-estudio-examen-academico","status":"publish","type":"page","link":"https:\/\/issp-slu.infd.edu.ar\/sitio\/material-de-estudio-examen-academico\/","title":{"rendered":"Material de Estudio &#8211; Examen Acad\u00e9mico"},"content":{"rendered":"<p style=\"text-align: center;\"><img decoding=\"async\" loading=\"lazy\" class=\"wp-image-2420 alignleft\" src=\"https:\/\/issp-slu.infd.edu.ar\/sitio\/wp-content\/uploads\/2022\/01\/Examen-Academico.jpg\" alt=\"\" width=\"159\" height=\"106\">De acuerdo a <strong>Resoluci\u00f3n N\u00b0 23-ISSP-2023<\/strong> (Oferta Educativa 2023 &#8211; \u00ab<span style=\"color: #000080;\"><strong>Tecnicatura Superior en Seguridad P\u00fablica Orientada a la Formaci\u00f3n de Agentes Penitenciarios\u00bb<\/strong><\/span>) &#8211; en su<span style=\"color: #ff0000;\"><strong> Instancia de Evaluaci\u00f3n<\/strong><\/span> correspondiente al <strong>Punto 4 &#8211;<\/strong>&nbsp;<span style=\"color: #ff0000;\"><strong>Examen Acad\u00e9mico &#8211; <\/strong><\/span><span style=\"font-size: revert;\">\u00ab<\/span><em style=\"font-size: revert;\">\u2026 El examen acad\u00e9mico consistir\u00e1 en la evaluaci\u00f3n de cuatro (4) espacios curriculares; los mismos deber\u00e1n ser aprobados individualmente con cuatro (4) puntos (60 %) como m\u00ednimo, para acceder al orden de M\u00e9rito \u2026<\/em><span style=\"font-size: revert;\">\u00ab.<\/span><\/p>\n<p>Se habilita para su descarga a partir de la fecha de los Cuadernillos pertenecientes a los&nbsp;<strong>4 (cuatro) Espacios Curriculares<\/strong>:<\/p>\n\n\n<figure class=\"wp-block-table is-style-stripes\"><table><tbody><tr><td class=\"has-text-align-center\" data-align=\"center\"><strong>Expresi\u00f3n Oral y Escrita.<\/strong><\/td><td class=\"has-text-align-center\" data-align=\"center\"><a href=\"https:\/\/drive.google.com\/file\/d\/1Zu-gcBIwi03OfB7FLmpZSqlK1Zc36zL-\/view?usp=sharing\">Descargar el Material<\/a><\/td><\/tr><tr><td class=\"has-text-align-center\" data-align=\"center\"><strong>Geograf\u00eda de San Luis.<\/strong><\/td><td class=\"has-text-align-center\" data-align=\"center\"><a href=\"https:\/\/drive.google.com\/file\/d\/1fqvBZ5bHdq08dxIG9_YDccQ3t0OQ8-Q7\/view?usp=sharing\">Descargar el Material<\/a><\/td><\/tr><tr><td class=\"has-text-align-center\" data-align=\"center\"><strong>Historia de San Luis.<\/strong><\/td><td class=\"has-text-align-center\" data-align=\"center\"><a href=\"https:\/\/drive.google.com\/file\/d\/1n9IUlaWzTETwikQTSeA1w8m8ehFjQi0p\/view?usp=sharing\">Descargar el Material<\/a><\/td><\/tr><tr><td class=\"has-text-align-center\" data-align=\"center\"><strong>Nociones B\u00e1sicas de Derecho.<\/strong><\/td><td class=\"has-text-align-center\" data-align=\"center\"><a href=\"https:\/\/drive.google.com\/file\/d\/1lBT1socsVp_84U1byQzo2ebRbMo7Wgwb\/view?usp=sharing\">Descargar el Material<\/a><\/td><\/tr><\/tbody><\/table><figcaption class=\"wp-element-caption\">San Luis, 05-mayo-2023<\/figcaption><\/figure>\n\n\n\n<figure class=\"wp-block-image size-large\"><img decoding=\"async\" loading=\"lazy\" width=\"1900\" height=\"380\" src=\"https:\/\/issp-slu.infd.edu.ar\/sitio\/wp-content\/uploads\/2023\/07\/Comunicado-del-ISSP-Clase-de-Consultas-y-Examen-Academico-1-1900x380.jpg\" alt=\"\" class=\"wp-image-5504\" srcset=\"https:\/\/issp-slu.infd.edu.ar\/sitio\/wp-content\/uploads\/2023\/07\/Comunicado-del-ISSP-Clase-de-Consultas-y-Examen-Academico-1-1900x380.jpg 1900w, https:\/\/issp-slu.infd.edu.ar\/sitio\/wp-content\/uploads\/2023\/07\/Comunicado-del-ISSP-Clase-de-Consultas-y-Examen-Academico-1-1000x200.jpg 1000w, https:\/\/issp-slu.infd.edu.ar\/sitio\/wp-content\/uploads\/2023\/07\/Comunicado-del-ISSP-Clase-de-Consultas-y-Examen-Academico-1-768x154.jpg 768w, https:\/\/issp-slu.infd.edu.ar\/sitio\/wp-content\/uploads\/2023\/07\/Comunicado-del-ISSP-Clase-de-Consultas-y-Examen-Academico-1-1536x307.jpg 1536w, https:\/\/issp-slu.infd.edu.ar\/sitio\/wp-content\/uploads\/2023\/07\/Comunicado-del-ISSP-Clase-de-Consultas-y-Examen-Academico-1-2048x410.jpg 2048w\" sizes=\"(max-width: 1900px) 100vw, 1900px\" \/><\/figure>\n","protected":false},"excerpt":{"rendered":"<p>De acuerdo a Resoluci\u00f3n N\u00b0 23-ISSP-2023 (Oferta Educativa 2023 &#8211; \u00abTecnicatura Superior en Seguridad P\u00fablica Orientada a la Formaci\u00f3n de Agentes Penitenciarios\u00bb) &#8211; en su Instancia de Evaluaci\u00f3n correspondiente al Punto 4 &#8211;&nbsp;Examen Acad\u00e9mico &#8211; \u00ab\u2026 El examen acad\u00e9mico consistir\u00e1 en la evaluaci\u00f3n de cuatro (4) espacios curriculares; los mismos deber\u00e1n ser aprobados individualmente con &#8230; <a title=\"Material de Estudio &#8211; Examen Acad\u00e9mico\" class=\"read-more\" href=\"https:\/\/issp-slu.infd.edu.ar\/sitio\/material-de-estudio-examen-academico\/\" aria-label=\"More on Material de Estudio &#8211; Examen Acad\u00e9mico\">[+]<\/a><\/p>\n","protected":false},"author":14,"featured_media":0,"parent":0,"menu_order":0,"comment_status":"closed","ping_status":"closed","template":"","meta":[],"acf":[],"_links":{"self":[{"href":"https:\/\/issp-slu.infd.edu.ar\/sitio\/wp-json\/wp\/v2\/pages\/2427"}],"collection":[{"href":"https:\/\/issp-slu.infd.edu.ar\/sitio\/wp-json\/wp\/v2\/pages"}],"about":[{"href":"https:\/\/issp-slu.infd.edu.ar\/sitio\/wp-json\/wp\/v2\/types\/page"}],"author":[{"embeddable":true,"href":"https:\/\/issp-slu.infd.edu.ar\/sitio\/wp-json\/wp\/v2\/users\/14"}],"replies":[{"embeddable":true,"href":"https:\/\/issp-slu.infd.edu.ar\/sitio\/wp-json\/wp\/v2\/comments?post=2427"}],"version-history":[{"count":11,"href":"https:\/\/issp-slu.infd.edu.ar\/sitio\/wp-json\/wp\/v2\/pages\/2427\/revisions"}],"predecessor-version":[{"id":5505,"href":"https:\/\/issp-slu.infd.edu.ar\/sitio\/wp-json\/wp\/v2\/pages\/2427\/revisions\/5505"}],"wp:attachment":[{"href":"https:\/\/issp-slu.infd.edu.ar\/sitio\/wp-json\/wp\/v2\/media?parent=2427"}],"curies":[{"name":"wp","href":"https:\/\/api.w.org\/{rel}","templated":true}]}}