{"id":2434,"date":"2022-01-26T16:44:24","date_gmt":"2022-01-26T19:44:24","guid":{"rendered":"https:\/\/issp-slu.infd.edu.ar\/sitio\/?page_id=2434"},"modified":"2023-07-16T11:22:37","modified_gmt":"2023-07-16T14:22:37","slug":"material-de-estudio-2","status":"publish","type":"page","link":"https:\/\/issp-slu.infd.edu.ar\/sitio\/material-de-estudio-2\/","title":{"rendered":"Material de Estudio &#8211; Examen Acad\u00e9mico"},"content":{"rendered":"<p style=\"text-align: center;\"><!--more--><img decoding=\"async\" loading=\"lazy\" class=\" wp-image-2435 alignright\" src=\"https:\/\/issp-slu.infd.edu.ar\/sitio\/wp-content\/uploads\/2022\/01\/Material-de-Estudio.jpg\" alt=\"\" width=\"347\" height=\"139\">De acuerdo a <strong>Resoluci\u00f3n N\u00b0 25-ISSP-2023<\/strong> (Oferta Educativa 2023 &#8211;&nbsp; Curso \u00ab<span style=\"color: #000080;\"><strong>Agente de Polic\u00eda\u00bb<\/strong><\/span>) &#8211; en su<span style=\"color: #ff0000;\"><strong> Instancia de Evaluaci\u00f3n<\/strong><\/span> correspondiente al <strong>Punto 4 &#8211;<\/strong>&nbsp;<span style=\"color: #ff0000;\"><strong>Examen Acad\u00e9mico &#8211; <\/strong><span style=\"color: #000000;\"><em>\u00ab\u2026 El examen acad\u00e9mico consistir\u00e1 en la evaluaci\u00f3n de cuatro (4) espacios curriculares; los mismos deber\u00e1n ser aprobados individualmente con cuatro (4) puntos (60 %) como m\u00ednimo, para acceder al orden de M\u00e9rito \u2026\u00ab.<\/em><\/span><\/span>&nbsp;<\/p>\n<p style=\"text-align: center;\">Se habilita para su descarga a partir de la fecha de los Cuadernillos pertenecientes a los <strong>4 (cuatro) Espacios Curriculares<\/strong>:<\/p>\n\n\n<div class=\"wp-block-buttons alignwide is-horizontal is-content-justification-center is-layout-flex wp-container-1\">\n<div class=\"wp-block-button\"><a class=\"wp-block-button__link wp-element-button\" href=\"https:\/\/drive.google.com\/file\/d\/1Zu-gcBIwi03OfB7FLmpZSqlK1Zc36zL-\/view?usp=sharing\">Descargar Material &#8211; Expresi\u00f3n Oral y Escrita<\/a><\/div>\n\n\n\n<div class=\"wp-block-button\"><a class=\"wp-block-button__link wp-element-button\" href=\"https:\/\/drive.google.com\/file\/d\/1lBT1socsVp_84U1byQzo2ebRbMo7Wgwb\/view?usp=sharing\">Descargar Material &#8211; Nociones B\u00e1sicas de Derecho<\/a><\/div>\n\n\n\n<div class=\"wp-block-button\"><a class=\"wp-block-button__link wp-element-button\" href=\"https:\/\/drive.google.com\/file\/d\/1fqvBZ5bHdq08dxIG9_YDccQ3t0OQ8-Q7\/view?usp=sharing\">Descargar Material &#8211; Geograf\u00eda de San Luis<\/a><\/div>\n\n\n\n<div class=\"wp-block-button\"><a class=\"wp-block-button__link wp-element-button\" href=\"https:\/\/drive.google.com\/file\/d\/1n9IUlaWzTETwikQTSeA1w8m8ehFjQi0p\/view?usp=sharing\">Descargar Material &#8211; Historia de San Luis<\/a><\/div>\n<\/div>\n\n\n\n<figure class=\"wp-block-image size-large\"><img decoding=\"async\" loading=\"lazy\" width=\"1900\" height=\"380\" src=\"https:\/\/issp-slu.infd.edu.ar\/sitio\/wp-content\/uploads\/2023\/07\/Comunicado-del-ISSP-Clase-de-Consultas-y-Examen-Academico-1-1900x380.jpg\" alt=\"\" class=\"wp-image-5504\" srcset=\"https:\/\/issp-slu.infd.edu.ar\/sitio\/wp-content\/uploads\/2023\/07\/Comunicado-del-ISSP-Clase-de-Consultas-y-Examen-Academico-1-1900x380.jpg 1900w, https:\/\/issp-slu.infd.edu.ar\/sitio\/wp-content\/uploads\/2023\/07\/Comunicado-del-ISSP-Clase-de-Consultas-y-Examen-Academico-1-1000x200.jpg 1000w, https:\/\/issp-slu.infd.edu.ar\/sitio\/wp-content\/uploads\/2023\/07\/Comunicado-del-ISSP-Clase-de-Consultas-y-Examen-Academico-1-768x154.jpg 768w, https:\/\/issp-slu.infd.edu.ar\/sitio\/wp-content\/uploads\/2023\/07\/Comunicado-del-ISSP-Clase-de-Consultas-y-Examen-Academico-1-1536x307.jpg 1536w, https:\/\/issp-slu.infd.edu.ar\/sitio\/wp-content\/uploads\/2023\/07\/Comunicado-del-ISSP-Clase-de-Consultas-y-Examen-Academico-1-2048x410.jpg 2048w\" sizes=\"(max-width: 1900px) 100vw, 1900px\" \/><\/figure>\n","protected":false},"excerpt":{"rendered":"","protected":false},"author":14,"featured_media":0,"parent":0,"menu_order":0,"comment_status":"closed","ping_status":"closed","template":"","meta":[],"acf":[],"_links":{"self":[{"href":"https:\/\/issp-slu.infd.edu.ar\/sitio\/wp-json\/wp\/v2\/pages\/2434"}],"collection":[{"href":"https:\/\/issp-slu.infd.edu.ar\/sitio\/wp-json\/wp\/v2\/pages"}],"about":[{"href":"https:\/\/issp-slu.infd.edu.ar\/sitio\/wp-json\/wp\/v2\/types\/page"}],"author":[{"embeddable":true,"href":"https:\/\/issp-slu.infd.edu.ar\/sitio\/wp-json\/wp\/v2\/users\/14"}],"replies":[{"embeddable":true,"href":"https:\/\/issp-slu.infd.edu.ar\/sitio\/wp-json\/wp\/v2\/comments?post=2434"}],"version-history":[{"count":13,"href":"https:\/\/issp-slu.infd.edu.ar\/sitio\/wp-json\/wp\/v2\/pages\/2434\/revisions"}],"predecessor-version":[{"id":5506,"href":"https:\/\/issp-slu.infd.edu.ar\/sitio\/wp-json\/wp\/v2\/pages\/2434\/revisions\/5506"}],"wp:attachment":[{"href":"https:\/\/issp-slu.infd.edu.ar\/sitio\/wp-json\/wp\/v2\/media?parent=2434"}],"curies":[{"name":"wp","href":"https:\/\/api.w.org\/{rel}","templated":true}]}}