{"id":286,"date":"2016-10-31T13:17:59","date_gmt":"2016-10-31T16:17:59","guid":{"rendered":"https:\/\/issp-slu.infd.edu.ar\/sitio\/?page_id=286"},"modified":"2024-08-09T13:32:37","modified_gmt":"2024-08-09T16:32:37","slug":"inicio","status":"publish","type":"page","link":"https:\/\/issp-slu.infd.edu.ar\/sitio\/","title":{"rendered":"Inicio"},"content":{"rendered":"<h6 class=\"western\" lang=\"es-ES\" align=\"center\"><b><img decoding=\"async\" loading=\"lazy\" class=\"size-full wp-image-6608 aligncenter\" src=\"https:\/\/issp-slu.infd.edu.ar\/sitio\/wp-content\/uploads\/2024\/08\/5turno.jpeg\" alt=\"\" width=\"600\" height=\"200\" \/><\/b><\/h6>\n<h6 class=\"western\" lang=\"es-ES\" align=\"center\"><b>(Establecido por Calendario Acad\u00e9mico Decreto N\u00b0616-ME-2023) <\/b><\/h6>\n<h5 class=\"western\" lang=\"es-ES\" align=\"center\"><span style=\"color: #4aacc4;\"><b>del 19 al 23 de Agosto 2024<\/b><\/span><\/h5>\n<h5 class=\"western\" lang=\"es-ES\" style=\"padding-left: 80px;\"><span style=\"color: #4aacc4;\"><strong>\u00a1IMPORTANTE!<\/strong><\/span> Los turnos de ex\u00e1menes se brindan para alumnos cadetes de a\u00f1os anteriores (que han cursado en su momento alguna de las dos Tecnicaturas y Adeudan alguna materia) y para los Alumnos Cadetes actuales de ISSP.<\/h5>\n<p style=\"text-align: center;\"><strong>CRONOGRAMA DE EXAMEN 5\u00b0 TURNO DE EXAMENES 2024<\/strong><\/p>\n<p class=\"western\" lang=\"es-ES\">Los alumnos cadetes de a\u00f1os anteriores interesados en inscribirse <strong>deben enviar un correo<\/strong> ESPECIFICANDO:<\/p>\n<ul>\n<li class=\"western\" lang=\"es-ES\"><strong>Materia<\/strong> a la cual requieren inscribirse,<\/li>\n<li class=\"western\" lang=\"es-ES\"><strong>A\u00f1o de cursada<\/strong> de la misma y<\/li>\n<li class=\"western\" lang=\"es-ES\"><strong>Datos personales<\/strong> completos (Nombre y Apellido, DNI, Correo, Tel\u00e9fono, Promoci\u00f3n correspondiente)<\/li>\n<\/ul>\n<p>al mail <span style=\"color: #0000ff;\"><u><a href=\"mailto:issp.directoraacademicaojeda@gmail.com\">issp.directoraacademicaojeda@gmail.com<\/a><\/u><\/span><\/p>\n<p><b>Las inscripciones por este medio se recepcionar\u00e1n desde el d\u00eda martes 13 de agosto hasta el jueves 15 de agosto a las 12Hs.<\/b><\/p>\n<p class=\"western\" lang=\"es-ES\">En el caso de los<strong> Alumnos Cadetes actuales de 2\u00b0 a\u00f1o de ISSP<\/strong> el proceso de inscripci\u00f3n ser\u00e1 de forma <strong>PRESENCIAL<\/strong>, siendo informados por los medios de comunicaci\u00f3n internos sobre c\u00f3mo realizar dicha inscripci\u00f3n.<\/p>\n<p style=\"padding-left: 80px;\">\u00a0<\/p>\n<p><!--\n\n\n<p style=\"padding-left: 80px;\"><b><i><u>IMPORTANTE:<\/u><\/i><\/b> Los formularios permiten seleccionar una Materia por A\u00f1o; en caso que necesita inscribirse en m\u00e1s Materias por a\u00f1o deber\u00e1 nuevamente ingresar al Formulario y completar en el A\u00f1o que necesite inscribirse y as\u00ed sucesivamente.<\/p>\n\n\n\n\n<p style=\"padding-left: 80px;\">Ingresar a continuaci\u00f3n de acuerdo corresponda;<\/p>\n\n\n\n\n<h5 style=\"padding-left: 80px;\"><a href=\"https:\/\/docs.google.com\/forms\/d\/e\/1FAIpQLScJkeGkT4Zt586hOQBjsHp4fr_ueJYn3qeFTv_uCkbK1DkpAg\/viewform\" target=\"_blank\" rel=\"noopener\">> Tecnicatura Superior en Seguridad P\u00fablica. (Plan vigente 100-ME-2023)<\/a><\/h5>\n\n\n\n\n<h5 style=\"padding-left: 80px;\"><a href=\"https:\/\/docs.google.com\/forms\/d\/e\/1FAIpQLSd6-kid46E3n-oWhm2OaPWFjnPeNAiwo8iS0X6a-lgK5q7-aA\/viewform\" target=\"_blank\" rel=\"noopener\">> Tecnicatura Superior en Seguridad P\u00fablica. (Plan antiguo 203-ME-2014)\u00a0<\/a><\/h5>\n\n\n\n\n<h5 style=\"padding-left: 80px;\"><a href=\"https:\/\/docs.google.com\/forms\/d\/e\/1FAIpQLSf0HZEcJLcEoy4TiVNGVgHxnnnMFS5qnv4zyEEnHRatHII0eQ\/viewform\" target=\"_blank\" rel=\"noopener\">> Tecnicatura en Seguridad P\u00fablica - Agentes Penitenciarios.<\/a><\/h5>\n\n--><\/p>\n","protected":false},"excerpt":{"rendered":"<p>(Establecido por Calendario Acad\u00e9mico Decreto N\u00b0616-ME-2023) del 19 al 23 de Agosto 2024 \u00a1IMPORTANTE! Los turnos de ex\u00e1menes se brindan para alumnos cadetes de a\u00f1os anteriores (que han cursado en su momento alguna de las dos Tecnicaturas y Adeudan alguna materia) y para los Alumnos Cadetes actuales de ISSP. CRONOGRAMA DE EXAMEN 5\u00b0 TURNO DE &#8230; <a title=\"Inicio\" class=\"read-more\" href=\"https:\/\/issp-slu.infd.edu.ar\/sitio\/\" aria-label=\"More on Inicio\">[+]<\/a><\/p>\n","protected":false},"author":1,"featured_media":0,"parent":0,"menu_order":0,"comment_status":"closed","ping_status":"closed","template":"","meta":[],"acf":[],"_links":{"self":[{"href":"https:\/\/issp-slu.infd.edu.ar\/sitio\/wp-json\/wp\/v2\/pages\/286"}],"collection":[{"href":"https:\/\/issp-slu.infd.edu.ar\/sitio\/wp-json\/wp\/v2\/pages"}],"about":[{"href":"https:\/\/issp-slu.infd.edu.ar\/sitio\/wp-json\/wp\/v2\/types\/page"}],"author":[{"embeddable":true,"href":"https:\/\/issp-slu.infd.edu.ar\/sitio\/wp-json\/wp\/v2\/users\/1"}],"replies":[{"embeddable":true,"href":"https:\/\/issp-slu.infd.edu.ar\/sitio\/wp-json\/wp\/v2\/comments?post=286"}],"version-history":[{"count":1229,"href":"https:\/\/issp-slu.infd.edu.ar\/sitio\/wp-json\/wp\/v2\/pages\/286\/revisions"}],"predecessor-version":[{"id":6614,"href":"https:\/\/issp-slu.infd.edu.ar\/sitio\/wp-json\/wp\/v2\/pages\/286\/revisions\/6614"}],"wp:attachment":[{"href":"https:\/\/issp-slu.infd.edu.ar\/sitio\/wp-json\/wp\/v2\/media?parent=286"}],"curies":[{"name":"wp","href":"https:\/\/api.w.org\/{rel}","templated":true}]}}