{"id":3861,"date":"2022-10-18T08:07:37","date_gmt":"2022-10-18T11:07:37","guid":{"rendered":"https:\/\/issp-slu.infd.edu.ar\/sitio\/?page_id=3861"},"modified":"2023-01-21T08:45:57","modified_gmt":"2023-01-21T11:45:57","slug":"diplomatura-en-ambiente-derecho-y-fiscalizacion","status":"publish","type":"page","link":"https:\/\/issp-slu.infd.edu.ar\/sitio\/diplomatura-en-ambiente-derecho-y-fiscalizacion\/","title":{"rendered":"Diplomatura en Ambiente, Derecho y Fiscalizaci\u00f3n"},"content":{"rendered":"<p style=\"text-align: center;\"><img decoding=\"async\" loading=\"lazy\" class=\"wp-image-3913 aligncenter\" src=\"https:\/\/issp-slu.infd.edu.ar\/sitio\/wp-content\/uploads\/2022\/10\/WhatsApp-Image-2022-10-19-at-14.44.25-1000x1000.jpeg\" alt=\"\" width=\"585\" height=\"585\" srcset=\"https:\/\/issp-slu.infd.edu.ar\/sitio\/wp-content\/uploads\/2022\/10\/WhatsApp-Image-2022-10-19-at-14.44.25-1000x1000.jpeg 1000w, https:\/\/issp-slu.infd.edu.ar\/sitio\/wp-content\/uploads\/2022\/10\/WhatsApp-Image-2022-10-19-at-14.44.25-500x500.jpeg 500w, https:\/\/issp-slu.infd.edu.ar\/sitio\/wp-content\/uploads\/2022\/10\/WhatsApp-Image-2022-10-19-at-14.44.25-768x768.jpeg 768w, https:\/\/issp-slu.infd.edu.ar\/sitio\/wp-content\/uploads\/2022\/10\/WhatsApp-Image-2022-10-19-at-14.44.25.jpeg 1080w\" sizes=\"(max-width: 585px) 100vw, 585px\" \/>Por <a href=\"https:\/\/drive.google.com\/file\/d\/1uRbcP-oI_mGBC2xpbyMsO9Yqg-awxGR-\/view?usp=sharing\"><strong>Resoluci\u00f3n N\u00b0 308-ME-2022<\/strong><\/a>, en su <strong>Art. 1\u00b0.<\/strong>&#8211; <em>Aprobar a partir del Ciclo Lectivo 2022 y por una cohorte, el trayecto de Formaci\u00f3n Profesional Continua de la \u00abDiplomatura en Ambiente, Derecho y Fiscalizaci\u00f3n\u00bb que, como Anexo, forma parte \u00edntegramente de la presente Resoluci\u00f3n, a implementarse en el Instituto Superior en Seguridad P\u00fablica \u00abCoronel Juan Pascual Pringles\u00bb dependiente del Ministerio de Seguridad\u00bb<\/em>.<\/p>\n\n\n<div class=\"wp-block-buttons alignwide is-horizontal is-content-justification-center is-layout-flex wp-container-1\">\n<div class=\"wp-block-button is-style-fill\"><a class=\"wp-block-button__link has-white-color has-vivid-green-cyan-background-color has-text-color has-background wp-element-button\" href=\"https:\/\/forms.gle\/wQdV9t6dwkHKWWen6\">Pre Inscripci\u00f3n en la \u00ab<strong><em>Diplomatura en Ambiente, Derecho y Fiscalizaci\u00f3n<\/em><\/strong>\u00ab<\/a><\/div>\n<\/div>\n\n\n\n<p class=\"has-text-align-center has-light-green-cyan-to-vivid-green-cyan-gradient-background has-background\"><em><strong>Cupo completo (1era. Cohorte)<\/strong><\/em><\/p>\n\n\n\n<p class=\"has-text-align-center\"><em><strong>Para mayor informaci\u00f3n, comunicarse al correo<\/strong><\/em>: issp.diplomaturas.2022@gmail.com<\/p>\n","protected":false},"excerpt":{"rendered":"<p>Por Resoluci\u00f3n N\u00b0 308-ME-2022, en su Art. 1\u00b0.&#8211; Aprobar a partir del Ciclo Lectivo 2022 y por una cohorte, el trayecto de Formaci\u00f3n Profesional Continua de la \u00abDiplomatura en Ambiente, Derecho y Fiscalizaci\u00f3n\u00bb que, como Anexo, forma parte \u00edntegramente de la presente Resoluci\u00f3n, a implementarse en el Instituto Superior en Seguridad P\u00fablica \u00abCoronel Juan Pascual &#8230; <a title=\"Diplomatura en Ambiente, Derecho y Fiscalizaci\u00f3n\" class=\"read-more\" href=\"https:\/\/issp-slu.infd.edu.ar\/sitio\/diplomatura-en-ambiente-derecho-y-fiscalizacion\/\" aria-label=\"More on Diplomatura en Ambiente, Derecho y Fiscalizaci\u00f3n\">[+]<\/a><\/p>\n","protected":false},"author":14,"featured_media":0,"parent":0,"menu_order":0,"comment_status":"closed","ping_status":"closed","template":"","meta":[],"acf":[],"_links":{"self":[{"href":"https:\/\/issp-slu.infd.edu.ar\/sitio\/wp-json\/wp\/v2\/pages\/3861"}],"collection":[{"href":"https:\/\/issp-slu.infd.edu.ar\/sitio\/wp-json\/wp\/v2\/pages"}],"about":[{"href":"https:\/\/issp-slu.infd.edu.ar\/sitio\/wp-json\/wp\/v2\/types\/page"}],"author":[{"embeddable":true,"href":"https:\/\/issp-slu.infd.edu.ar\/sitio\/wp-json\/wp\/v2\/users\/14"}],"replies":[{"embeddable":true,"href":"https:\/\/issp-slu.infd.edu.ar\/sitio\/wp-json\/wp\/v2\/comments?post=3861"}],"version-history":[{"count":10,"href":"https:\/\/issp-slu.infd.edu.ar\/sitio\/wp-json\/wp\/v2\/pages\/3861\/revisions"}],"predecessor-version":[{"id":4426,"href":"https:\/\/issp-slu.infd.edu.ar\/sitio\/wp-json\/wp\/v2\/pages\/3861\/revisions\/4426"}],"wp:attachment":[{"href":"https:\/\/issp-slu.infd.edu.ar\/sitio\/wp-json\/wp\/v2\/media?parent=3861"}],"curies":[{"name":"wp","href":"https:\/\/api.w.org\/{rel}","templated":true}]}}