{"id":4964,"date":"2023-04-24T22:50:05","date_gmt":"2023-04-25T01:50:05","guid":{"rendered":"https:\/\/issp-slu.infd.edu.ar\/sitio\/?page_id=4964"},"modified":"2023-05-17T19:22:03","modified_gmt":"2023-05-17T22:22:03","slug":"plan-de-estudios","status":"publish","type":"page","link":"https:\/\/issp-slu.infd.edu.ar\/sitio\/plan-de-estudios\/","title":{"rendered":"Plan de Estudios"},"content":{"rendered":"\n<p class=\"has-text-align-center has-text-color has-medium-font-size\" style=\"color:#fa8913\">                                                                               <strong>Trayecto de Formaci\u00f3n Profesional Inicial de la Modalidad<br>                                                                     de Educaci\u00f3n T\u00e9cnico Profesional de \u201c<em>Subayudante Penitenciario\/a<\/em>\u201d<\/strong><br><\/p>\n\n\n<div class=\"wp-block-image\">\n<figure class=\"alignleft size-full is-resized\"><img decoding=\"async\" loading=\"lazy\" src=\"https:\/\/issp-slu.infd.edu.ar\/sitio\/wp-content\/uploads\/2023\/05\/Logo-del-ISSP.jpg\" alt=\"\" class=\"wp-image-5065\" width=\"141\" height=\"141\" srcset=\"https:\/\/issp-slu.infd.edu.ar\/sitio\/wp-content\/uploads\/2023\/05\/Logo-del-ISSP.jpg 600w, https:\/\/issp-slu.infd.edu.ar\/sitio\/wp-content\/uploads\/2023\/05\/Logo-del-ISSP-500x500.jpg 500w\" sizes=\"(max-width: 141px) 100vw, 141px\" \/><\/figure><\/div>\n\n\n<figure class=\"wp-block-table is-style-stripes\"><table class=\"has-contrast-color has-base-3-background-color has-text-color has-background\"><tbody><tr><td class=\"has-text-align-center\" data-align=\"center\"><strong>M\u00f3dulo<\/strong><\/td><td class=\"has-text-align-center\" data-align=\"center\"><strong>Horas<\/strong><\/td><td class=\"has-text-align-center\" data-align=\"center\"><strong>Nombre del Espacio<\/strong><\/td><\/tr><tr><td class=\"has-text-align-center\" data-align=\"center\">M\u00f3dulo I<\/td><td class=\"has-text-align-center\" data-align=\"center\"><em>(40 horas relo<\/em>j)<\/td><td class=\"has-text-align-center\" data-align=\"center\">Seminario: Problem\u00e1tica Social Contempor\u00e1nea<\/td><\/tr><tr><td class=\"has-text-align-center\" data-align=\"center\">M\u00f3dulo II<\/td><td class=\"has-text-align-center\" data-align=\"center\"><em>(40 horas reloj)<\/em><\/td><td class=\"has-text-align-center\" data-align=\"center\"><strong>Seminario -Taller: Perspectiva de G\u00e9nero, Diversidad e Inclusi\u00f3n<\/strong><\/td><\/tr><tr><td class=\"has-text-align-center\" data-align=\"center\">M\u00f3dulo III<\/td><td class=\"has-text-align-center\" data-align=\"center\"><em>(40 horas reloj)<\/em><\/td><td class=\"has-text-align-center\" data-align=\"center\">Subjetividad de Identidades en Encierro<\/td><\/tr><tr><td class=\"has-text-align-center\" data-align=\"center\">M\u00f3dulo IV<\/td><td class=\"has-text-align-center\" data-align=\"center\"><em>(40 horas reloj)<\/em><\/td><td class=\"has-text-align-center\" data-align=\"center\"><strong>Educaci\u00f3n F\u00edsica<\/strong><\/td><\/tr><tr><td class=\"has-text-align-center\" data-align=\"center\">M\u00f3dulo V<\/td><td class=\"has-text-align-center\" data-align=\"center\"><em>(40 horas reloj)<\/em><\/td><td class=\"has-text-align-center\" data-align=\"center\">Seminario -Taller: DDHH, Derechos econ\u00f3micos, sociales y culturales<\/td><\/tr><tr><td class=\"has-text-align-center\" data-align=\"center\">M\u00f3dulo VI<\/td><td class=\"has-text-align-center\" data-align=\"center\"><em>(40 horas reloj)<\/em><\/td><td class=\"has-text-align-center\" data-align=\"center\"><strong>Elementos de Derecho Penal<\/strong><\/td><\/tr><tr><td class=\"has-text-align-center\" data-align=\"center\">M\u00f3dulo VII<\/td><td class=\"has-text-align-center\" data-align=\"center\"><em>(40 horas reloj)<\/em><\/td><td class=\"has-text-align-center\" data-align=\"center\">Elementos de Derecho Procesal Penal<\/td><\/tr><tr><td class=\"has-text-align-center\" data-align=\"center\">M\u00f3dulo VIII<\/td><td class=\"has-text-align-center\" data-align=\"center\"><em>(20 horas reloj)<\/em><\/td><td class=\"has-text-align-center\" data-align=\"center\"><strong>Taller: Inform\u00e1tica Aplicada<\/strong><\/td><\/tr><tr><td class=\"has-text-align-center\" data-align=\"center\">M\u00f3dulo IX<\/td><td class=\"has-text-align-center\" data-align=\"center\"><em>(50 horas reloj)<\/em><\/td><td class=\"has-text-align-center\" data-align=\"center\">Legislaci\u00f3n Penitenciaria<\/td><\/tr><tr><td class=\"has-text-align-center\" data-align=\"center\">M\u00f3dulo X<\/td><td class=\"has-text-align-center\" data-align=\"center\"><em>(30 horas reloj)<\/em><\/td><td class=\"has-text-align-center\" data-align=\"center\"><strong>Redacci\u00f3n y Procedimiento Administrativo<\/strong><\/td><\/tr><tr><td class=\"has-text-align-center\" data-align=\"center\">M\u00f3dulo XI<\/td><td class=\"has-text-align-center\" data-align=\"center\"><em>(50 horas reloj)<\/em><\/td><td class=\"has-text-align-center\" data-align=\"center\">Seminario: Actuaci\u00f3n Penitenciaria frente a Emergencias y<br>alteraciones cr\u00edticas al orden<\/td><\/tr><tr><td class=\"has-text-align-center\" data-align=\"center\">M\u00f3dulo XII<\/td><td class=\"has-text-align-center\" data-align=\"center\"><em>(40 horas reloj)<\/em><\/td><td class=\"has-text-align-center\" data-align=\"center\"><strong>Tiro Penitenciario<\/strong><\/td><\/tr><tr><td class=\"has-text-align-center\" data-align=\"center\">M\u00f3dulo XIII<\/td><td class=\"has-text-align-center\" data-align=\"center\"><em>(50 horas reloj)<\/em><\/td><td class=\"has-text-align-center\" data-align=\"center\">Defensa Personal<\/td><\/tr><tr><td class=\"has-text-align-center\" data-align=\"center\">M\u00f3dulo IV<\/td><td class=\"has-text-align-center\" data-align=\"center\"><em>(60 horas reloj)<\/em><\/td><td class=\"has-text-align-center\" data-align=\"center\"><strong>Taller: T\u00e9cnicas Operativas de Seguridad Penitenciaria<\/strong><\/td><\/tr><tr><td class=\"has-text-align-center\" data-align=\"center\">M\u00f3dulo XV<\/td><td class=\"has-text-align-center\" data-align=\"center\"><em>(30 horas reloj)<\/em><\/td><td class=\"has-text-align-center\" data-align=\"center\">Seminario Taller: Deontolog\u00eda Penitenciaria<\/td><\/tr><tr><td class=\"has-text-align-center\" data-align=\"center\">M\u00f3dulo XVI<\/td><td class=\"has-text-align-center\" data-align=\"center\"><em>(40 horas reloj)<\/em><\/td><td class=\"has-text-align-center\" data-align=\"center\"><strong>Taller: Procedimientos Penitenciarios<\/strong><\/td><\/tr><tr><td class=\"has-text-align-center\" data-align=\"center\">M\u00f3dulo XVII<\/td><td class=\"has-text-align-center\" data-align=\"center\"><em>(50 horas reloj)<\/em><\/td><td class=\"has-text-align-center\" data-align=\"center\">Taller: Prevenci\u00f3n de Violencia en el \u00c1mbito Penitenciario<\/td><\/tr><tr><td class=\"has-text-align-center\" data-align=\"center\">M\u00f3dulo XVIII<\/td><td class=\"has-text-align-center\" data-align=\"center\"><em>(100 horas reloj)<\/em><\/td><td class=\"has-text-align-center\" data-align=\"center\"><strong>Taller: Tratamiento y procedimientos Penitenciarios<\/strong><\/td><\/tr><\/tbody><\/table><\/figure>\n","protected":false},"excerpt":{"rendered":"<p>Trayecto de Formaci\u00f3n Profesional Inicial de la Modalidad de Educaci\u00f3n T\u00e9cnico Profesional de \u201cSubayudante Penitenciario\/a\u201d M\u00f3dulo Horas Nombre del Espacio M\u00f3dulo I (40 horas reloj) Seminario: Problem\u00e1tica Social Contempor\u00e1nea M\u00f3dulo II (40 horas reloj) Seminario -Taller: Perspectiva de G\u00e9nero, Diversidad e Inclusi\u00f3n M\u00f3dulo III (40 horas reloj) Subjetividad de Identidades en Encierro M\u00f3dulo IV (40 &#8230; <a title=\"Plan de Estudios\" class=\"read-more\" href=\"https:\/\/issp-slu.infd.edu.ar\/sitio\/plan-de-estudios\/\" aria-label=\"More on Plan de Estudios\">[+]<\/a><\/p>\n","protected":false},"author":14,"featured_media":0,"parent":0,"menu_order":0,"comment_status":"closed","ping_status":"closed","template":"","meta":[],"acf":[],"_links":{"self":[{"href":"https:\/\/issp-slu.infd.edu.ar\/sitio\/wp-json\/wp\/v2\/pages\/4964"}],"collection":[{"href":"https:\/\/issp-slu.infd.edu.ar\/sitio\/wp-json\/wp\/v2\/pages"}],"about":[{"href":"https:\/\/issp-slu.infd.edu.ar\/sitio\/wp-json\/wp\/v2\/types\/page"}],"author":[{"embeddable":true,"href":"https:\/\/issp-slu.infd.edu.ar\/sitio\/wp-json\/wp\/v2\/users\/14"}],"replies":[{"embeddable":true,"href":"https:\/\/issp-slu.infd.edu.ar\/sitio\/wp-json\/wp\/v2\/comments?post=4964"}],"version-history":[{"count":6,"href":"https:\/\/issp-slu.infd.edu.ar\/sitio\/wp-json\/wp\/v2\/pages\/4964\/revisions"}],"predecessor-version":[{"id":5068,"href":"https:\/\/issp-slu.infd.edu.ar\/sitio\/wp-json\/wp\/v2\/pages\/4964\/revisions\/5068"}],"wp:attachment":[{"href":"https:\/\/issp-slu.infd.edu.ar\/sitio\/wp-json\/wp\/v2\/media?parent=4964"}],"curies":[{"name":"wp","href":"https:\/\/api.w.org\/{rel}","templated":true}]}}