{"id":5265,"date":"2023-05-27T13:03:28","date_gmt":"2023-05-27T16:03:28","guid":{"rendered":"https:\/\/issp-slu.infd.edu.ar\/sitio\/?page_id=5265"},"modified":"2024-02-20T10:58:27","modified_gmt":"2024-02-20T13:58:27","slug":"plan-de-estudios-2","status":"publish","type":"page","link":"https:\/\/issp-slu.infd.edu.ar\/sitio\/plan-de-estudios-2\/","title":{"rendered":"Plan de Estudios"},"content":{"rendered":"\n<p class=\"has-text-align-center has-text-color has-medium-font-size\" style=\"color:#fa8913\"><strong>Trayecto curricular de la figura profesional  \u201cAgente de Polic\u00eda\u201d<\/strong><br><\/p>\n\n\n\n<figure class=\"wp-block-table aligncenter is-style-stripes\"><table class=\"has-contrast-color has-base-3-background-color has-text-color has-background\"><tbody><tr><td class=\"has-text-align-center\" data-align=\"center\">M\u00f3dulo I<\/td><td class=\"has-text-align-center\" data-align=\"center\"><em>(64 horas reloj)<\/em><\/td><td class=\"has-text-align-center\" data-align=\"center\">Educaci\u00f3n F\u00edsica Policial<\/td><\/tr><tr><td class=\"has-text-align-center\" data-align=\"center\">M\u00f3dulo II<\/td><td class=\"has-text-align-center\" data-align=\"center\"><em>(64 horas reloj)<\/em><\/td><td class=\"has-text-align-center\" data-align=\"center\"><strong><strong>Defensa Policial<\/strong><\/strong><\/td><\/tr><tr><td class=\"has-text-align-center\" data-align=\"center\">M\u00f3dulo III<\/td><td class=\"has-text-align-center\" data-align=\"center\"><em>(92 horas reloj)<\/em><\/td><td class=\"has-text-align-center\" data-align=\"center\">Doctrina e Identidad Profesional<\/td><\/tr><tr><td class=\"has-text-align-center\" data-align=\"center\">M\u00f3dulo IV<\/td><td class=\"has-text-align-center\" data-align=\"center\"><em>(150 horas reloj)<\/em><\/td><td class=\"has-text-align-center\" data-align=\"center\"><strong><strong>Marco Legal de Actuaci\u00f3n Profesional<\/strong><\/strong> <\/td><\/tr><tr><td class=\"has-text-align-center\" data-align=\"center\">M\u00f3dulo V<\/td><td class=\"has-text-align-center\" data-align=\"center\"><em>(64 horas reloj)<\/em><\/td><td class=\"has-text-align-center\" data-align=\"center\">Pr\u00e1cticas Profesionalizantes <\/td><\/tr><tr><td class=\"has-text-align-center\" data-align=\"center\"><\/td><td class=\"has-text-align-center\" data-align=\"center\"><\/td><td class=\"has-text-align-center\" data-align=\"center\"><\/td><\/tr><\/tbody><\/table><\/figure>\n\n\n\n<figure class=\"wp-block-table aligncenter is-style-stripes\"><table class=\"has-contrast-color has-base-3-background-color has-text-color has-background\"><tbody><tr><td class=\"has-text-align-center\" data-align=\"center\"><strong>M\u00f3dulos<br>PRIMER TRAMO<\/strong><\/td><td class=\"has-text-align-center\" data-align=\"center\"><strong>Horas<\/strong><\/td><td class=\"has-text-align-center\" data-align=\"center\"><strong>Nombre del Espacio<\/strong><\/td><\/tr><tr><td class=\"has-text-align-center\" data-align=\"center\">M\u00f3dulo VI<\/td><td class=\"has-text-align-center\" data-align=\"center\"><em>(20 horas reloj)<\/em><\/td><td class=\"has-text-align-center\" data-align=\"center\">Inform\u00e1tica Aplicada a la Seguridad P\u00fablica<\/td><\/tr><tr><td class=\"has-text-align-center\" data-align=\"center\">M\u00f3dulo VII<\/td><td class=\"has-text-align-center\" data-align=\"center\"><em>(20 horas reloj)<\/em><\/td><td class=\"has-text-align-center\" data-align=\"center\"><strong>Problemas Sociales Contempor\u00e1neos<\/strong><\/td><\/tr><tr><td class=\"has-text-align-center\" data-align=\"center\">M\u00f3dulo VIII<\/td><td class=\"has-text-align-center\" data-align=\"center\"><em>(64 horas reloj)<\/em><\/td><td class=\"has-text-align-center\" data-align=\"center\">Polic\u00eda de Proximidad<\/td><\/tr><tr><td class=\"has-text-align-center\" data-align=\"center\">M\u00f3dulo IX<\/td><td class=\"has-text-align-center\" data-align=\"center\"><em>(20 horas reloj)<\/em><\/td><td class=\"has-text-align-center\" data-align=\"center\"><strong>Expresi\u00f3n Oral y Escrita<\/strong><\/td><\/tr><tr><td class=\"has-text-align-center\" data-align=\"center\">M\u00f3dulo X<\/td><td class=\"has-text-align-center\" data-align=\"center\"><em>(90 horas reloj)<\/em><\/td><td class=\"has-text-align-center\" data-align=\"center\">Prevenci\u00f3n Integral del Delito<\/td><\/tr><tr><td class=\"has-text-align-center\" data-align=\"center\">M\u00f3dulo XI<\/td><td class=\"has-text-align-center\" data-align=\"center\"><em>(48 horas reloj)<\/em><\/td><td class=\"has-text-align-center\" data-align=\"center\"><strong>Actuaci\u00f3n Policial frente a Emergencias y Siniestros<\/strong><\/td><\/tr><\/tbody><\/table><\/figure>\n\n\n\n<figure class=\"wp-block-table aligncenter is-style-stripes\"><table class=\"has-contrast-color has-base-3-background-color has-text-color has-background\"><tbody><tr><td class=\"has-text-align-center\" data-align=\"center\"><strong>M\u00f3dulos<br>SEGUNDO TRAMO<\/strong><\/td><td class=\"has-text-align-center\" data-align=\"center\"><strong>Horas<\/strong><\/td><td class=\"has-text-align-center\" data-align=\"center\"><strong>Nombre del Espacio<\/strong><\/td><\/tr><tr><td class=\"has-text-align-center\" data-align=\"center\">M\u00f3dulo XII<\/td><td class=\"has-text-align-center\" data-align=\"center\"><em>(64 horas reloj)<\/em><\/td><td class=\"has-text-align-center\" data-align=\"center\">Conducci\u00f3n Vehicular Policial<\/td><\/tr><tr><td class=\"has-text-align-center\" data-align=\"center\">M\u00f3dulo XIII<\/td><td class=\"has-text-align-center\" data-align=\"center\"><em>(72 horas reloj)<\/em><\/td><td class=\"has-text-align-center\" data-align=\"center\"><strong>Manejo de Armas de Fuego, Tiro y Equipamiento<\/strong><\/td><\/tr><tr><td class=\"has-text-align-center\" data-align=\"center\">M\u00f3dulo XIV<\/td><td class=\"has-text-align-center\" data-align=\"center\"><em>(64 horas reloj)<\/em><\/td><td class=\"has-text-align-center\" data-align=\"center\">Abordaje y Resoluci\u00f3n Alternativa de Conflictos<\/td><\/tr><tr><td class=\"has-text-align-center\" data-align=\"center\">M\u00f3dulo XVI<\/td><td class=\"has-text-align-center\" data-align=\"center\"><em>(20 horas reloj)<\/em><\/td><td class=\"has-text-align-center\" data-align=\"center\"><strong>Seminario &#8211; Violencia de G\u00e9nero y Trata de Personas<\/strong><\/td><\/tr><tr><td class=\"has-text-align-center\" data-align=\"center\">M\u00f3dulo XVI<\/td><td class=\"has-text-align-center\" data-align=\"center\"><em>(40 horas reloj)<\/em><\/td><td class=\"has-text-align-center\" data-align=\"center\">An\u00e1lisis del Delito<\/td><\/tr><tr><td class=\"has-text-align-center\" data-align=\"center\">M\u00f3dulo XVII<\/td><td class=\"has-text-align-center\" data-align=\"center\"><em>(40 horas reloj)<\/em><\/td><td class=\"has-text-align-center\" data-align=\"center\"><strong>T\u00e9cnicas de Investigaci\u00f3n Criminal<\/strong><\/td><\/tr><\/tbody><\/table><\/figure>\n","protected":false},"excerpt":{"rendered":"<p>Trayecto curricular de la figura profesional \u201cAgente de Polic\u00eda\u201d M\u00f3dulo I (64 horas reloj) Educaci\u00f3n F\u00edsica Policial M\u00f3dulo II (64 horas reloj) Defensa Policial M\u00f3dulo III (92 horas reloj) Doctrina e Identidad Profesional M\u00f3dulo IV (150 horas reloj) Marco Legal de Actuaci\u00f3n Profesional M\u00f3dulo V (64 horas reloj) Pr\u00e1cticas Profesionalizantes M\u00f3dulosPRIMER TRAMO Horas Nombre del &#8230; <a title=\"Plan de Estudios\" class=\"read-more\" href=\"https:\/\/issp-slu.infd.edu.ar\/sitio\/plan-de-estudios-2\/\" aria-label=\"More on Plan de Estudios\">[+]<\/a><\/p>\n","protected":false},"author":14,"featured_media":0,"parent":0,"menu_order":0,"comment_status":"closed","ping_status":"closed","template":"","meta":[],"acf":[],"_links":{"self":[{"href":"https:\/\/issp-slu.infd.edu.ar\/sitio\/wp-json\/wp\/v2\/pages\/5265"}],"collection":[{"href":"https:\/\/issp-slu.infd.edu.ar\/sitio\/wp-json\/wp\/v2\/pages"}],"about":[{"href":"https:\/\/issp-slu.infd.edu.ar\/sitio\/wp-json\/wp\/v2\/types\/page"}],"author":[{"embeddable":true,"href":"https:\/\/issp-slu.infd.edu.ar\/sitio\/wp-json\/wp\/v2\/users\/14"}],"replies":[{"embeddable":true,"href":"https:\/\/issp-slu.infd.edu.ar\/sitio\/wp-json\/wp\/v2\/comments?post=5265"}],"version-history":[{"count":8,"href":"https:\/\/issp-slu.infd.edu.ar\/sitio\/wp-json\/wp\/v2\/pages\/5265\/revisions"}],"predecessor-version":[{"id":6336,"href":"https:\/\/issp-slu.infd.edu.ar\/sitio\/wp-json\/wp\/v2\/pages\/5265\/revisions\/6336"}],"wp:attachment":[{"href":"https:\/\/issp-slu.infd.edu.ar\/sitio\/wp-json\/wp\/v2\/media?parent=5265"}],"curies":[{"name":"wp","href":"https:\/\/api.w.org\/{rel}","templated":true}]}}