{"id":683,"date":"2018-07-25T15:06:14","date_gmt":"2018-07-25T18:06:14","guid":{"rendered":"https:\/\/issp-slu.infd.edu.ar\/sitio\/?page_id=683"},"modified":"2024-02-22T10:40:38","modified_gmt":"2024-02-22T13:40:38","slug":"institucional","status":"publish","type":"page","link":"https:\/\/issp-slu.infd.edu.ar\/sitio\/institucional\/","title":{"rendered":"INSTITUCIONAL"},"content":{"rendered":"<p><img decoding=\"async\" loading=\"lazy\" class=\"size-medium wp-image-6449 aligncenter\" src=\"https:\/\/issp-slu.infd.edu.ar\/sitio\/wp-content\/uploads\/2024\/02\/Institucional-1000x147.png\" alt=\"\" width=\"1000\" height=\"147\" srcset=\"https:\/\/issp-slu.infd.edu.ar\/sitio\/wp-content\/uploads\/2024\/02\/Institucional-1000x147.png 1000w, https:\/\/issp-slu.infd.edu.ar\/sitio\/wp-content\/uploads\/2024\/02\/Institucional-768x113.png 768w, https:\/\/issp-slu.infd.edu.ar\/sitio\/wp-content\/uploads\/2024\/02\/Institucional.png 1360w\" sizes=\"(max-width: 1000px) 100vw, 1000px\" \/><\/p>\n<p>&nbsp;<\/p>\n<p><img decoding=\"async\" loading=\"lazy\" class=\"alignleft wp-image-1483 size-full\" src=\"https:\/\/issp-slu.infd.edu.ar\/sitio\/wp-content\/uploads\/2021\/05\/Complejo.jpg\" alt=\"\" width=\"276\" height=\"183\" \/><\/p>\n<p>El 15 de diciembre de 1999, mediante la Ley N\u00b0 5187, el Senado y la C\u00e1mara de Diputados de la Provincia de San Luis, crean el <span style=\"color: #4aacc4;\"><em><strong>Instituto Universitario Provincial de Seguridad Integral \u201cJuan Pascual Pringles\u201d<\/strong><\/em><\/span>.\u00a0 \u00a0En la misma se establece la relaci\u00f3n de dependencia directa con el ex Ministerio de Cultura y Educaci\u00f3n de la Provincia.\u00a0 \u00a0 Debido a una modificaci\u00f3n en cuanto a la denominaci\u00f3n del Ministerio de referencia, el d\u00eda 22 de abril del a\u00f1o 2004 por la <strong>Ley N\u00b0 5571<\/strong>, se establece la dependencia con el Ministerio del Progreso.\u00a0 \u00a0<\/p>\n<p>Con fecha <strong>31 de marzo del a\u00f1o 2000<\/strong>, por <strong>Decreto N\u00b0 967-MCyE-2000<\/strong>, se aprueba el Plan de Estudios de la Tecnicatura y Licenciatura en Seguridad Integral, cuya elaboraci\u00f3n deb\u00eda adecuarse a las caracter\u00edsticas idiosincr\u00e1sicas de la Provincia, para lograr una capacitaci\u00f3n policial en el \u00e1mbito universitario de manera tal que el funcionario policial pueda desarrollar una actividad eficiente, participativa y confiable que asegure el orden p\u00fablico. La creaci\u00f3n de esta carrera responde a la profunda transformaci\u00f3n impulsada por la Provincia en su pol\u00edtica de seguridad.\u00a0 \u00a0A partir de la <strong>Ley N\u00b0 5108<\/strong>, el<img decoding=\"async\" loading=\"lazy\" class=\"wp-image-1484 size-full alignright\" src=\"https:\/\/issp-slu.infd.edu.ar\/sitio\/wp-content\/uploads\/2021\/05\/Monumento.jpg\" alt=\"\" width=\"302\" height=\"167\" \/> Gobierno de la Provincia de San Luis realiz\u00f3 cambios en la estructura org\u00e1nica policial, creando un Cuadro \u00danico, plasmando en su organizaci\u00f3n una estructura democr\u00e1tica.\u00a0 \u00a0As\u00ed la Ley N\u00b0 5108 y la creaci\u00f3n de la Tecnicatura y Licenciatura en Seguridad P\u00fablica pone la profesionalizaci\u00f3n de la fuerza policial como la piedra angular hacia una nueva conceptualizaci\u00f3n democr\u00e1tica del oficialado.<\/p>\n<p>En el <strong>a\u00f1o 2022<\/strong>, por <strong>Decreto N\u00b0 2176-MS-2022<\/strong> de fecha 04-abril-2022, en su Art 1\u00b0 estable que el Instituto Superior de Seguridad P\u00fablica \u00abCoronel Juan Pascual Pringles\u00bb se encuadra en la Estructura Org\u00e1nico Funcional del Ministerio de Seguridad.-<\/p>\n<h4><span style=\"color: #354393;\"><u>FUNDAMENTACI\u00d3N<\/u><\/span><\/h4>\n<h4><span style=\"color: #0000ff;\"><u><img decoding=\"async\" loading=\"lazy\" class=\"size-full wp-image-1472 alignleft\" src=\"https:\/\/issp-slu.infd.edu.ar\/sitio\/wp-content\/uploads\/2021\/05\/Plaza-de-armas.jpg\" alt=\"\" width=\"276\" height=\"183\" \/><\/u><\/span><\/h4>\n<p style=\"padding-left: 30px;\">Se entiende la \u201cSeguridad P\u00fablica\u201d, (Resol. CFE N\u00ba193\/12) no ya una constataci\u00f3n simple de adecuaci\u00f3n de conductas a normas, sino una valoraci\u00f3n compleja del conflicto entre los derechos de las personas entre s\u00ed y de \u00e9stas con el Estado, como inherentes a los sujetos, y a la obligaci\u00f3n estatal de protecci\u00f3n y promoci\u00f3n de tales derechos como premisa indispensable de su pleno ejercicio. Adem\u00e1s, la seguridad p\u00fablica implica que la pol\u00edtica de seguridad no se puede desvincular de la gesti\u00f3n de la conflictividad social. Es necesario reconocer la conflictividad dentro del marco social evitando que el abuso de poder y la violencia se conviertan en el modo habitual de resolver los conflictos. Es necesario entender el conflicto como dinamizador social.<\/p>\n<p style=\"padding-left: 30px;\">En este marco, es el Estado el actor primordial y de mayor peso en garantizar la seguridad p\u00fablica. Esta preeminencia est\u00e1 dada tanto en lo que hace a la esfera material como a la simb\u00f3lica en el campo del gobierno de la seguridad. Por su parte, dentro del Estado, la Polic\u00eda, el Servicio Penitenciario y las fuerzas de seguridad constituyen los actores m\u00e1s relevantes, aunque no \u00fanicos, en lo que hace a los aspectos tanto instrumentales como simb\u00f3licos.<\/p>\n<p style=\"padding-left: 30px;\">A partir de lo expuesto, esta propuesta de formaci\u00f3n da cuenta de una posici\u00f3n pol\u00edtica que cree en el accionar del Estado y en la formaci\u00f3n de los agentes de la seguridad p\u00fablica que intervendr\u00e1n en los procesos de las pol\u00edticas p\u00fablicas en los \u00e1mbitos nacional, local y regional. En este sentido, se propone la formaci\u00f3n integral con una mirada sist\u00e9mica, que les proporcione las herramientas necesarias para poder realizar una lectura adecuada del territorio y de su ejercicio profesional, con relaci\u00f3n a la problem\u00e1tica de la seguridad. De esta manera podr\u00e1 contar con las herramientas pertinentes para participar en la elaboraci\u00f3n y gesti\u00f3n de las pol\u00edticas p\u00fablicas de seguridad.<\/p>\n<p style=\"padding-left: 30px;\">El acento de la oferta acad\u00e9mica est\u00e1 puesto, en el marco de la reconfiguraci\u00f3n de la relaci\u00f3n Estado-sociedad, en la prevenci\u00f3n y promoci\u00f3n de la seguridad p\u00fablica. Para ello la formaci\u00f3n se propone como una inserci\u00f3n creativa de la instituci\u00f3n en su contexto, en una relaci\u00f3n dial\u00e9ctica que posibilite cambios tanto en la propia instituci\u00f3n como en la vinculaci\u00f3n con otras instituciones educativas, con el sector p\u00fablico, con los medios socio-productivos y socio-culturales y las propias organizaciones de la comunidad.<\/p>\n<p style=\"padding-left: 30px;\">La propuesta formativa de la Instituci\u00f3n pretende articular los campos acad\u00e9mico, ciudadano y laboral, mediante la construcci\u00f3n de competencias significativas, el desarrollo de pr\u00e1cticas profesionalizantes en un trayecto de formaci\u00f3n que articula los diferentes espacios curriculares.<\/p>\n<p style=\"text-align: center;\">\u00a0 \u00a0\u00a0<img decoding=\"async\" loading=\"lazy\" class=\"alignnone wp-image-1487\" src=\"https:\/\/issp-slu.infd.edu.ar\/sitio\/wp-content\/uploads\/2021\/05\/foto-1.jpg\" alt=\"\" width=\"310\" height=\"186\" \/>\u00a0 \u00a0<img decoding=\"async\" loading=\"lazy\" class=\"alignnone wp-image-1488\" src=\"https:\/\/issp-slu.infd.edu.ar\/sitio\/wp-content\/uploads\/2021\/05\/foto-2.jpg\" alt=\"\" width=\"310\" height=\"210\" \/>\u00a0\u00a0\u00a0<img decoding=\"async\" loading=\"lazy\" class=\"alignnone wp-image-1489\" src=\"https:\/\/issp-slu.infd.edu.ar\/sitio\/wp-content\/uploads\/2021\/05\/foto-4.jpg\" alt=\"\" width=\"310\" height=\"206\" \/><\/p>\n","protected":false},"excerpt":{"rendered":"<p>&nbsp; El 15 de diciembre de 1999, mediante la Ley N\u00b0 5187, el Senado y la C\u00e1mara de Diputados de la Provincia de San Luis, crean el Instituto Universitario Provincial de Seguridad Integral \u201cJuan Pascual Pringles\u201d.\u00a0 \u00a0En la misma se establece la relaci\u00f3n de dependencia directa con el ex Ministerio de Cultura y Educaci\u00f3n de &#8230; <a title=\"INSTITUCIONAL\" class=\"read-more\" href=\"https:\/\/issp-slu.infd.edu.ar\/sitio\/institucional\/\" aria-label=\"More on INSTITUCIONAL\">[+]<\/a><\/p>\n","protected":false},"author":6,"featured_media":0,"parent":0,"menu_order":0,"comment_status":"closed","ping_status":"closed","template":"","meta":[],"acf":[],"_links":{"self":[{"href":"https:\/\/issp-slu.infd.edu.ar\/sitio\/wp-json\/wp\/v2\/pages\/683"}],"collection":[{"href":"https:\/\/issp-slu.infd.edu.ar\/sitio\/wp-json\/wp\/v2\/pages"}],"about":[{"href":"https:\/\/issp-slu.infd.edu.ar\/sitio\/wp-json\/wp\/v2\/types\/page"}],"author":[{"embeddable":true,"href":"https:\/\/issp-slu.infd.edu.ar\/sitio\/wp-json\/wp\/v2\/users\/6"}],"replies":[{"embeddable":true,"href":"https:\/\/issp-slu.infd.edu.ar\/sitio\/wp-json\/wp\/v2\/comments?post=683"}],"version-history":[{"count":29,"href":"https:\/\/issp-slu.infd.edu.ar\/sitio\/wp-json\/wp\/v2\/pages\/683\/revisions"}],"predecessor-version":[{"id":6466,"href":"https:\/\/issp-slu.infd.edu.ar\/sitio\/wp-json\/wp\/v2\/pages\/683\/revisions\/6466"}],"wp:attachment":[{"href":"https:\/\/issp-slu.infd.edu.ar\/sitio\/wp-json\/wp\/v2\/media?parent=683"}],"curies":[{"name":"wp","href":"https:\/\/api.w.org\/{rel}","templated":true}]}}