{"id":788,"date":"2020-05-08T12:14:17","date_gmt":"2020-05-08T15:14:17","guid":{"rendered":"https:\/\/issp-slu.infd.edu.ar\/sitio\/?page_id=788"},"modified":"2024-02-22T11:42:10","modified_gmt":"2024-02-22T14:42:10","slug":"mision-y-objetivos","status":"publish","type":"page","link":"https:\/\/issp-slu.infd.edu.ar\/sitio\/institucional\/mision-y-objetivos\/","title":{"rendered":"Misi\u00f3n y Objetivos"},"content":{"rendered":"<h4><span style=\"color: #354393;\">Misi\u00f3n<\/span><\/h4>\n<p style=\"padding-left: 30px;\">El Instituto Superior de Seguridad P\u00fablica \u201cCoronel Juan Pascual Pringles\u201d tiene como misi\u00f3n la formaci\u00f3n y capacitaci\u00f3n de profesionales en el \u00e1rea de la Seguridad Publica, con capacidad de actuar con solidez intelectual, responsabilidad, esp\u00edritu cr\u00edtico y reflexivo, mentalidad creadora, sentido \u00e9tico y sensibilidad social, y hacer frente a los retos que plantea la sociedad moderna, respondiendo a las exigencias del Estado dentro de un contexto democr\u00e1tico.\u00a0 Para ello promover\u00e1 la capacitaci\u00f3n y actualizaci\u00f3n permanentes.<\/p>\n<h4><span style=\"color: #354393;\"><strong>Objetivos<\/strong><\/span><\/h4>\n<ul>\n<li><span style=\"color: #000000;\">Formar servidores p\u00fablicos con capacidad de actuar con responsabilidad, esp\u00edritu cr\u00edtico y reflexivo, solidez intelectual, mentalidad creadora, sentido \u00e9tico y sensibilidad social.<\/span><\/li>\n<li><span style=\"color: #000000;\">Brindar una formaci\u00f3n que permita comprender las problem\u00e1ticas de la comunidad, desde una perspectiva integral e interdisciplinaria, respetando los derechos y libertades de los miembros de la sociedad, en el marco jur\u00eddico vigente.<\/span><\/li>\n<li><span style=\"color: #000000;\">Ofrecer espacios de pr\u00e1cticas profesionalizantes que propicien la reflexi\u00f3n y el debate, aproximando a los alumnos a diversos \u00e1mbitos de desempe\u00f1o y garantizando la apropiaci\u00f3n de conocimientos comprometidos con la plena vigencia de los derechos humanos y garant\u00edas constitucionales.<\/span><\/li>\n<li><span style=\"color: #000000;\">Capacitar para el desempe\u00f1o eficaz de funciones de liderazgo y conducci\u00f3n en la Instituci\u00f3n Policial y en la Instituci\u00f3n Penitenciaria.<\/span><\/li>\n<li><span style=\"color: #000000;\">Desarrollar actitudes fundamentales de: disciplina, respeto, orden, obediencia, sujeci\u00f3n al r\u00e9gimen policial dentro de un encuadre \u00e9tico policial.<\/span><\/li>\n<li><span style=\"color: #000000;\">Brindar una formaci\u00f3n en el \u00e1rea de la seguridad penitenciaria para desempe\u00f1ar con idoneidad la funci\u00f3n de agente de reinserci\u00f3n y resocializaci\u00f3n del interno penitenciario.<\/span><\/li>\n<li>Fortalecer actitudes de permanente b\u00fasqueda de la verdad y el bien com\u00fan, consolidando valores \u00e9ticos y espirituales.<\/li>\n<li>Afianzar la comunicaci\u00f3n oral y escrita y el manejo de vocabulario t\u00e9cnico espec\u00edfico.<\/li>\n<li>Promover la valoraci\u00f3n de la salud y la destreza del cuerpo como herramientas de trabajo permanentes para el desempe\u00f1o de la funci\u00f3n policial o penitenciaria.<\/li>\n<li>Facilitar el conocimiento e incorporaci\u00f3n de nuevas tecnolog\u00edas aplicadas a la Seguridad P\u00fablica.<\/li>\n<li>Favorecer la articulaci\u00f3n con estudios superiores.<\/li>\n<\/ul>\n","protected":false},"excerpt":{"rendered":"<p>Misi\u00f3n El Instituto Superior de Seguridad P\u00fablica \u201cCoronel Juan Pascual Pringles\u201d tiene como misi\u00f3n la formaci\u00f3n y capacitaci\u00f3n de profesionales en el \u00e1rea de la Seguridad Publica, con capacidad de actuar con solidez intelectual, responsabilidad, esp\u00edritu cr\u00edtico y reflexivo, mentalidad creadora, sentido \u00e9tico y sensibilidad social, y hacer frente a los retos que plantea la &#8230; <a title=\"Misi\u00f3n y Objetivos\" class=\"read-more\" href=\"https:\/\/issp-slu.infd.edu.ar\/sitio\/institucional\/mision-y-objetivos\/\" aria-label=\"More on Misi\u00f3n y Objetivos\">[+]<\/a><\/p>\n","protected":false},"author":15,"featured_media":0,"parent":683,"menu_order":0,"comment_status":"closed","ping_status":"closed","template":"","meta":[],"acf":[],"_links":{"self":[{"href":"https:\/\/issp-slu.infd.edu.ar\/sitio\/wp-json\/wp\/v2\/pages\/788"}],"collection":[{"href":"https:\/\/issp-slu.infd.edu.ar\/sitio\/wp-json\/wp\/v2\/pages"}],"about":[{"href":"https:\/\/issp-slu.infd.edu.ar\/sitio\/wp-json\/wp\/v2\/types\/page"}],"author":[{"embeddable":true,"href":"https:\/\/issp-slu.infd.edu.ar\/sitio\/wp-json\/wp\/v2\/users\/15"}],"replies":[{"embeddable":true,"href":"https:\/\/issp-slu.infd.edu.ar\/sitio\/wp-json\/wp\/v2\/comments?post=788"}],"version-history":[{"count":12,"href":"https:\/\/issp-slu.infd.edu.ar\/sitio\/wp-json\/wp\/v2\/pages\/788\/revisions"}],"predecessor-version":[{"id":6486,"href":"https:\/\/issp-slu.infd.edu.ar\/sitio\/wp-json\/wp\/v2\/pages\/788\/revisions\/6486"}],"up":[{"embeddable":true,"href":"https:\/\/issp-slu.infd.edu.ar\/sitio\/wp-json\/wp\/v2\/pages\/683"}],"wp:attachment":[{"href":"https:\/\/issp-slu.infd.edu.ar\/sitio\/wp-json\/wp\/v2\/media?parent=788"}],"curies":[{"name":"wp","href":"https:\/\/api.w.org\/{rel}","templated":true}]}}