{"id":804,"date":"2020-05-08T13:24:07","date_gmt":"2020-05-08T16:24:07","guid":{"rendered":"https:\/\/issp-slu.infd.edu.ar\/sitio\/?page_id=804"},"modified":"2024-02-22T11:24:33","modified_gmt":"2024-02-22T14:24:33","slug":"historia","status":"publish","type":"page","link":"https:\/\/issp-slu.infd.edu.ar\/sitio\/institucional\/historia\/","title":{"rendered":"Historia"},"content":{"rendered":"<p><img decoding=\"async\" loading=\"lazy\" class=\"size-medium wp-image-6467 aligncenter\" src=\"https:\/\/issp-slu.infd.edu.ar\/sitio\/wp-content\/uploads\/2024\/02\/Historia-1000x147.png\" alt=\"\" width=\"1000\" height=\"147\" srcset=\"https:\/\/issp-slu.infd.edu.ar\/sitio\/wp-content\/uploads\/2024\/02\/Historia-1000x147.png 1000w, https:\/\/issp-slu.infd.edu.ar\/sitio\/wp-content\/uploads\/2024\/02\/Historia-768x113.png 768w, https:\/\/issp-slu.infd.edu.ar\/sitio\/wp-content\/uploads\/2024\/02\/Historia.png 1360w\" sizes=\"(max-width: 1000px) 100vw, 1000px\" \/><\/p>\n<h4><span style=\"color: #0000ff;\"><strong><u><img decoding=\"async\" loading=\"lazy\" class=\" wp-image-1470 alignleft\" src=\"https:\/\/issp-slu.infd.edu.ar\/sitio\/wp-content\/uploads\/2021\/05\/fOTO-DEL-INSTITUTO.jpg\" alt=\"\" width=\"291\" height=\"196\" \/><\/u><\/strong><\/span><\/h4>\n<p>El <strong>15 de julio de 1968<\/strong>, siendo Gobernador de la Provincia de San Luis el Coronel Mat\u00edas Laborda Ibarra, por Decreto N\u00b0 1976-GyE-(SEG)-68, se crea la Escuela de Cadetes \u201cCoronel Juan Pascual Pringles\u201d. En la Provincia de San Luis no funcionaba hasta el momento, en forma org\u00e1nica, una Escuela de Polic\u00eda destinada a la formaci\u00f3n del personal de Oficiales y Sub-Oficiales de Polic\u00eda. Se hac\u00eda necesario crear una escuela que apuntara a mejorar la organizaci\u00f3n de los Cuadros Policiales, por ello se la dot\u00f3 de una organizaci\u00f3n y Planes de Estudios acordes a las necesidades provinciales. La tarea de supervisi\u00f3n de la organizaci\u00f3n y funcionamiento del Instituto qued\u00f3 a cargo del entonces Ministerio de Gobierno y Educaci\u00f3n, sin perjuicio de que la Jefatura de Polic\u00eda afectara personal de sus cuadros permanentes para los cargos directivos, docentes y administrativos. De tal manera la Escuela de Cadetes inici\u00f3 de inmediato sus tareas educativas con un n\u00famero de inscriptos de treinta (30) aspirantes. La Escuela tuvo su\u00a0 sede en un pabell\u00f3n totalmente reacondicionado de la Colonia Hogar. La Primera Promoci\u00f3n cont\u00f3 con diecisiete (17) egresados recibiendo el T\u00edtulo de Oficiales Ayudantes.<\/p>\n<p>En el <strong>a\u00f1o 1982<\/strong>, por un sobredimensionamiento de efectivos policiales en la organizaci\u00f3n policial de la Provincia, por Decreto N\u00b0 1311-G-82, se suspendi\u00f3 el ingreso al curso de Primer A\u00f1o para el Ciclo Lectivo 1983, lo que gener\u00f3 que durante cinco (5) a\u00f1os consecutivos, la Provincia no contara con el egreso anual de Oficiales de Polic\u00eda.<\/p>\n<p>En el<strong> a\u00f1o 1987<\/strong>, a solicitud de la Instituci\u00f3n Policial, debido a una <img decoding=\"async\" loading=\"lazy\" class=\"size-full wp-image-6480 alignright\" src=\"https:\/\/issp-slu.infd.edu.ar\/sitio\/wp-content\/uploads\/2024\/02\/WhatsApp-Image-2021-11-22-at-18.14.11-500x500-2.jpeg\" alt=\"\" width=\"500\" height=\"376\" \/>marcada disminuci\u00f3n de sus Cuadros de Oficiales, lo que tra\u00eda aparejado que distintas dependencias del \u00e1mbito territorial se encontraran a cargo de Sub-Oficiales o Agentes, se procede por Decreto N\u00b0 2574-GyE-(SEG)-87, a la reapertura de la Escuela de Cadetes, para el Ciclo Lectivo 1988.<\/p>\n<p>En el <strong>a\u00f1o 1997<\/strong>, mediante Decreto N\u00b0 954-GyE-97, se sustituye el nombre de la Escuela de Cadetes de la Provincia por el de Academia Superior de Polic\u00eda \u201cCoronel Juan Pascual Pringles\u201d y se aprueba el Plan de Estudios y apertura de la Carrera de T\u00e9cnico Superior en Seguridad P\u00fablica -de tres (3) a\u00f1os de duraci\u00f3n-, adecu\u00e1ndose a la nueva Ley de Cuadro \u00danico, creada para la Instituci\u00f3n Policial.<\/p>\n<p>A partir del <strong>a\u00f1o 1997<\/strong>, la Academia Superior de Polic\u00eda se ubic\u00f3 en las nuevas instalaciones del Complejo Educativo Policial, sito en Las Chacras, localidad de Juana Koslay.<\/p>\n<p>Con fecha <strong>15 de diciembre de 1999<\/strong>, mediante Ley N\u00b0 5187, se crea el Instituto Universitario de Seguridad Integral \u201cCoronel Juan Pascual Pringles\u201d, con dependencia directa del ex Ministerio de Educaci\u00f3n y Cultura de la Provincia; autoriz\u00e1ndose la transferencia de todo el presupuesto y las instalaciones, con su equipamiento, de la Academia Superior de Polic\u00eda al Instituto Universitario de Seguridad Integral (IUSI).<\/p>\n<p>Por <strong>Decreto N\u00b0 967-MCyE-2000<\/strong>, se aprueba el Plan de Estudios de la Tecnicatura y de la Licenciatura en Seguridad Integral, el Plan de Estudios de Transici\u00f3n para los alumnos ingresados en el a\u00f1o 1999 y la reorganizaci\u00f3n acad\u00e9mica y de conducci\u00f3n para el Instituto Universitario de Seguridad Integral, el que estar\u00eda constituido por un Rector, un Director Acad\u00e9mico y un Director Administrativo.<\/p>\n<p>En el mes de <strong>abril del a\u00f1o 2004,<\/strong> por Ley N\u00b0 5571, se establece la dependencia con el Ministerio del Progreso, derog\u00e1ndose la Ley N\u00b0 5187.<\/p>\n<p>El <strong>20 de mayo de 2004<\/strong>, mediante Decreto N\u00b0 1917-MP-2004, el Gobernador de la Provincia crea la Direcci\u00f3n de Instrucci\u00f3n Policial.<\/p>\n<p>En el <strong>a\u00f1o 2006<\/strong>, por Ley N\u00ba V-0524-2006 se ratifica el Decreto N\u00ba 5314-MLyRI-2006 y se modifica la Ley N\u00ba II-0467-2005 y se crea el Instituto Superior de Seguridad P\u00fablica \u201cCoronel Juan Pascual Pringles\u201d, la Tecnicatura Superior en Seguridad P\u00fablica y la Escuela Superior para Personal Jer\u00e1rquico de Seguridad.<\/p>\n<p><img decoding=\"async\" loading=\"lazy\" class=\"size-full wp-image-6474 aligncenter\" src=\"https:\/\/issp-slu.infd.edu.ar\/sitio\/wp-content\/uploads\/2024\/02\/WhatsApp-Image-2021-11-16-at-17.51.28-1000x750-2.jpeg\" alt=\"\" width=\"1000\" height=\"399\" srcset=\"https:\/\/issp-slu.infd.edu.ar\/sitio\/wp-content\/uploads\/2024\/02\/WhatsApp-Image-2021-11-16-at-17.51.28-1000x750-2.jpeg 1000w, https:\/\/issp-slu.infd.edu.ar\/sitio\/wp-content\/uploads\/2024\/02\/WhatsApp-Image-2021-11-16-at-17.51.28-1000x750-2-768x306.jpeg 768w\" sizes=\"(max-width: 1000px) 100vw, 1000px\" \/><\/p>\n<p>En el <strong>a\u00f1o 2022<\/strong>, por Decreto N\u00b0 2176-MS-2022 de fecha 04-abril-2022, en su Art 1\u00b0 <em>&#8230; estable que el Instituto Superior de Seguridad P\u00fablica \u00ab<strong>Coronel Juan Pascual Pringles<\/strong>\u00bb se encuadra en la Estructura Org\u00e1nico Funcional del Ministerio de Seguridad&#8230;.-<\/em><\/p>\n<p>En el <strong>a\u00f1o 2023<\/strong>, por Decreto N\u00b0 118-MS-2023 de fecha 18-enero-2023, en su Art 1\u00b0 <em>&#8230; establece que el Instituto Superior de Seguridad P\u00fablica \u00abCoronel Juan Pascual Pringles\u00bb se encuentra en la Estructura Org\u00e1nico Funcional del Ministerio de Seguridad (1.15)&#8230;-<\/em><\/p>\n","protected":false},"excerpt":{"rendered":"<p>El 15 de julio de 1968, siendo Gobernador de la Provincia de San Luis el Coronel Mat\u00edas Laborda Ibarra, por Decreto N\u00b0 1976-GyE-(SEG)-68, se crea la Escuela de Cadetes \u201cCoronel Juan Pascual Pringles\u201d. En la Provincia de San Luis no funcionaba hasta el momento, en forma org\u00e1nica, una Escuela de Polic\u00eda destinada a la formaci\u00f3n &#8230; <a title=\"Historia\" class=\"read-more\" href=\"https:\/\/issp-slu.infd.edu.ar\/sitio\/institucional\/historia\/\" aria-label=\"More on Historia\">[+]<\/a><\/p>\n","protected":false},"author":15,"featured_media":0,"parent":683,"menu_order":3,"comment_status":"closed","ping_status":"closed","template":"","meta":[],"acf":[],"_links":{"self":[{"href":"https:\/\/issp-slu.infd.edu.ar\/sitio\/wp-json\/wp\/v2\/pages\/804"}],"collection":[{"href":"https:\/\/issp-slu.infd.edu.ar\/sitio\/wp-json\/wp\/v2\/pages"}],"about":[{"href":"https:\/\/issp-slu.infd.edu.ar\/sitio\/wp-json\/wp\/v2\/types\/page"}],"author":[{"embeddable":true,"href":"https:\/\/issp-slu.infd.edu.ar\/sitio\/wp-json\/wp\/v2\/users\/15"}],"replies":[{"embeddable":true,"href":"https:\/\/issp-slu.infd.edu.ar\/sitio\/wp-json\/wp\/v2\/comments?post=804"}],"version-history":[{"count":22,"href":"https:\/\/issp-slu.infd.edu.ar\/sitio\/wp-json\/wp\/v2\/pages\/804\/revisions"}],"predecessor-version":[{"id":6482,"href":"https:\/\/issp-slu.infd.edu.ar\/sitio\/wp-json\/wp\/v2\/pages\/804\/revisions\/6482"}],"up":[{"embeddable":true,"href":"https:\/\/issp-slu.infd.edu.ar\/sitio\/wp-json\/wp\/v2\/pages\/683"}],"wp:attachment":[{"href":"https:\/\/issp-slu.infd.edu.ar\/sitio\/wp-json\/wp\/v2\/media?parent=804"}],"curies":[{"name":"wp","href":"https:\/\/api.w.org\/{rel}","templated":true}]}}