{"id":823,"date":"2020-05-08T17:28:50","date_gmt":"2020-05-08T20:28:50","guid":{"rendered":"https:\/\/issp-slu.infd.edu.ar\/sitio\/?page_id=823"},"modified":"2024-02-19T13:36:25","modified_gmt":"2024-02-19T16:36:25","slug":"orientacion-penitenciaria","status":"publish","type":"page","link":"https:\/\/issp-slu.infd.edu.ar\/sitio\/orientacion-penitenciaria\/","title":{"rendered":"Tecnicatura Superior en \u00abSeguridad P\u00fablica Orientada a la Formaci\u00f3n de  Agentes Penitenciarios\u00bb."},"content":{"rendered":"<h1 style=\"text-align: center;\"><img decoding=\"async\" loading=\"lazy\" class=\"alignnone wp-image-6134 size-full\" src=\"https:\/\/issp-slu.infd.edu.ar\/sitio\/wp-content\/uploads\/2024\/02\/TecnBannerSeguridadPublica.png\" alt=\"\" width=\"1100\" height=\"200\" srcset=\"https:\/\/issp-slu.infd.edu.ar\/sitio\/wp-content\/uploads\/2024\/02\/TecnBannerSeguridadPublica.png 1100w, https:\/\/issp-slu.infd.edu.ar\/sitio\/wp-content\/uploads\/2024\/02\/TecnBannerSeguridadPublica-1000x182.png 1000w, https:\/\/issp-slu.infd.edu.ar\/sitio\/wp-content\/uploads\/2024\/02\/TecnBannerSeguridadPublica-768x140.png 768w\" sizes=\"(max-width: 1100px) 100vw, 1100px\" \/><\/h1>\n<p style=\"padding-left: 80px;\"><span style=\"color: #354393;\"><strong>T\u00edtulo:<\/strong> <\/span>T\u00e9cnico Superior en Seguridad P\u00fablica orientada a la Formaci\u00f3n de Agentes Penitenciarios.<br \/><span style=\"color: #354393;\"><strong>Duraci\u00f3n:<\/strong> <\/span>3 A\u00f1os <strong><span style=\"color: #354393;\"><br \/>Validez:<\/span><\/strong> <a href=\"https:\/\/drive.google.com\/file\/d\/18Na0MnZSTG8C3R3cgU6g5yzqt0-D-EAN\/view?usp=sharing\">RESOLUCI\u00d3N N\u00ba 219-ME-2014<\/a> &#8211; RATIFICADA POR <a href=\"https:\/\/drive.google.com\/file\/d\/1VZPNvBNNZeanICWubVuo4V8WlBplHfmP\/view?usp=sharing\">DECRETO N\u00ba 4839-ME-2016<\/a>. VALIDEZ NACIONAL seg\u00fan R.M. N\u00b0 3138\/17<\/p>\n<hr \/>\n<h4><span style=\"color: #354393;\">Perfil Profesional<\/span><\/h4>\n<p>El <strong>T\u00e9cnico Superior en Seguridad P\u00fablica y Ciudadana Orientado a la Formaci\u00f3n de Agentes Penitenciarios<\/strong>, desarrollar\u00e1 aptitudes para:<\/p>\n<p><img decoding=\"async\" loading=\"lazy\" class=\"alignleft wp-image-6250\" src=\"https:\/\/issp-slu.infd.edu.ar\/sitio\/wp-content\/uploads\/2024\/02\/PerfilProfesional.png\" alt=\"\" width=\"212\" height=\"212\" srcset=\"https:\/\/issp-slu.infd.edu.ar\/sitio\/wp-content\/uploads\/2024\/02\/PerfilProfesional.png 512w, https:\/\/issp-slu.infd.edu.ar\/sitio\/wp-content\/uploads\/2024\/02\/PerfilProfesional-500x500.png 500w\" sizes=\"(max-width: 212px) 100vw, 212px\" \/><\/p>\n<ul>\n<li>Desempe\u00f1ar sus acciones con \u00e9tica, responsabilidad, respeto a la comunidad e imparcialidad en el cumplimiento de la Ley, protegiendo los derechos y garant\u00edas fundamentales de las personas, siguiendo los lineamientos de la Instituci\u00f3n Penitenciaria.<\/li>\n<li>Cuidar su salud integral: f\u00edsica y emocional, incorporando pr\u00e1cticas saludables a favor de ella.<\/li>\n<li>Asumir la capacitaci\u00f3n y profesionalizaci\u00f3n como procesos permanentes para lograr su desarrollo personal y dar respuestas pertinentes a las exigencias de su desempe\u00f1o como auxiliar de la justicia.<\/li>\n<li>Realizar procedimientos con ajuste a los requerimientos \u00e9ticos y judiciales, respecto de situaciones de transgresi\u00f3n de la Seguridad P\u00fablica, identificando y preservando a los actores (internos) intervinientes.<\/li>\n<li>Participar en acciones de preservaci\u00f3n y respuesta a situaciones de accidentes, siniestros y cat\u00e1strofes, promoviendo la seguridad de los internos afectados y de la comunidad penitenciaria en su conjunto.<\/li>\n<\/ul>\n<h4><span style=\"color: #354393;\">Perfil Formativo<\/span><\/h4>\n<p><img decoding=\"async\" loading=\"lazy\" class=\"alignleft wp-image-6243\" src=\"https:\/\/issp-slu.infd.edu.ar\/sitio\/wp-content\/uploads\/2024\/02\/PerfilFormativo.png\" alt=\"\" width=\"212\" height=\"253\" \/><\/p>\n<ul>\n<li>Formar profesionales en el campo de la Seguridad P\u00fablica, con capacidad de actuar con responsabilidad, esp\u00edritu cr\u00edtico, solidez intelectual, mentalidad creadora, sentido \u00e9tico y sensibilidad social; con el prop\u00f3sito de hacer frente a los retos que plantea la sociedad moderna, respondiendo a las exigencias del Estado dentro de un contexto democr\u00e1tico.<\/li>\n<li>Ofrecer espacios de pr\u00e1cticos profesionalizantes que propicien la reflexi\u00f3n y el debate, y aproximen tempranamente a los alumnos a los diversos \u00e1mbitos de desempe\u00f1o, garantizando la apropiaci\u00f3n de t\u00e9cnicas y pr\u00e1cticas profesionales comprometidas con la plena vigencia de los DDHH y las garant\u00edas constitucionales.<\/li>\n<li>Facilitar el conocimiento e incorporaci\u00f3n de nuevas tecnolog\u00edas aplicadas a la seguridad p\u00fablica.<\/li>\n<li>Favorecer la articulaci\u00f3n con estudios superiores.<\/li>\n<\/ul>\n<p>&nbsp;<\/p>\n<h4><span style=\"color: #354393;\"><strong>Plan de Estudio<\/strong><\/span><\/h4>\n<h5><span style=\"color: #354393;\"><strong>Primer A\u00f1o:<\/strong><\/span><\/h5>\n<div  class=\"lgc-column lgc-grid-parent lgc-grid-33 lgc-tablet-grid-33 lgc-mobile-grid-100 lgc-equal-heights \"><div  class=\"inside-grid-column\">\n<p><strong>1er Cuatrimestre:<\/strong><\/p>\n<ul>\n<li>\u00c9tica Penitenciaria.<\/li>\n<li>Computaci\u00f3n.<\/li>\n<li>Derecho Penal General.<\/li>\n<li>Seminario I: Primeros Auxilios.<\/li>\n<\/ul>\n<p><\/p><\/div><\/div>\n<div  class=\"lgc-column lgc-grid-parent lgc-grid-33 lgc-tablet-grid-33 lgc-mobile-grid-100 lgc-equal-heights \"><div  class=\"inside-grid-column\">\n<p><strong>2do Cuatrimestre:<\/strong><\/p>\n<ul>\n<li>Psicolog\u00eda.<\/li>\n<li>Historia Institucional y Estudios Regionales.<\/li>\n<li>Derecho Penal Especial.<\/li>\n<li>Seminario II: Rol del Agente Penitenciario como Auxiliar de Justicia.<\/li>\n<\/ul>\n<p><\/p><\/div><\/div>\n<div  class=\"lgc-column lgc-grid-parent lgc-grid-33 lgc-tablet-grid-33 lgc-mobile-grid-100 lgc-equal-heights \"><div  class=\"inside-grid-column\">\n<p><strong>Materias Anuales:<\/strong><\/p>\n<ul>\n<li>Derecho Constitucional y Derechos Humanos.<\/li>\n<li>Educaci\u00f3n F\u00edsica y Defensa Personal I.<\/li>\n<li>Introducci\u00f3n a la Problem\u00e1tica Penitenciaria.<\/li>\n<li>Pr\u00e1ctica Profesionalizante I.<\/li>\n<\/ul>\n<p><\/p><\/div><\/div>\n<h5><span style=\"color: #4aacc4;\"><strong>Segundo A\u00f1o:<\/strong><\/span><\/h5>\n<div  class=\"lgc-column lgc-grid-parent lgc-grid-33 lgc-tablet-grid-33 lgc-mobile-grid-100 lgc-equal-heights \"><div  class=\"inside-grid-column\">\n<p><strong>1er Cuatrimestre:<\/strong><\/p>\n<ul>\n<li>Gesti\u00f3n de las Nuevas Tecnolog\u00edas de la Informaci\u00f3n.<\/li>\n<li>Derecho de Familia y Ni\u00f1ez.<\/li>\n<li>Gesti\u00f3n de la Organizaci\u00f3n Penitenciaria.<\/li>\n<li>Seminario I: Menores en Conflicto con la Ley Penal.<\/li>\n<\/ul>\n<p><\/p><\/div><\/div>\n<div  class=\"lgc-column lgc-grid-parent lgc-grid-33 lgc-tablet-grid-33 lgc-mobile-grid-100 lgc-equal-heights \"><div  class=\"inside-grid-column\">\n<p><strong>2do Cuatrimestre:<\/strong><\/p>\n<ul>\n<li>Comunicaci\u00f3n y G\u00e9nero Discursivo.<\/li>\n<li>Derecho Administrativo Penitenciario.<\/li>\n<li>Criminolog\u00eda.<\/li>\n<li>Criminal\u00edstica.<\/li>\n<li>Seminario II: Derechos Humanos y Seguridad P\u00fablica.<\/li>\n<\/ul>\n<p><\/p><\/div><\/div>\n<div  class=\"lgc-column lgc-grid-parent lgc-grid-33 lgc-tablet-grid-33 lgc-mobile-grid-100 lgc-equal-heights \"><div  class=\"inside-grid-column\">\n<p><strong>Materias Anuales:<\/strong><\/p>\n<ul>\n<li>Derecho Procesal Penal.<\/li>\n<li>Derecho Penitenciario.<\/li>\n<li>Educaci\u00f3n F\u00edsica y Defensa Personal II.<\/li>\n<li>T\u00e9cnicas Espaciales para la Seguridad Penitenciaria I.<\/li>\n<li>Tiro y Manejo de Armas I.<\/li>\n<li>Pr\u00e1cticas Profesionalizante II.<\/li>\n<\/ul>\n<p><\/p><\/div><\/div>\n<h5><span style=\"color: #354393;\"><strong>Tercer A\u00f1o:<\/strong><\/span><\/h5>\n<div  class=\"lgc-column lgc-grid-parent lgc-grid-33 lgc-tablet-grid-33 lgc-mobile-grid-100 lgc-equal-heights \"><div  class=\"inside-grid-column\">\n<p><strong>1er Cuatrimestre:<\/strong><\/p>\n<ul>\n<li>Educaci\u00f3n Sexual Integral.<\/li>\n<li>Medicina Legal.<\/li>\n<li>Mediaci\u00f3n y Resoluci\u00f3n de Conflictos Penitenciarios.<\/li>\n<li>Seminario I: Delincuencia y G\u00e9nero.<\/li>\n<\/ul>\n<p><\/p><\/div><\/div>\n<div  class=\"lgc-column lgc-grid-parent lgc-grid-33 lgc-tablet-grid-33 lgc-mobile-grid-100 lgc-equal-heights \"><div  class=\"inside-grid-column\">\n<p><strong>2do Cuatrimestre:<\/strong><\/p>\n<ul>\n<li>Prevenci\u00f3n de la Violencia Penitenciaria.<\/li>\n<li>Seminario II: Toxicoman\u00eda.<\/li>\n<\/ul>\n<p><\/p><\/div><\/div>\n<div  class=\"lgc-column lgc-grid-parent lgc-grid-33 lgc-tablet-grid-33 lgc-mobile-grid-100 lgc-equal-heights \"><div  class=\"inside-grid-column\">\n<p><strong>Materias Anuales:<\/strong><\/p>\n<ul>\n<li>R\u00e9gimen y Tratamiento Penitenciario.<\/li>\n<li>Educaci\u00f3n F\u00edsica y Defensa Personal III.<\/li>\n<li>T\u00e9cnicas Especiales para la Seguridad Penitenciaria II.<\/li>\n<li>Tiro y manejo de Armas II.<\/li>\n<li>Pr\u00e1cticas Profesionalizante III.<\/li>\n<\/ul>\n<p><\/p><\/div><\/div>\n<h4><span style=\"color: #354393;\"><strong>R\u00e9gimen de Correlativas: \u00a0\u00a0<a href=\"https:\/\/issp-slu.infd.edu.ar\/sitio\/wp-content\/uploads\/2024\/02\/regimenCorrelativasForPenitenciario.pdf\" target=\"_blank\" rel=\"noopener\"><img decoding=\"async\" loading=\"lazy\" class=\"alignnone wp-image-6149 size-full\" src=\"https:\/\/issp-slu.infd.edu.ar\/sitio\/wp-content\/uploads\/2024\/02\/botonDescarga.png\" alt=\"\" width=\"150\" height=\"42\" \/><\/a><\/strong><\/span><\/h4>\n","protected":false},"excerpt":{"rendered":"<p>T\u00edtulo: T\u00e9cnico Superior en Seguridad P\u00fablica orientada a la Formaci\u00f3n de Agentes Penitenciarios.Duraci\u00f3n: 3 A\u00f1os Validez: RESOLUCI\u00d3N N\u00ba 219-ME-2014 &#8211; RATIFICADA POR DECRETO N\u00ba 4839-ME-2016. VALIDEZ NACIONAL seg\u00fan R.M. N\u00b0 3138\/17 Perfil Profesional El T\u00e9cnico Superior en Seguridad P\u00fablica y Ciudadana Orientado a la Formaci\u00f3n de Agentes Penitenciarios, desarrollar\u00e1 aptitudes para: Desempe\u00f1ar sus acciones con &#8230; <a title=\"Tecnicatura Superior en \u00abSeguridad P\u00fablica Orientada a la Formaci\u00f3n de  Agentes Penitenciarios\u00bb.\" class=\"read-more\" href=\"https:\/\/issp-slu.infd.edu.ar\/sitio\/orientacion-penitenciaria\/\" aria-label=\"More on Tecnicatura Superior en \u00abSeguridad P\u00fablica Orientada a la Formaci\u00f3n de  Agentes Penitenciarios\u00bb.\">[+]<\/a><\/p>\n","protected":false},"author":15,"featured_media":0,"parent":0,"menu_order":0,"comment_status":"closed","ping_status":"closed","template":"","meta":[],"acf":[],"_links":{"self":[{"href":"https:\/\/issp-slu.infd.edu.ar\/sitio\/wp-json\/wp\/v2\/pages\/823"}],"collection":[{"href":"https:\/\/issp-slu.infd.edu.ar\/sitio\/wp-json\/wp\/v2\/pages"}],"about":[{"href":"https:\/\/issp-slu.infd.edu.ar\/sitio\/wp-json\/wp\/v2\/types\/page"}],"author":[{"embeddable":true,"href":"https:\/\/issp-slu.infd.edu.ar\/sitio\/wp-json\/wp\/v2\/users\/15"}],"replies":[{"embeddable":true,"href":"https:\/\/issp-slu.infd.edu.ar\/sitio\/wp-json\/wp\/v2\/comments?post=823"}],"version-history":[{"count":170,"href":"https:\/\/issp-slu.infd.edu.ar\/sitio\/wp-json\/wp\/v2\/pages\/823\/revisions"}],"predecessor-version":[{"id":6297,"href":"https:\/\/issp-slu.infd.edu.ar\/sitio\/wp-json\/wp\/v2\/pages\/823\/revisions\/6297"}],"wp:attachment":[{"href":"https:\/\/issp-slu.infd.edu.ar\/sitio\/wp-json\/wp\/v2\/media?parent=823"}],"curies":[{"name":"wp","href":"https:\/\/api.w.org\/{rel}","templated":true}]}}