{"id":827,"date":"2020-05-08T17:32:11","date_gmt":"2020-05-08T20:32:11","guid":{"rendered":"https:\/\/issp-slu.infd.edu.ar\/sitio\/?page_id=827"},"modified":"2024-02-29T12:19:46","modified_gmt":"2024-02-29T15:19:46","slug":"orientacion-policial","status":"publish","type":"page","link":"https:\/\/issp-slu.infd.edu.ar\/sitio\/orientacion-policial\/","title":{"rendered":"Tecnicatura Superior en \u00abSeguridad P\u00fablica\u00bb."},"content":{"rendered":"<p><img decoding=\"async\" loading=\"lazy\" class=\"alignnone size-medium wp-image-6257 aligncenter\" src=\"https:\/\/issp-slu.infd.edu.ar\/sitio\/wp-content\/uploads\/2024\/02\/BannerTecnSuperiorenSeguridadPublica-1000x182.png\" alt=\"\" width=\"1000\" height=\"182\" srcset=\"https:\/\/issp-slu.infd.edu.ar\/sitio\/wp-content\/uploads\/2024\/02\/BannerTecnSuperiorenSeguridadPublica-1000x182.png 1000w, https:\/\/issp-slu.infd.edu.ar\/sitio\/wp-content\/uploads\/2024\/02\/BannerTecnSuperiorenSeguridadPublica-768x140.png 768w, https:\/\/issp-slu.infd.edu.ar\/sitio\/wp-content\/uploads\/2024\/02\/BannerTecnSuperiorenSeguridadPublica.png 1100w\" sizes=\"(max-width: 1000px) 100vw, 1000px\" \/><\/p>\n<p style=\"padding-left: 80px;\"><span style=\"color: #354393;\"><strong>T\u00edtulo:<\/strong> <\/span>T\u00e9cnico Superior en Seguridad P\u00fablica<br \/><span style=\"color: #354393;\"><strong>Duraci\u00f3n:<\/strong> <\/span>3 A\u00f1os <strong><span style=\"color: #354393;\"><br \/>Validez:<\/span><\/strong> <a href=\"https:\/\/issp-slu.infd.edu.ar\/sitio\/wp-content\/uploads\/2024\/02\/Res.-N%C2%B0100-ME-2023.pdf\" target=\"_blank\" rel=\"noopener\">RESOLUCI\u00d3N N\u00ba 100-ME-2023<\/a>. VALIDEZ NACIONAL seg\u00fan R.M. N\u00b0 3138\/17<\/p>\n<hr \/>\n<h4><span style=\"color: #354393;\">Perfil Profesional<\/span><\/h4>\n<p><img decoding=\"async\" loading=\"lazy\" class=\"alignleft wp-image-6250\" src=\"https:\/\/issp-slu.infd.edu.ar\/sitio\/wp-content\/uploads\/2024\/02\/PerfilProfesional.png\" alt=\"\" width=\"212\" height=\"212\" srcset=\"https:\/\/issp-slu.infd.edu.ar\/sitio\/wp-content\/uploads\/2024\/02\/PerfilProfesional.png 512w, https:\/\/issp-slu.infd.edu.ar\/sitio\/wp-content\/uploads\/2024\/02\/PerfilProfesional-500x500.png 500w\" sizes=\"(max-width: 212px) 100vw, 212px\" \/>El <strong>T\u00e9cnico Superior en Seguridad<\/strong> estar\u00e1 capacitado de acuerdo con las actividades que se desarrollan en este perfil profesional, a ejercer los servicios de protecci\u00f3n, promoci\u00f3n y prevenci\u00f3n en seguridad y defensa de la paz social. Durante el ejercicio profesional preserva los derechos fundamentales, desarrolla las acciones en el marco de la normativa de seguridad vigente, los procedimientos y protocolos espec\u00edficos.<\/p>\n<p>El profesional conduce y supervisa al personal a su cargo, desempe\u00f1\u00e1ndose en forma individual o coordinada con otros profesionales en funci\u00f3n de los procedimientos espec\u00edficos. Ante situaciones espec\u00edficas, en la asistencia a la ciudadan\u00eda interact\u00faa con otros prestadores de servicios de seguridad.<\/p>\n<p>Este T\u00e9cnico Superior en Seguridad durante el desarrollo del servicio, toma con autonom\u00eda y responsabilidad decisiones sobre la calidad del servicio de seguridad que brinda en el desempe\u00f1o del rol asignado. Cumple con los procedimientos y las normas en todo su accionar profesional.<\/p>\n<h4><span style=\"color: #354393;\">Perfil Formativo<\/span><\/h4>\n<h4><span style=\"color: #354393;\"><img decoding=\"async\" loading=\"lazy\" class=\"alignleft wp-image-6243\" src=\"https:\/\/issp-slu.infd.edu.ar\/sitio\/wp-content\/uploads\/2024\/02\/PerfilFormativo.png\" alt=\"\" width=\"212\" height=\"253\" \/><\/span><\/h4>\n<ul>\n<li>Sembrar el desarrollo de actitudes fundamentales de disciplina, respeto y sujeci\u00f3n a las disposiciones legales, dentro de un encuadre \u00e9tico.<\/li>\n<li>Abordar el concepto de Seguridad P\u00fablica y Ciudadana, desde las m\u00faltiples dimensiones: seguridad personal, seguridad privada y seguridad p\u00fablica.<\/li>\n<li>Brindar una formaci\u00f3n que permita comprender las problem\u00e1ticas de la comunidad, desde una perspectiva integral e interdisciplinaria, respetando los derechos y libertades de los miembros de la sociedad, abordando contenidos legales y jurisprudenciales para el respeto al marco jur\u00eddico vigente para responder de manera profesional a las necesidades de la acci\u00f3n policial en una sociedad culturalmente plural, en el marco de los DDHH.<\/li>\n<\/ul>\n<p>&nbsp;<\/p>\n<h4><span style=\"color: #354393;\"><strong>Plan de Estudio<\/strong><\/span><\/h4>\n<h5><span style=\"color: #354393;\"><strong>Primer A\u00f1o:<\/strong><\/span><\/h5>\n<div  class=\"lgc-column lgc-grid-parent lgc-grid-35 lgc-tablet-grid-35 lgc-mobile-grid-100 lgc-equal-heights \"><div  class=\"inside-grid-column\">\n<p><strong>1er Cuatrimestre:<\/strong><\/p>\n<ul>\n<li>Producci\u00f3n y Comprensi\u00f3n Oral y Escrita<\/li>\n<li>Elementos de Psicolog\u00eda Aplicados a la seguridad<\/li>\n<li>Seminario de Pol\u00edticas P\u00fablicas en Seguridad<\/li>\n<li>Medicina Legal<\/li>\n<li>Derecho Penal General<\/li>\n<li>Taller de Procesos Administrativos en Seguridad P\u00fablica<\/li>\n<\/ul>\n<p><\/p><\/div><\/div>\n<div  class=\"lgc-column lgc-grid-parent lgc-grid-33 lgc-tablet-grid-33 lgc-mobile-grid-100 lgc-equal-heights \"><div  class=\"inside-grid-column\">\n<p><strong>2do Cuatrimestre:<\/strong><\/p>\n<ul>\n<li>Introd. a la Sociolog\u00eda y a la Comp. de los procesos de la criminalidad<\/li>\n<li>Seminario: Historia Social y de las Instituciones de Seguridad<\/li>\n<li>Derecho Penal Especial<\/li>\n<\/ul>\n<p><\/p><\/div><\/div>\n<div  class=\"lgc-column lgc-grid-parent lgc-grid-31 lgc-tablet-grid-31 lgc-mobile-grid-100 lgc-equal-heights \"><div  class=\"inside-grid-column\">\n<p><strong>Materias Anuales:<\/strong><\/p>\n<ul>\n<li>Derecho Constitucional y Derechos Humanos.<\/li>\n<li>Educaci\u00f3n F\u00edsica I<\/li>\n<li>Defensa Personal I<\/li>\n<li>Pr\u00e1ctica Profesionalizante e Identidad Policial I<\/li>\n<\/ul>\n<p><\/p><\/div><\/div>\n<hr \/>\n<h5 style=\"text-align: left;\"><span style=\"color: #4aacc4;\"><strong>Segundo A\u00f1o:<\/strong><\/span><\/h5>\n<div  class=\"lgc-column lgc-grid-parent lgc-grid-33 lgc-tablet-grid-33 lgc-mobile-grid-100 lgc-equal-heights \"><div  class=\"inside-grid-column\">\n<p><strong>1er Cuatrimestre:<\/strong><\/p>\n<ul>\n<li>Pr\u00e1ctica Comunicacionales, Discursivas y de Oralidad en la Formaci\u00f3n en Seguridad.<\/li>\n<li>Seminario Derecho de Ni\u00f1ez y Adolescencia<\/li>\n<li>Deontolog\u00eda e Identidad Policial<\/li>\n<li>Seminario: Rol Auxiliar de la Justicia\u00a0<\/li>\n<li>Organizaci\u00f3n y Estrategias de Intervenci\u00f3n en la Seguridad P\u00fablica<\/li>\n<\/ul>\n<p><\/p><\/div><\/div>\n<div  class=\"lgc-column lgc-grid-parent lgc-grid-33 lgc-tablet-grid-33 lgc-mobile-grid-100 lgc-equal-heights \"><div  class=\"inside-grid-column\">\n<p><strong>2do Cuatrimestre:<\/strong><\/p>\n<ul>\n<li>Tecnolog\u00edas de Gesti\u00f3n Aplicadas a la Seguridad<\/li>\n<li>Seminario: La investigaci\u00f3n Social y la Funci\u00f3n Policial<\/li>\n<li>Criminolog\u00eda<\/li>\n<li>Nociones de Criminal\u00edstica<\/li>\n<li>Legislaci\u00f3n Policial Administrativa<\/li>\n<\/ul>\n<p><\/p><\/div><\/div>\n<div  class=\"lgc-column lgc-grid-parent lgc-grid-33 lgc-tablet-grid-33 lgc-mobile-grid-100 lgc-equal-heights \"><div  class=\"inside-grid-column\">\n<p><strong>Materias Anuales:<\/strong><\/p>\n<ul>\n<li>Actuaci\u00f3n Policial en la Investigaci\u00f3n Penal Respiratoria I.<\/li>\n<li>Derecho Procesal Penal<\/li>\n<li>Educaci\u00f3n F\u00edsica II<\/li>\n<li>Defensa Personal II<\/li>\n<li>Tiro y Manejo de Armas I<\/li>\n<li>Pr\u00e1ctica Profesionalizante e Identidad Policial II<\/li>\n<\/ul>\n<p><\/p><\/div><\/div>\n<h5 style=\"text-align: left;\"><span style=\"color: #354393;\"><strong>Tercer A\u00f1o:<\/strong><\/span><\/h5>\n<div  class=\"lgc-column lgc-grid-parent lgc-grid-33 lgc-tablet-grid-33 lgc-mobile-grid-100 lgc-equal-heights \"><div  class=\"inside-grid-column\">\n<p><strong>1er Cuatrimestre:<\/strong><\/p>\n<ul>\n<li>Pr\u00e1ctica Profesionalizante e Identidad Policial III<\/li>\n<li>Educaci\u00f3n Integral Sexual<\/li>\n<li>Resoluci\u00f3n Alternativa de Conflictos<\/li>\n<li>T\u00e9cnicas Espec\u00edficas de Procedimientos Especiales<\/li>\n<li>Seminario: Ciberseguridad y Delitos Complejos<\/li>\n<\/ul>\n<p><\/p><\/div><\/div>\n<div  class=\"lgc-column lgc-grid-parent lgc-grid-33 lgc-tablet-grid-33 lgc-mobile-grid-100 lgc-equal-heights \"><div  class=\"inside-grid-column\">\n<p><strong>2do Cuatrimestre:<\/strong><\/p>\n<ul>\n<li>Taller: Ingl\u00e9s para Prop\u00f3sitos Espec\u00edficos<\/li>\n<li>Derecho Ambiental<\/li>\n<li>T\u00e9cnicas en Investigaci\u00f3n Criminal<\/li>\n<li>Narcotr\u00e1fico<\/li>\n<li>Estrategia Operacional<\/li>\n<li>Intervenci\u00f3n Policial en Situaciones Cr\u00edticas y Primer Auxilios.<\/li>\n<\/ul>\n<p><\/p><\/div><\/div>\n<div  class=\"lgc-column lgc-grid-parent lgc-grid-33 lgc-tablet-grid-33 lgc-mobile-grid-100 lgc-equal-heights \"><div  class=\"inside-grid-column\">\n<p><strong>Materias Anuales:<\/strong><\/p>\n<ul>\n<li>Derecho Contravencional y Seguridad Vial<\/li>\n<li>Actuaci\u00f3n Policial en la Investigaci\u00f3n Penal Respiratoria II<\/li>\n<li>Educaci\u00f3n F\u00edsica III<\/li>\n<li>Defensa Personal III<\/li>\n<li>Tiro y Manejo de Armas II<\/li>\n<\/ul>\n<p><\/p><\/div><\/div>\n<h4><span style=\"color: #354393;\"><strong>R\u00e9gimen de Correlativas: \u00a0\u00a0<a href=\"https:\/\/issp-slu.infd.edu.ar\/sitio\/wp-content\/uploads\/2024\/02\/regimenCorrelativasSeguridadPublica.pdf\" target=\"_blank\" rel=\"noopener\"><img decoding=\"async\" loading=\"lazy\" class=\"alignnone wp-image-6149 size-full\" src=\"https:\/\/issp-slu.infd.edu.ar\/sitio\/wp-content\/uploads\/2024\/02\/botonDescarga.png\" alt=\"\" width=\"150\" height=\"42\" \/><\/a><\/strong><\/span><\/h4>\n","protected":false},"excerpt":{"rendered":"<p>T\u00edtulo: T\u00e9cnico Superior en Seguridad P\u00fablicaDuraci\u00f3n: 3 A\u00f1os Validez: RESOLUCI\u00d3N N\u00ba 100-ME-2023. VALIDEZ NACIONAL seg\u00fan R.M. N\u00b0 3138\/17 Perfil Profesional El T\u00e9cnico Superior en Seguridad estar\u00e1 capacitado de acuerdo con las actividades que se desarrollan en este perfil profesional, a ejercer los servicios de protecci\u00f3n, promoci\u00f3n y prevenci\u00f3n en seguridad y defensa de la paz &#8230; <a title=\"Tecnicatura Superior en \u00abSeguridad P\u00fablica\u00bb.\" class=\"read-more\" href=\"https:\/\/issp-slu.infd.edu.ar\/sitio\/orientacion-policial\/\" aria-label=\"More on Tecnicatura Superior en \u00abSeguridad P\u00fablica\u00bb.\">[+]<\/a><\/p>\n","protected":false},"author":15,"featured_media":0,"parent":0,"menu_order":0,"comment_status":"closed","ping_status":"closed","template":"","meta":[],"acf":[],"_links":{"self":[{"href":"https:\/\/issp-slu.infd.edu.ar\/sitio\/wp-json\/wp\/v2\/pages\/827"}],"collection":[{"href":"https:\/\/issp-slu.infd.edu.ar\/sitio\/wp-json\/wp\/v2\/pages"}],"about":[{"href":"https:\/\/issp-slu.infd.edu.ar\/sitio\/wp-json\/wp\/v2\/types\/page"}],"author":[{"embeddable":true,"href":"https:\/\/issp-slu.infd.edu.ar\/sitio\/wp-json\/wp\/v2\/users\/15"}],"replies":[{"embeddable":true,"href":"https:\/\/issp-slu.infd.edu.ar\/sitio\/wp-json\/wp\/v2\/comments?post=827"}],"version-history":[{"count":142,"href":"https:\/\/issp-slu.infd.edu.ar\/sitio\/wp-json\/wp\/v2\/pages\/827\/revisions"}],"predecessor-version":[{"id":6576,"href":"https:\/\/issp-slu.infd.edu.ar\/sitio\/wp-json\/wp\/v2\/pages\/827\/revisions\/6576"}],"wp:attachment":[{"href":"https:\/\/issp-slu.infd.edu.ar\/sitio\/wp-json\/wp\/v2\/media?parent=827"}],"curies":[{"name":"wp","href":"https:\/\/api.w.org\/{rel}","templated":true}]}}