{"id":858,"date":"2020-05-08T19:05:29","date_gmt":"2020-05-08T22:05:29","guid":{"rendered":"https:\/\/issp-slu.infd.edu.ar\/sitio\/?page_id=858"},"modified":"2023-03-21T08:55:45","modified_gmt":"2023-03-21T11:55:45","slug":"galeria-de-fotos","status":"publish","type":"page","link":"https:\/\/issp-slu.infd.edu.ar\/sitio\/galeria-de-fotos\/","title":{"rendered":"Videos"},"content":{"rendered":"<p><img decoding=\"async\" loading=\"lazy\" class=\"wp-image-1791 alignleft\" src=\"https:\/\/issp-slu.infd.edu.ar\/sitio\/wp-content\/uploads\/2021\/09\/Juramento-a-la-Bandera-2021.jpg\" alt=\"\" width=\"172\" height=\"116\"><\/p>\n<p><em><strong>Videos, 30-06-2021: <\/strong>Fue en el Monumento al Pueblo Puntano de la Independencia, en las Chacras. El mismo cont\u00f3 con la presencia del ministro de Educaci\u00f3n, Andr\u00e9s Dermechkoff; y la rectora del Instituto, Ana Mar\u00eda Abrahim.<\/em><\/p>\n<p style=\"text-align: center;\"><a href=\"https:\/\/drive.google.com\/file\/d\/1sfjnisSmBZzjeNysuNF6TfCmVdsXphRy\/view?usp=sharing\">Video &#8211; Juramento a la Bandera<\/a><\/p>\n\n<div class=\"wp-block-image\">\n<figure class=\"alignleft size-large is-resized\"><img decoding=\"async\" loading=\"lazy\" src=\"https:\/\/issp-slu.infd.edu.ar\/sitio\/wp-content\/uploads\/2021\/12\/WhatsApp-Image-2021-11-16-at-17.51.28-1.jpeg\" alt=\"\" class=\"wp-image-2232\" width=\"172\" height=\"128\" srcset=\"https:\/\/issp-slu.infd.edu.ar\/sitio\/wp-content\/uploads\/2021\/12\/WhatsApp-Image-2021-11-16-at-17.51.28-1.jpeg 1280w, https:\/\/issp-slu.infd.edu.ar\/sitio\/wp-content\/uploads\/2021\/12\/WhatsApp-Image-2021-11-16-at-17.51.28-1-1000x750.jpeg 1000w, https:\/\/issp-slu.infd.edu.ar\/sitio\/wp-content\/uploads\/2021\/12\/WhatsApp-Image-2021-11-16-at-17.51.28-1-768x576.jpeg 768w\" sizes=\"(max-width: 172px) 100vw, 172px\" \/><\/figure><\/div>\n\n\n<p><em><strong>Im\u00e1genes, 16-12-2021: <\/strong> Egreso 2021 &#8211; Cadetes del Instituto Superior de Seguridad P\u00fablica (Cnel. Juan Pascual Pringles) en el Sal\u00f3n de la Puntanidad.   Recibieron sus t\u00edtulos 81 T\u00e9cnicos Superiores en Seguridad P\u00fablica y 21 con orientaci\u00f3n Penitenciaria.<\/em><\/p>\n\n\n\n<p class=\"has-text-align-center\"><a href=\"https:\/\/drive.google.com\/file\/d\/1Paw_HlA1MwUdhqBtb4mbu-hrgsK0iO7Y\/view?usp=sharing\">Im\u00e1genes &#8211; Promoci\u00f3n 5\u00aa y 46\u00aa<\/a><\/p>\n\n\n<div class=\"wp-block-image\">\n<figure class=\"alignleft size-large is-resized\"><img decoding=\"async\" loading=\"lazy\" src=\"https:\/\/issp-slu.infd.edu.ar\/sitio\/wp-content\/uploads\/2022\/06\/1-1.jpg\" alt=\"\" class=\"wp-image-3240\" width=\"178\" height=\"100\" srcset=\"https:\/\/issp-slu.infd.edu.ar\/sitio\/wp-content\/uploads\/2022\/06\/1-1.jpg 1000w, https:\/\/issp-slu.infd.edu.ar\/sitio\/wp-content\/uploads\/2022\/06\/1-1-768x432.jpg 768w\" sizes=\"(max-width: 178px) 100vw, 178px\" \/><\/figure><\/div>\n\n\n<p><strong><em>Video, 15-05-2022: <\/em><\/strong>El ISSP dijo presente en la localidad de Renca, en el Acto por el D\u00eda del Granadero Puntano y en homenaje por los 227\u00b0 Aniversario del natalicio del Cnel. Juan P. Pringles, nuestro m\u00e1ximo h\u00e9roe puntano.<\/p>\n\n\n\n<p class=\"has-text-align-center\"><strong>Acceso al video (<a href=\"https:\/\/www.youtube.com\/watch?v=Ti63iVXmOMU\">Completo<\/a>)<\/strong>&nbsp;<\/p>\n\n\n\n<div class=\"wp-block-media-text alignwide has-media-on-the-right is-stacked-on-mobile\" style=\"grid-template-columns:auto 17%\"><div class=\"wp-block-media-text__content\">\n<p style=\"font-size:17px\"><strong><em>Video, 25-06-2022: <\/em><\/strong>El ISSP dijo presente en la localidad de Concar\u00e1n, en el Acto por su 164\u00b0 aniversario de la Fundaci\u00f3n de la Localidad.<\/p>\n\n\n\n<p class=\"has-text-align-center\"><strong>Acceso al video (<a href=\"https:\/\/drive.google.com\/file\/d\/1HTCj8OPEKJTojSar6w-2O6L-ZU9himj_\/view?usp=sharing\">Desfile<\/a>)<\/strong>&nbsp;<\/p>\n<\/div><figure class=\"wp-block-media-text__media\"><img decoding=\"async\" loading=\"lazy\" width=\"1040\" height=\"780\" src=\"https:\/\/issp-slu.infd.edu.ar\/sitio\/wp-content\/uploads\/2022\/06\/Concaran-1-3.jpeg\" alt=\"\" class=\"wp-image-3437 size-full\" srcset=\"https:\/\/issp-slu.infd.edu.ar\/sitio\/wp-content\/uploads\/2022\/06\/Concaran-1-3.jpeg 1040w, https:\/\/issp-slu.infd.edu.ar\/sitio\/wp-content\/uploads\/2022\/06\/Concaran-1-3-1000x750.jpeg 1000w, https:\/\/issp-slu.infd.edu.ar\/sitio\/wp-content\/uploads\/2022\/06\/Concaran-1-3-768x576.jpeg 768w\" sizes=\"(max-width: 1040px) 100vw, 1040px\" \/><\/figure><\/div>\n\n\n\n<p class=\"has-text-align-center has-black-color has-luminous-vivid-amber-background-color has-text-color has-background has-medium-font-size\"><strong>Per\u00edodo de Adaptaci\u00f3n &#8211; Aspirantes 2022<\/strong><\/p>\n\n\n\n<figure class=\"wp-block-gallery has-nested-images columns-default is-cropped wp-block-gallery-1 is-layout-flex\">\n<figure class=\"wp-block-image size-large\"><img decoding=\"async\" loading=\"lazy\" width=\"1373\" height=\"785\" data-id=\"3989\"  src=\"https:\/\/issp-slu.infd.edu.ar\/sitio\/wp-content\/uploads\/2022\/11\/Inicio-Periodo-de-Adaptacion-Sub-Ayudante.jpg\" alt=\"\" class=\"wp-image-3989\" srcset=\"https:\/\/issp-slu.infd.edu.ar\/sitio\/wp-content\/uploads\/2022\/11\/Inicio-Periodo-de-Adaptacion-Sub-Ayudante.jpg 1373w, https:\/\/issp-slu.infd.edu.ar\/sitio\/wp-content\/uploads\/2022\/11\/Inicio-Periodo-de-Adaptacion-Sub-Ayudante-1000x572.jpg 1000w, https:\/\/issp-slu.infd.edu.ar\/sitio\/wp-content\/uploads\/2022\/11\/Inicio-Periodo-de-Adaptacion-Sub-Ayudante-768x439.jpg 768w\" sizes=\"(max-width: 1373px) 100vw, 1373px\" \/><figcaption class=\"wp-element-caption\">Fecha de Inicio: 24-octubre-2022<\/figcaption><\/figure>\n\n\n\n<figure class=\"wp-block-image size-large\"><img decoding=\"async\" loading=\"lazy\" width=\"1375\" height=\"803\" data-id=\"3986\"  src=\"https:\/\/issp-slu.infd.edu.ar\/sitio\/wp-content\/uploads\/2022\/11\/Inicio-Periodo-de-Adaptacion-Agentes-Grupo-1.jpg\" alt=\"\" class=\"wp-image-3986\" srcset=\"https:\/\/issp-slu.infd.edu.ar\/sitio\/wp-content\/uploads\/2022\/11\/Inicio-Periodo-de-Adaptacion-Agentes-Grupo-1.jpg 1375w, https:\/\/issp-slu.infd.edu.ar\/sitio\/wp-content\/uploads\/2022\/11\/Inicio-Periodo-de-Adaptacion-Agentes-Grupo-1-1000x584.jpg 1000w, https:\/\/issp-slu.infd.edu.ar\/sitio\/wp-content\/uploads\/2022\/11\/Inicio-Periodo-de-Adaptacion-Agentes-Grupo-1-768x449.jpg 768w\" sizes=\"(max-width: 1375px) 100vw, 1375px\" \/><figcaption class=\"wp-element-caption\">Fecha de Inicio: 24-octubre-2022 (Grupo 1)<\/figcaption><\/figure>\n<\/figure>\n\n\n\n<pre class=\"wp-block-preformatted\">           <a href=\"https:\/\/www.facebook.com\/100066376152119\/videos\/664867191701506\/\">Acceso al video <\/a>(Sub Ayudante Penitenciario - 2022)              ****               <a href=\"https:\/\/www.facebook.com\/100066376152119\/videos\/840211993680772\/\">Acceso al Video<\/a> (Agente de Polic\u00eda - 2022)<\/pre>\n","protected":false},"excerpt":{"rendered":"<p>Videos, 30-06-2021: Fue en el Monumento al Pueblo Puntano de la Independencia, en las Chacras. El mismo cont\u00f3 con la presencia del ministro de Educaci\u00f3n, Andr\u00e9s Dermechkoff; y la rectora del Instituto, Ana Mar\u00eda Abrahim. Video &#8211; Juramento a la Bandera Im\u00e1genes, 16-12-2021: Egreso 2021 &#8211; Cadetes del Instituto Superior de Seguridad P\u00fablica (Cnel. Juan &#8230; <a title=\"Videos\" class=\"read-more\" href=\"https:\/\/issp-slu.infd.edu.ar\/sitio\/galeria-de-fotos\/\" aria-label=\"More on Videos\">[+]<\/a><\/p>\n","protected":false},"author":15,"featured_media":0,"parent":0,"menu_order":0,"comment_status":"closed","ping_status":"closed","template":"","meta":[],"acf":[],"_links":{"self":[{"href":"https:\/\/issp-slu.infd.edu.ar\/sitio\/wp-json\/wp\/v2\/pages\/858"}],"collection":[{"href":"https:\/\/issp-slu.infd.edu.ar\/sitio\/wp-json\/wp\/v2\/pages"}],"about":[{"href":"https:\/\/issp-slu.infd.edu.ar\/sitio\/wp-json\/wp\/v2\/types\/page"}],"author":[{"embeddable":true,"href":"https:\/\/issp-slu.infd.edu.ar\/sitio\/wp-json\/wp\/v2\/users\/15"}],"replies":[{"embeddable":true,"href":"https:\/\/issp-slu.infd.edu.ar\/sitio\/wp-json\/wp\/v2\/comments?post=858"}],"version-history":[{"count":32,"href":"https:\/\/issp-slu.infd.edu.ar\/sitio\/wp-json\/wp\/v2\/pages\/858\/revisions"}],"predecessor-version":[{"id":4704,"href":"https:\/\/issp-slu.infd.edu.ar\/sitio\/wp-json\/wp\/v2\/pages\/858\/revisions\/4704"}],"wp:attachment":[{"href":"https:\/\/issp-slu.infd.edu.ar\/sitio\/wp-json\/wp\/v2\/media?parent=858"}],"curies":[{"name":"wp","href":"https:\/\/api.w.org\/{rel}","templated":true}]}}